{"id":150052,"date":"2025-03-18T19:55:27","date_gmt":"2025-03-18T17:55:27","guid":{"rendered":"https:\/\/exlibris.ee\/toode\/linie-1-beruf-b2-aktualisierte-ausgabe-paket-aus-bruckenement-basiskurs-b2-hybrid-allango\/"},"modified":"2026-04-04T21:14:18","modified_gmt":"2026-04-04T18:14:18","slug":"linie-1-beruf-b2-aktualisierte-ausgabe-paket-aus-bruckenement-basiskurs-b2-hybrid-allango","status":"publish","type":"product","link":"https:\/\/exlibris.ee\/en\/product\/linie-1-beruf-b2-aktualisierte-ausgabe-paket-aus-bruckenement-basiskurs-b2-hybrid-allango\/","title":{"rendered":"Linie 1 Beruf B2 Aktualisierte Ausgabe Paket aus Br\u00fcckenement + Basiskurs B2 &#8211; hybrid allango"},"content":{"rendered":"<p>Mit der Hybriden Ausgabe erhalten Sie in der Printausgabe einen eingedruckten Lizenzschl\u00fcssel (f\u00fcr Unterrichtende und Lernende) zur Digitalen Ausgabe. So steht Ihnen das Buch auf der Lernplattform allango auch digital zur Verf\u00fcgung und Sie haben digitale Medieninhalte sofort griffbereit. Das kosteng\u00fcnstige Paket Linie 1 Beruf beinhaltet die Kurs- und \u00dcbungsb\u00fccher &#8211; Linie 1 Beruf B1\/B2 Br\u00fcckenelement und &#8211; Linie 1 Beruf B2 und deckt damit die 500 Unterrichtseinheiten inklusive Br\u00fcckenelement im Rahmen der bundesweiten berufsbezogenen Deutschsprachf\u00f6rderung (DeuF\u00f6V) ab. &#8211; Br\u00fcckenelement mit 100 Unterrichtseinheiten &#8211; Basiskurs B2 mit 400 Unterrichtseinheiten &#8211; 24 Monate<\/p>\n","protected":false},"excerpt":{"rendered":"<p>Mit der Hybriden Ausgabe erhalten Sie in der Printausgabe einen eingedruckten Lizenzschl\u00fcssel (f\u00fcr Unterrichtende und Lernende) zur Digitalen Ausgabe. So steht Ihnen das Buch auf der Lernplattform allango auch digital zur Verf\u00fcgung und Sie haben digitale Medieninhalte sofort griffbereit. Das&#8230;<\/p>\n","protected":false},"featured_media":149947,"template":"","meta":{"_acf_changed":false,"inline_featured_image":false},"product_brand":[],"product_cat":[538],"product_tag":[],"series":[{"id":915,"name":"Linie 1 Beruf","slug":"linie-1-beruf"}],"publisher":[{"id":473,"name":"Klett Verlag","slug":"klett-verlag"}],"class_list":{"0":"post-150052","1":"product","2":"type-product","3":"status-publish","4":"has-post-thumbnail","6":"product_cat-lehrwerke-fur-erwachsene","7":"series-linie-1-beruf","8":"publisher-klett-verlag","10":"first","11":"onbackorder","12":"taxable","13":"shipping-taxable","14":"purchasable","15":"product-type-simple"},"acf":[],"_links":{"self":[{"href":"https:\/\/exlibris.ee\/en\/wp-json\/wp\/v2\/product\/150052","targetHints":{"allow":["GET"]}}],"collection":[{"href":"https:\/\/exlibris.ee\/en\/wp-json\/wp\/v2\/product"}],"about":[{"href":"https:\/\/exlibris.ee\/en\/wp-json\/wp\/v2\/types\/product"}],"wp:featuredmedia":[{"embeddable":true,"href":"https:\/\/exlibris.ee\/en\/wp-json\/wp\/v2\/media\/149947"}],"wp:attachment":[{"href":"https:\/\/exlibris.ee\/en\/wp-json\/wp\/v2\/media?parent=150052"}],"wp:term":[{"taxonomy":"product_brand","embeddable":true,"href":"https:\/\/exlibris.ee\/en\/wp-json\/wp\/v2\/product_brand?post=150052"},{"taxonomy":"product_cat","embeddable":true,"href":"https:\/\/exlibris.ee\/en\/wp-json\/wp\/v2\/product_cat?post=150052"},{"taxonomy":"product_tag","embeddable":true,"href":"https:\/\/exlibris.ee\/en\/wp-json\/wp\/v2\/product_tag?post=150052"},{"taxonomy":"series","embeddable":true,"href":"https:\/\/exlibris.ee\/en\/wp-json\/wp\/v2\/series?post=150052"},{"taxonomy":"publisher","embeddable":true,"href":"https:\/\/exlibris.ee\/en\/wp-json\/wp\/v2\/publisher?post=150052"}],"curies":[{"name":"wp","href":"https:\/\/api.w.org\/{rel}","templated":true}]}}