{"id":150053,"date":"2025-03-18T19:55:27","date_gmt":"2025-03-18T17:55:27","guid":{"rendered":"https:\/\/exlibris.ee\/toode\/die-neue-linie-1-a2-kurs-ubungsbuch-hybrid-allango\/"},"modified":"2026-04-13T23:26:59","modified_gmt":"2026-04-13T20:26:59","slug":"die-neue-linie-1-a2-kurs-ubungsbuch-hybrid-allango","status":"publish","type":"product","link":"https:\/\/exlibris.ee\/en\/product\/die-neue-linie-1-a2-kurs-ubungsbuch-hybrid-allango\/","title":{"rendered":"Die neue Linie 1 A2 Kurs-\/\u00dcbungsbuch &#8211; hybrid allango"},"content":{"rendered":"<p>Mit der Hybriden Ausgabe erhalten Sie in der Printausgabe einen eingedruckten Lizenzschl\u00fcssel (f\u00fcr Unterrichtende und Lernende) zur Digitalen Ausgabe. So steht Ihnen das Buch auf der Lernplattform allango auch digital zur Verf\u00fcgung und Sie haben digitale Medieninhalte sofort griffbereit. Die neue Linie 1 f\u00fchrt jugendliche und erwachsene Lernende in heterogenen Lerngruppen zielsicher und zuverl\u00e4ssig zu den Niveaus A1, A2 und B1. Einfach unterrichten \u2013 leicht lernen &#8211; Schnelle Zug\u00e4nglichkeit durch \u00fcbersichtliche und kleinschrittige Lernsequenzen &#8211; Binnendifferenzierung durch alternative Aufgaben und Zusatzmaterialien &#8211; Individuelle Vertiefung durch ein breites digitales Angebot: Videoclips zu Grammatik, Aussprache und Kommunikation, Wortschatzspiele, Online-\u00dcbungen u.v.m. &#8211; Flexibles Lehren und Lernen im Pr\u00e4senz-, Online- und Blended-Learning-Unterricht durch verschiedene Ausgaben (Print und Digital) &#8211; Sprachlich handeln in Alltag und Beruf &#8211; Handlungsorientierte Aufgaben zu allen vier Fertigkeiten &#8211; Beispiele f\u00fcr erfolgreiche Kommunikation im Alltag durch Szenarien &#8211; Aktivierung der Lernenden zu eigenst\u00e4ndigem Sprachhandeln &#8211; Erfolge erleben und die Pr\u00fcfung bestehen &#8211; Regelm\u00e4\u00dfige Lernerfolgskontrollen durch Kapitel- und Zwischentests sowie Testtrainings &#8211; Intensive Vorbereitung auf die Pr\u00fcfungen telc Deutsch A1 und A2 (Start Deutsch 1 und 2), Goethe-Zertifikat A1 und A2, Deutsch-Test f\u00fcr Zuwanderer (DTZ), telc Deutsch B1 (Zertifikat Deutsch) und Goethe-\/\u00d6SD-Zertifikat B1 &#8211; 24 Monate<\/p>\n","protected":false},"excerpt":{"rendered":"<p>Mit der Hybriden Ausgabe erhalten Sie in der Printausgabe einen eingedruckten Lizenzschl\u00fcssel (f\u00fcr Unterrichtende und Lernende) zur Digitalen Ausgabe. So steht Ihnen das Buch auf der Lernplattform allango auch digital zur Verf\u00fcgung und Sie haben digitale Medieninhalte sofort griffbereit. Die&#8230;<\/p>\n","protected":false},"featured_media":251815,"template":"","meta":{"_acf_changed":false,"inline_featured_image":false},"product_brand":[],"product_cat":[538],"product_tag":[],"series":[{"id":1389,"name":"Die neue Linie 1","slug":"die-neue-linie-1"}],"publisher":[{"id":473,"name":"Klett Verlag","slug":"klett-verlag"}],"class_list":{"0":"post-150053","1":"product","2":"type-product","3":"status-publish","4":"has-post-thumbnail","6":"product_cat-lehrwerke-fur-erwachsene","7":"series-die-neue-linie-1","8":"publisher-klett-verlag","10":"first","11":"onbackorder","12":"taxable","13":"shipping-taxable","14":"purchasable","15":"product-type-simple"},"acf":[],"_links":{"self":[{"href":"https:\/\/exlibris.ee\/en\/wp-json\/wp\/v2\/product\/150053","targetHints":{"allow":["GET"]}}],"collection":[{"href":"https:\/\/exlibris.ee\/en\/wp-json\/wp\/v2\/product"}],"about":[{"href":"https:\/\/exlibris.ee\/en\/wp-json\/wp\/v2\/types\/product"}],"wp:featuredmedia":[{"embeddable":true,"href":"https:\/\/exlibris.ee\/en\/wp-json\/wp\/v2\/media\/251815"}],"wp:attachment":[{"href":"https:\/\/exlibris.ee\/en\/wp-json\/wp\/v2\/media?parent=150053"}],"wp:term":[{"taxonomy":"product_brand","embeddable":true,"href":"https:\/\/exlibris.ee\/en\/wp-json\/wp\/v2\/product_brand?post=150053"},{"taxonomy":"product_cat","embeddable":true,"href":"https:\/\/exlibris.ee\/en\/wp-json\/wp\/v2\/product_cat?post=150053"},{"taxonomy":"product_tag","embeddable":true,"href":"https:\/\/exlibris.ee\/en\/wp-json\/wp\/v2\/product_tag?post=150053"},{"taxonomy":"series","embeddable":true,"href":"https:\/\/exlibris.ee\/en\/wp-json\/wp\/v2\/series?post=150053"},{"taxonomy":"publisher","embeddable":true,"href":"https:\/\/exlibris.ee\/en\/wp-json\/wp\/v2\/publisher?post=150053"}],"curies":[{"name":"wp","href":"https:\/\/api.w.org\/{rel}","templated":true}]}}