{"id":150055,"date":"2025-03-18T19:55:28","date_gmt":"2025-03-18T17:55:28","guid":{"rendered":"https:\/\/exlibris.ee\/toode\/die-neue-linie-1-a2-intensivtrainer\/"},"modified":"2026-04-13T23:27:00","modified_gmt":"2026-04-13T20:27:00","slug":"die-neue-linie-1-a2-intensivtrainer","status":"publish","type":"product","link":"https:\/\/exlibris.ee\/en\/product\/die-neue-linie-1-a2-intensivtrainer\/","title":{"rendered":"Die neue Linie 1 A2 Intensivtrainer"},"content":{"rendered":"<p>Sechs Seiten mit abwechslungsreichen \u00dcbungen zu jedem Kapitel des Kurs- und \u00dcbungsbuchs &#8211; Intensive Festigung von Wortschatz und Grammatik &#8211; Training der wichtigsten W\u00f6rter und Alltagsausdr\u00fccke aus dem jeweiligen Kapitel &#8211; F\u00f6rderung der selbstst\u00e4ndige Spracherweiterung in den Rubriken \u201eIhre W\u00f6rter und S\u00e4tze\u201c und \u201eIhr Text\u201c &#8211; Nach jeweils vier Kapiteln \u201eWas kann ich\u201c-Seiten zur selbstst\u00e4ndigen Lernstandkontrolle &#8211; Mit L\u00f6sungsschl\u00fcssel zu allen \u00dcbungen<\/p>\n","protected":false},"excerpt":{"rendered":"<p>Sechs Seiten mit abwechslungsreichen \u00dcbungen zu jedem Kapitel des Kurs- und \u00dcbungsbuchs &#8211; Intensive Festigung von Wortschatz und Grammatik &#8211; Training der wichtigsten W\u00f6rter und Alltagsausdr\u00fccke aus dem jeweiligen Kapitel &#8211; F\u00f6rderung der selbstst\u00e4ndige Spracherweiterung in den Rubriken \u201eIhre W\u00f6rter&#8230;<\/p>\n","protected":false},"featured_media":251817,"template":"","meta":{"_acf_changed":false,"inline_featured_image":false},"product_brand":[],"product_cat":[538],"product_tag":[],"series":[{"id":1389,"name":"Die neue Linie 1","slug":"die-neue-linie-1"}],"publisher":[{"id":473,"name":"Klett Verlag","slug":"klett-verlag"}],"class_list":{"0":"post-150055","1":"product","2":"type-product","3":"status-publish","4":"has-post-thumbnail","6":"product_cat-lehrwerke-fur-erwachsene","7":"series-die-neue-linie-1","8":"publisher-klett-verlag","10":"first","11":"onbackorder","12":"taxable","13":"shipping-taxable","14":"purchasable","15":"product-type-simple"},"acf":[],"_links":{"self":[{"href":"https:\/\/exlibris.ee\/en\/wp-json\/wp\/v2\/product\/150055","targetHints":{"allow":["GET"]}}],"collection":[{"href":"https:\/\/exlibris.ee\/en\/wp-json\/wp\/v2\/product"}],"about":[{"href":"https:\/\/exlibris.ee\/en\/wp-json\/wp\/v2\/types\/product"}],"wp:featuredmedia":[{"embeddable":true,"href":"https:\/\/exlibris.ee\/en\/wp-json\/wp\/v2\/media\/251817"}],"wp:attachment":[{"href":"https:\/\/exlibris.ee\/en\/wp-json\/wp\/v2\/media?parent=150055"}],"wp:term":[{"taxonomy":"product_brand","embeddable":true,"href":"https:\/\/exlibris.ee\/en\/wp-json\/wp\/v2\/product_brand?post=150055"},{"taxonomy":"product_cat","embeddable":true,"href":"https:\/\/exlibris.ee\/en\/wp-json\/wp\/v2\/product_cat?post=150055"},{"taxonomy":"product_tag","embeddable":true,"href":"https:\/\/exlibris.ee\/en\/wp-json\/wp\/v2\/product_tag?post=150055"},{"taxonomy":"series","embeddable":true,"href":"https:\/\/exlibris.ee\/en\/wp-json\/wp\/v2\/series?post=150055"},{"taxonomy":"publisher","embeddable":true,"href":"https:\/\/exlibris.ee\/en\/wp-json\/wp\/v2\/publisher?post=150055"}],"curies":[{"name":"wp","href":"https:\/\/api.w.org\/{rel}","templated":true}]}}