{"id":150056,"date":"2025-03-18T19:55:28","date_gmt":"2025-03-18T17:55:28","guid":{"rendered":"https:\/\/exlibris.ee\/toode\/die-neue-linie-1-a2-testheft\/"},"modified":"2026-04-14T19:15:52","modified_gmt":"2026-04-14T16:15:52","slug":"die-neue-linie-1-a2-testheft","status":"publish","type":"product","link":"https:\/\/exlibris.ee\/en\/product\/die-neue-linie-1-a2-testheft\/","title":{"rendered":"Die neue Linie 1 A2 Testheft"},"content":{"rendered":"<p>Vier Seiten mit Lernfortschrittstest zu jedem Kapitel des Kurs- und \u00dcbungsbuchs. &#8211; Training zu Wortschatz, Grammatik, H\u00f6rverstehen und Redemitteln &#8211; Vorbereitung auf die Pr\u00fcfungen Deutsch-Test f\u00fcr Zuwanderer (DTZ), telc Deutsch A2 (Start Deutsch 2) und Goethe-Zertifikat A2 &#8211; Testaufgaben zu den Fertigkeiten H\u00f6ren, Lesen, Schreiben und Sprechen im Pr\u00fcfungsformat &#8211; Zwischentest im Pr\u00fcfungsformat nach jeweils acht Kapiteln &#8211; Mit Audios und Transkripten &#8211; L\u00f6sungsschl\u00fcssel zur Selbstkontrolle<\/p>\n","protected":false},"excerpt":{"rendered":"<p>Vier Seiten mit Lernfortschrittstest zu jedem Kapitel des Kurs- und \u00dcbungsbuchs. &#8211; Training zu Wortschatz, Grammatik, H\u00f6rverstehen und Redemitteln &#8211; Vorbereitung auf die Pr\u00fcfungen Deutsch-Test f\u00fcr Zuwanderer (DTZ), telc Deutsch A2 (Start Deutsch 2) und Goethe-Zertifikat A2 &#8211; Testaufgaben zu&#8230;<\/p>\n","protected":false},"featured_media":268728,"template":"","meta":{"_acf_changed":false,"inline_featured_image":false},"product_brand":[],"product_cat":[538],"product_tag":[],"series":[{"id":1389,"name":"Die neue Linie 1","slug":"die-neue-linie-1"}],"publisher":[{"id":473,"name":"Klett Verlag","slug":"klett-verlag"}],"class_list":{"0":"post-150056","1":"product","2":"type-product","3":"status-publish","4":"has-post-thumbnail","6":"product_cat-lehrwerke-fur-erwachsene","7":"series-die-neue-linie-1","8":"publisher-klett-verlag","10":"first","11":"onbackorder","12":"taxable","13":"shipping-taxable","14":"purchasable","15":"product-type-simple"},"acf":[],"_links":{"self":[{"href":"https:\/\/exlibris.ee\/en\/wp-json\/wp\/v2\/product\/150056","targetHints":{"allow":["GET"]}}],"collection":[{"href":"https:\/\/exlibris.ee\/en\/wp-json\/wp\/v2\/product"}],"about":[{"href":"https:\/\/exlibris.ee\/en\/wp-json\/wp\/v2\/types\/product"}],"wp:featuredmedia":[{"embeddable":true,"href":"https:\/\/exlibris.ee\/en\/wp-json\/wp\/v2\/media\/268728"}],"wp:attachment":[{"href":"https:\/\/exlibris.ee\/en\/wp-json\/wp\/v2\/media?parent=150056"}],"wp:term":[{"taxonomy":"product_brand","embeddable":true,"href":"https:\/\/exlibris.ee\/en\/wp-json\/wp\/v2\/product_brand?post=150056"},{"taxonomy":"product_cat","embeddable":true,"href":"https:\/\/exlibris.ee\/en\/wp-json\/wp\/v2\/product_cat?post=150056"},{"taxonomy":"product_tag","embeddable":true,"href":"https:\/\/exlibris.ee\/en\/wp-json\/wp\/v2\/product_tag?post=150056"},{"taxonomy":"series","embeddable":true,"href":"https:\/\/exlibris.ee\/en\/wp-json\/wp\/v2\/series?post=150056"},{"taxonomy":"publisher","embeddable":true,"href":"https:\/\/exlibris.ee\/en\/wp-json\/wp\/v2\/publisher?post=150056"}],"curies":[{"name":"wp","href":"https:\/\/api.w.org\/{rel}","templated":true}]}}