{"id":150073,"date":"2025-03-18T19:55:32","date_gmt":"2025-03-18T17:55:32","guid":{"rendered":"https:\/\/exlibris.ee\/toode\/linie-1-kurs-und-ubungsbuch-b2-1-bruckenkurs-hybrid-allango\/"},"modified":"2026-04-07T21:16:48","modified_gmt":"2026-04-07T18:16:48","slug":"linie-1-kurs-und-ubungsbuch-b2-1-bruckenkurs-hybrid-allango","status":"publish","type":"product","link":"https:\/\/exlibris.ee\/en\/product\/linie-1-kurs-und-ubungsbuch-b2-1-bruckenkurs-hybrid-allango\/","title":{"rendered":"Linie 1, Kurs- und \u00dcbungsbuch B2.1 Br\u00fcckenkurs &#8211; hybrid allango"},"content":{"rendered":"<p>Mit der Hybriden Ausgabe erhalten Sie in der Printausgabe einen eingedruckten Lizenzschl\u00fcssel (f\u00fcr Unterrichtende und Lernende) zur Digitalen Ausgabe. So steht Ihnen das Buch auf der Lernplattform allango auch digital zur Verf\u00fcgung und Sie haben digitale Medieninhalte sofort griffbereit. Der Teilband B1+\/B2.1 wiederholt B1-Inhalte und schafft einen sanften \u00dcbergang zu B2: Linie 1 B2 ist auf die Bed\u00fcrfnisse der Lernenden abgestimmt &#8211; Schnell fit f\u00fcr Alltags- und Berufsleben &#8211; Sprachhandeln als erstes Ziel &#8211; Erfolgserlebnisse f\u00f6rdern Linie 1 B2 vernetzt die Buchinhalte mit neuen Medien &#8211; Mit motivierenden Video-Clips und umfangreichem Audio-Material &#8211; Mit interaktiven PDFs und Tafelbildern &#8211; Online-\u00dcbungen zum abwechslungsreichen Vertiefen und Festigen Linie 1 B2 eignet sich f\u00fcr jugendliche und erwachsene Lernende und richtet den Fokus verst\u00e4rkt auf den beruflichen Aspekt &#8211; F\u00fchrt aktiv und sicher zum Niveau B2 &#8211; Bereitet auf die Pr\u00fcfungen telc Deutsch B1 \u00b7 B2 Beruf und telc Deutsch B2 vor &#8211; 24 Monate<\/p>\n","protected":false},"excerpt":{"rendered":"<p>Mit der Hybriden Ausgabe erhalten Sie in der Printausgabe einen eingedruckten Lizenzschl\u00fcssel (f\u00fcr Unterrichtende und Lernende) zur Digitalen Ausgabe. So steht Ihnen das Buch auf der Lernplattform allango auch digital zur Verf\u00fcgung und Sie haben digitale Medieninhalte sofort griffbereit. Der&#8230;<\/p>\n","protected":false},"featured_media":150010,"template":"","meta":{"_acf_changed":false,"inline_featured_image":false},"product_brand":[],"product_cat":[538],"product_tag":[],"series":[{"id":914,"name":"Linie 1","slug":"linie-1"}],"publisher":[{"id":473,"name":"Klett Verlag","slug":"klett-verlag"}],"class_list":{"0":"post-150073","1":"product","2":"type-product","3":"status-publish","4":"has-post-thumbnail","6":"product_cat-lehrwerke-fur-erwachsene","7":"series-linie-1","8":"publisher-klett-verlag","10":"first","11":"onbackorder","12":"taxable","13":"shipping-taxable","14":"purchasable","15":"product-type-simple"},"acf":[],"_links":{"self":[{"href":"https:\/\/exlibris.ee\/en\/wp-json\/wp\/v2\/product\/150073","targetHints":{"allow":["GET"]}}],"collection":[{"href":"https:\/\/exlibris.ee\/en\/wp-json\/wp\/v2\/product"}],"about":[{"href":"https:\/\/exlibris.ee\/en\/wp-json\/wp\/v2\/types\/product"}],"wp:featuredmedia":[{"embeddable":true,"href":"https:\/\/exlibris.ee\/en\/wp-json\/wp\/v2\/media\/150010"}],"wp:attachment":[{"href":"https:\/\/exlibris.ee\/en\/wp-json\/wp\/v2\/media?parent=150073"}],"wp:term":[{"taxonomy":"product_brand","embeddable":true,"href":"https:\/\/exlibris.ee\/en\/wp-json\/wp\/v2\/product_brand?post=150073"},{"taxonomy":"product_cat","embeddable":true,"href":"https:\/\/exlibris.ee\/en\/wp-json\/wp\/v2\/product_cat?post=150073"},{"taxonomy":"product_tag","embeddable":true,"href":"https:\/\/exlibris.ee\/en\/wp-json\/wp\/v2\/product_tag?post=150073"},{"taxonomy":"series","embeddable":true,"href":"https:\/\/exlibris.ee\/en\/wp-json\/wp\/v2\/series?post=150073"},{"taxonomy":"publisher","embeddable":true,"href":"https:\/\/exlibris.ee\/en\/wp-json\/wp\/v2\/publisher?post=150073"}],"curies":[{"name":"wp","href":"https:\/\/api.w.org\/{rel}","templated":true}]}}