{"id":150075,"date":"2025-03-18T19:55:33","date_gmt":"2025-03-18T17:55:33","guid":{"rendered":"https:\/\/exlibris.ee\/toode\/linie-1-einstiegskurs-kursbuch-hybrid-allango\/"},"modified":"2026-04-07T21:16:48","modified_gmt":"2026-04-07T18:16:48","slug":"linie-1-einstiegskurs-kursbuch-hybrid-allango","status":"publish","type":"product","link":"https:\/\/exlibris.ee\/en\/product\/linie-1-einstiegskurs-kursbuch-hybrid-allango\/","title":{"rendered":"Linie 1, Einstiegskurs, Kursbuch &#8211; hybrid allango"},"content":{"rendered":"<p>Mit der Hybriden Ausgabe erhalten Sie in der Printausgabe einen eingedruckten Lizenzschl\u00fcssel (f\u00fcr Unterrichtende und Lernende) zur Digitalen Ausgabe. So steht Ihnen das Buch auf der Lernplattform allango auch digital zur Verf\u00fcgung und Sie haben digitale Medieninhalte sofort griffbereit. Der Linie 1 Einstiegskurs bietet unge\u00fcbten Lernenden einen motivierenden Einstieg in die deutsche Sprache. Er bereitet optimal auf Integrationskurse vor &#8211; zum Beispiel nach Alphabetisierungskursen oder dem Zweitschrifterwerb. Er ist flexibel und lehrwerksunabh\u00e4ngig einsetzbar und sowohl f\u00fcr haupt- als auch f\u00fcr ehrenamtliche Kursleitende geeignet. &#8211; Wortschatz und Basisredemittel zu 10 elementaren Themen des Alltags &#8211; Sehr sanfte Progression und einfache, alltagsbezogene Aufgaben &#8211; Aktivierung zum Sprachhandeln &#8211; Interkulturelle Werte f\u00fcr ein erfolgreiches Zusammenleben &#8211; Spezielles Training f\u00fcr Zweitschriftlernende &#8211; H\u00f6rtexte und \u00dcbersetzungen online verf\u00fcgbar &#8211; Umfangreiches Zusatzangebot Online (Lehrerhandreichung, H\u00f6rtexte, Transkripte u.v.m.) &#8211; 24 Monate<\/p>\n","protected":false},"excerpt":{"rendered":"<p>Mit der Hybriden Ausgabe erhalten Sie in der Printausgabe einen eingedruckten Lizenzschl\u00fcssel (f\u00fcr Unterrichtende und Lernende) zur Digitalen Ausgabe. So steht Ihnen das Buch auf der Lernplattform allango auch digital zur Verf\u00fcgung und Sie haben digitale Medieninhalte sofort griffbereit. Der&#8230;<\/p>\n","protected":false},"featured_media":150016,"template":"","meta":{"_acf_changed":false,"inline_featured_image":false},"product_brand":[],"product_cat":[538],"product_tag":[],"series":[{"id":914,"name":"Linie 1","slug":"linie-1"}],"publisher":[{"id":473,"name":"Klett Verlag","slug":"klett-verlag"}],"class_list":{"0":"post-150075","1":"product","2":"type-product","3":"status-publish","4":"has-post-thumbnail","6":"product_cat-lehrwerke-fur-erwachsene","7":"series-linie-1","8":"publisher-klett-verlag","10":"first","11":"onbackorder","12":"taxable","13":"shipping-taxable","14":"purchasable","15":"product-type-simple"},"acf":[],"_links":{"self":[{"href":"https:\/\/exlibris.ee\/en\/wp-json\/wp\/v2\/product\/150075","targetHints":{"allow":["GET"]}}],"collection":[{"href":"https:\/\/exlibris.ee\/en\/wp-json\/wp\/v2\/product"}],"about":[{"href":"https:\/\/exlibris.ee\/en\/wp-json\/wp\/v2\/types\/product"}],"wp:featuredmedia":[{"embeddable":true,"href":"https:\/\/exlibris.ee\/en\/wp-json\/wp\/v2\/media\/150016"}],"wp:attachment":[{"href":"https:\/\/exlibris.ee\/en\/wp-json\/wp\/v2\/media?parent=150075"}],"wp:term":[{"taxonomy":"product_brand","embeddable":true,"href":"https:\/\/exlibris.ee\/en\/wp-json\/wp\/v2\/product_brand?post=150075"},{"taxonomy":"product_cat","embeddable":true,"href":"https:\/\/exlibris.ee\/en\/wp-json\/wp\/v2\/product_cat?post=150075"},{"taxonomy":"product_tag","embeddable":true,"href":"https:\/\/exlibris.ee\/en\/wp-json\/wp\/v2\/product_tag?post=150075"},{"taxonomy":"series","embeddable":true,"href":"https:\/\/exlibris.ee\/en\/wp-json\/wp\/v2\/series?post=150075"},{"taxonomy":"publisher","embeddable":true,"href":"https:\/\/exlibris.ee\/en\/wp-json\/wp\/v2\/publisher?post=150075"}],"curies":[{"name":"wp","href":"https:\/\/api.w.org\/{rel}","templated":true}]}}