{"id":150084,"date":"2025-03-18T19:55:35","date_gmt":"2025-03-18T17:55:35","guid":{"rendered":"https:\/\/exlibris.ee\/toode\/linie-1-pflege-b2-kurs-ubungsbuch-hybrid-allango\/"},"modified":"2026-04-07T21:16:48","modified_gmt":"2026-04-07T18:16:48","slug":"linie-1-pflege-b2-kurs-ubungsbuch-hybrid-allango","status":"publish","type":"product","link":"https:\/\/exlibris.ee\/en\/product\/linie-1-pflege-b2-kurs-ubungsbuch-hybrid-allango\/","title":{"rendered":"Linie 1 Pflege B2, Kurs-\/\u00dcbungsbuch &#8211; hybrid allango"},"content":{"rendered":"<p>Mit der Hybriden Ausgabe erhalten Sie in der Printausgabe einen eingedruckten Lizenzschl\u00fcssel (f\u00fcr Unterrichtende und Lernende) zur Digitalen Ausgabe. So steht Ihnen das Buch auf der Lernplattform allango auch digital zur Verf\u00fcgung und Sie haben digitale Medieninhalte sofort griffbereit. Das kurstragende Lehrwerk Linie 1 Pflege vermittelt Deutsch f\u00fcr Pflegepersonal auf dem Niveau B2 und deckt die Fachbereiche Gesundheits- und Kranken- sowie Altenpflege, Geburtshilfe, Physiotherapie und ambulante Pflege ab. &#8211; Training von berufsspezifischen F\u00e4higkeiten und Kompetenzen sowie sprachlichem Handeln in Pflegeberufen mithilfe von Szenarien &#8211; Kommunikation anhand von Fallbeispielen &#8211; Authentische Schaupl\u00e4tze und Situationen mit Pflegefachkr\u00e4ften als Protagonisten &#8211; Modular einsetzbar &#8211; Vermittlung von Wortschatz und Redemitteln aus der Pflege &#8211; Grammatikvermittlung auf dem Niveau B2 und Wiederholung relevanter Grammatikinhalte von A1 bis B1 &#8211; Originalformulare und -dokumente aus der Pflege &#8211; Adressatengerechte Vermittlung der Lernziele des Gemeinsamen Europ\u00e4ischen Referenzrahmens und des neuen GER-Begleitbandes, u.a. in den Bereichen Sprachmittlung und Online-Kommunikation &#8211; Konzipiert f\u00fcr den Einsatz im Sprachunterricht mit Pflegefachkr\u00e4ften im Spezialmodul Gesundheitsfachberufe &#8211; Vorbereitung auf die Pr\u00fcfungen telc Deutsch B1\u00b7B2 Pflege und Goethe-Test PRO Pflege &#8211; 24 Monate<\/p>\n","protected":false},"excerpt":{"rendered":"<p>Mit der Hybriden Ausgabe erhalten Sie in der Printausgabe einen eingedruckten Lizenzschl\u00fcssel (f\u00fcr Unterrichtende und Lernende) zur Digitalen Ausgabe. So steht Ihnen das Buch auf der Lernplattform allango auch digital zur Verf\u00fcgung und Sie haben digitale Medieninhalte sofort griffbereit. Das&#8230;<\/p>\n","protected":false},"featured_media":150043,"template":"","meta":{"_acf_changed":false,"inline_featured_image":false},"product_brand":[],"product_cat":[538],"product_tag":[],"series":[{"id":914,"name":"Linie 1","slug":"linie-1"}],"publisher":[{"id":473,"name":"Klett Verlag","slug":"klett-verlag"}],"class_list":{"0":"post-150084","1":"product","2":"type-product","3":"status-publish","4":"has-post-thumbnail","6":"product_cat-lehrwerke-fur-erwachsene","7":"series-linie-1","8":"publisher-klett-verlag","10":"first","11":"onbackorder","12":"taxable","13":"shipping-taxable","14":"purchasable","15":"product-type-simple"},"acf":[],"_links":{"self":[{"href":"https:\/\/exlibris.ee\/en\/wp-json\/wp\/v2\/product\/150084","targetHints":{"allow":["GET"]}}],"collection":[{"href":"https:\/\/exlibris.ee\/en\/wp-json\/wp\/v2\/product"}],"about":[{"href":"https:\/\/exlibris.ee\/en\/wp-json\/wp\/v2\/types\/product"}],"wp:featuredmedia":[{"embeddable":true,"href":"https:\/\/exlibris.ee\/en\/wp-json\/wp\/v2\/media\/150043"}],"wp:attachment":[{"href":"https:\/\/exlibris.ee\/en\/wp-json\/wp\/v2\/media?parent=150084"}],"wp:term":[{"taxonomy":"product_brand","embeddable":true,"href":"https:\/\/exlibris.ee\/en\/wp-json\/wp\/v2\/product_brand?post=150084"},{"taxonomy":"product_cat","embeddable":true,"href":"https:\/\/exlibris.ee\/en\/wp-json\/wp\/v2\/product_cat?post=150084"},{"taxonomy":"product_tag","embeddable":true,"href":"https:\/\/exlibris.ee\/en\/wp-json\/wp\/v2\/product_tag?post=150084"},{"taxonomy":"series","embeddable":true,"href":"https:\/\/exlibris.ee\/en\/wp-json\/wp\/v2\/series?post=150084"},{"taxonomy":"publisher","embeddable":true,"href":"https:\/\/exlibris.ee\/en\/wp-json\/wp\/v2\/publisher?post=150084"}],"curies":[{"name":"wp","href":"https:\/\/api.w.org\/{rel}","templated":true}]}}