{"id":150101,"date":"2025-03-18T19:58:35","date_gmt":"2025-03-18T17:58:35","guid":{"rendered":"https:\/\/exlibris.ee\/toode\/deutsche-grammatik-mal-vier-buch-mit-audios\/"},"modified":"2026-04-05T15:21:36","modified_gmt":"2026-04-05T12:21:36","slug":"deutsche-grammatik-mal-vier-buch-mit-audios","status":"publish","type":"product","link":"https:\/\/exlibris.ee\/en\/product\/deutsche-grammatik-mal-vier-buch-mit-audios\/","title":{"rendered":"Deutsche Grammatik mal vier, Buch mit Audios"},"content":{"rendered":"<p>Vier Seiten pro Thema &#8211; Vier zentrale Aspekte: Wissen \u2013 Training \u2013 Texte \u2013 Landeskunde &#8211; In vier Schritten zum Grammatik-Profi: verstehen \u2013 \u00fcben \u2013 vertiefen \u2013 k\u00f6nnen Leicht verst\u00e4ndliche Erkl\u00e4rungen, abwechslungsreiche Aufgaben und viele wichtige Zusatzinformationen: Diese \u00dcbungsgrammatik vermittelt, trainiert und festigt das Grammatikwissen. Sie verkn\u00fcpft zudem das \u00dcben mit verschiedenen Textsorten, thematisch passendem Wortschatz sowie landeskundlichen Themen aus Alltag, Kultur und Freizeit in Deutschland, \u00d6sterreich und der Schweiz. &#8211; Neu und anders: Jedes Thema wird mit authentischen Texten ge\u00fcbt: Zeitungsartikel, Bericht, Ratgeber, Reisef\u00fchrer, Leserbrief, Blog, Dialog, Chat, E-Mail etc. Jedes Kapitel wird mit einem landeskundlichen Aspekt verkn\u00fcpft. &#8211; 4-Seiten-Prinzip: &#8211; Seite 1 + 2: Erkl\u00e4rungen und einfachere \u00dcbungen (Form) &#8211; Seite 3 + 4: anspruchsvollere \u00dcbungen (Anwendung) &#8211; Schritt f\u00fcr Schritt: Jedes Thema wird in vielen \u00dcbungen \u2013 von einfach bis komplex \u2013 trainiert. &#8211; Hilfreich: Schwierige W\u00f6rter und n\u00fctzliche Begriffe werden erkl\u00e4rt oder visualisiert. &#8211; Mit vielen Extras: &#8211; &#8211; Audio\u00fcbungen: Grammatik wird aktiv durch H\u00f6ren und Sprechen ge\u00fcbt. &#8211; &#8211; Partneraufgaben &#8211; &#8211; Wiederholungskapitel zur \u00dcberpr\u00fcfung der Grammatikkenntnisse &#8211; &#8211; Hilfreiche \u00dcbersichten zu ausgew\u00e4hlten Themen, z. B. Verben mit Pr\u00e4positionen &#8211; &#8211; L\u00f6sungen und Register<\/p>\n","protected":false},"excerpt":{"rendered":"<p>Vier Seiten pro Thema &#8211; Vier zentrale Aspekte: Wissen \u2013 Training \u2013 Texte \u2013 Landeskunde &#8211; In vier Schritten zum Grammatik-Profi: verstehen \u2013 \u00fcben \u2013 vertiefen \u2013 k\u00f6nnen Leicht verst\u00e4ndliche Erkl\u00e4rungen, abwechslungsreiche Aufgaben und viele wichtige Zusatzinformationen: Diese \u00dcbungsgrammatik vermittelt,&#8230;<\/p>\n","protected":false},"featured_media":150092,"template":"","meta":{"_acf_changed":false,"inline_featured_image":false},"product_brand":[],"product_cat":[480],"product_tag":[],"series":[{"id":481,"name":"Grammatik","slug":"grammatik"}],"publisher":[{"id":473,"name":"Klett Verlag","slug":"klett-verlag"}],"class_list":{"0":"post-150101","1":"product","2":"type-product","3":"status-publish","4":"has-post-thumbnail","6":"product_cat-grammatiken","7":"series-grammatik","8":"publisher-klett-verlag","10":"first","11":"instock","12":"taxable","13":"shipping-taxable","14":"purchasable","15":"product-type-simple"},"acf":[],"_links":{"self":[{"href":"https:\/\/exlibris.ee\/en\/wp-json\/wp\/v2\/product\/150101","targetHints":{"allow":["GET"]}}],"collection":[{"href":"https:\/\/exlibris.ee\/en\/wp-json\/wp\/v2\/product"}],"about":[{"href":"https:\/\/exlibris.ee\/en\/wp-json\/wp\/v2\/types\/product"}],"wp:featuredmedia":[{"embeddable":true,"href":"https:\/\/exlibris.ee\/en\/wp-json\/wp\/v2\/media\/150092"}],"wp:attachment":[{"href":"https:\/\/exlibris.ee\/en\/wp-json\/wp\/v2\/media?parent=150101"}],"wp:term":[{"taxonomy":"product_brand","embeddable":true,"href":"https:\/\/exlibris.ee\/en\/wp-json\/wp\/v2\/product_brand?post=150101"},{"taxonomy":"product_cat","embeddable":true,"href":"https:\/\/exlibris.ee\/en\/wp-json\/wp\/v2\/product_cat?post=150101"},{"taxonomy":"product_tag","embeddable":true,"href":"https:\/\/exlibris.ee\/en\/wp-json\/wp\/v2\/product_tag?post=150101"},{"taxonomy":"series","embeddable":true,"href":"https:\/\/exlibris.ee\/en\/wp-json\/wp\/v2\/series?post=150101"},{"taxonomy":"publisher","embeddable":true,"href":"https:\/\/exlibris.ee\/en\/wp-json\/wp\/v2\/publisher?post=150101"}],"curies":[{"name":"wp","href":"https:\/\/api.w.org\/{rel}","templated":true}]}}