{"id":150117,"date":"2025-03-18T21:18:21","date_gmt":"2025-03-18T19:18:21","guid":{"rendered":"https:\/\/exlibris.ee\/toode\/grammatik-ist-klasse-a1-mit-digitalen-extras\/"},"modified":"2026-04-12T11:22:52","modified_gmt":"2026-04-12T08:22:52","slug":"grammatik-ist-klasse-a1-mit-digitalen-extras","status":"publish","type":"product","link":"https:\/\/exlibris.ee\/en\/product\/grammatik-ist-klasse-a1-mit-digitalen-extras\/","title":{"rendered":"Grammatik ist klasse A1 mit digitalen Extras"},"content":{"rendered":"<p>Selbstst\u00e4ndig Deutsch \u00fcben So gelingt Grammatiktraining f\u00fcr Jugendliche, erg\u00e4nzend zu jedem Lehrwerk &#8211; 17 Kapitel zu wichtigen Grammatikthemen der Niveaustufe A1 &#8211; Klarer Aufbau: Verstehen \u2013 \u00dcben \u2013 Testen &#8211; Einfache Erkl\u00e4rungen und Tipps, wiederkehrende Aufgabenformate &#8211; Gezielt nach F\u00f6rder- und Forderbedarf differenzierbar &#8211; Vielf\u00e4ltige digitale Extras: &#8211; Audios, Grammatik-Clips, L\u00f6sungen, Verbenlisten, Glossar mit Grammatikbegriffen<\/p>\n","protected":false},"excerpt":{"rendered":"<p>Selbstst\u00e4ndig Deutsch \u00fcben So gelingt Grammatiktraining f\u00fcr Jugendliche, erg\u00e4nzend zu jedem Lehrwerk &#8211; 17 Kapitel zu wichtigen Grammatikthemen der Niveaustufe A1 &#8211; Klarer Aufbau: Verstehen \u2013 \u00dcben \u2013 Testen &#8211; Einfache Erkl\u00e4rungen und Tipps, wiederkehrende Aufgabenformate &#8211; Gezielt nach F\u00f6rder-&#8230;<\/p>\n","protected":false},"featured_media":218665,"template":"","meta":{"_acf_changed":false,"inline_featured_image":false},"product_brand":[],"product_cat":[480],"product_tag":[],"series":[{"id":3098,"name":"Grammatik ist Klasse","slug":"grammatik-ist-klasse"}],"publisher":[{"id":473,"name":"Klett Verlag","slug":"klett-verlag"}],"class_list":{"0":"post-150117","1":"product","2":"type-product","3":"status-publish","4":"has-post-thumbnail","6":"product_cat-grammatiken","7":"series-grammatik-ist-klasse","8":"publisher-klett-verlag","10":"first","11":"instock","12":"taxable","13":"shipping-taxable","14":"purchasable","15":"product-type-simple"},"acf":[],"_links":{"self":[{"href":"https:\/\/exlibris.ee\/en\/wp-json\/wp\/v2\/product\/150117","targetHints":{"allow":["GET"]}}],"collection":[{"href":"https:\/\/exlibris.ee\/en\/wp-json\/wp\/v2\/product"}],"about":[{"href":"https:\/\/exlibris.ee\/en\/wp-json\/wp\/v2\/types\/product"}],"wp:featuredmedia":[{"embeddable":true,"href":"https:\/\/exlibris.ee\/en\/wp-json\/wp\/v2\/media\/218665"}],"wp:attachment":[{"href":"https:\/\/exlibris.ee\/en\/wp-json\/wp\/v2\/media?parent=150117"}],"wp:term":[{"taxonomy":"product_brand","embeddable":true,"href":"https:\/\/exlibris.ee\/en\/wp-json\/wp\/v2\/product_brand?post=150117"},{"taxonomy":"product_cat","embeddable":true,"href":"https:\/\/exlibris.ee\/en\/wp-json\/wp\/v2\/product_cat?post=150117"},{"taxonomy":"product_tag","embeddable":true,"href":"https:\/\/exlibris.ee\/en\/wp-json\/wp\/v2\/product_tag?post=150117"},{"taxonomy":"series","embeddable":true,"href":"https:\/\/exlibris.ee\/en\/wp-json\/wp\/v2\/series?post=150117"},{"taxonomy":"publisher","embeddable":true,"href":"https:\/\/exlibris.ee\/en\/wp-json\/wp\/v2\/publisher?post=150117"}],"curies":[{"name":"wp","href":"https:\/\/api.w.org\/{rel}","templated":true}]}}