{"id":150119,"date":"2025-03-18T21:18:22","date_gmt":"2025-03-18T19:18:22","guid":{"rendered":"https:\/\/exlibris.ee\/toode\/dll-1-lehrkompetenz-und-unterrichtsgestaltung-mit-digitalen-extras\/"},"modified":"2026-04-06T09:09:47","modified_gmt":"2026-04-06T06:09:47","slug":"dll-1-lehrkompetenz-und-unterrichtsgestaltung-mit-digitalen-extras","status":"publish","type":"product","link":"https:\/\/exlibris.ee\/en\/product\/dll-1-lehrkompetenz-und-unterrichtsgestaltung-mit-digitalen-extras\/","title":{"rendered":"DLL 1: Lehrkompetenz und Unterrichtsgestaltung mit digitalen Extras"},"content":{"rendered":"<p>Lehrende bestimmen das Unterrichtsgeschehen ganz entscheidend. Sie stehen deshalb in Band 1 der Reihe Deutsch Lehren Lernen im Mittelpunkt. Dieser Band bietet eine grundlegende Neubearbeitung. Die Inhalte wurden umfassend \u00fcberarbeitet, aktualisiert und erg\u00e4nzt: So wird in allen Kapiteln zus\u00e4tzlich die Perspektive von Lehrenden, die digital unterrichten, ber\u00fccksichtigt. Neue Videos und Aufgaben dokumentieren und erforschen nun auch den Online-Liveunterricht. Der Band geht folgenden Fragen nach: &#8211; Was pr\u00e4gt Lehrende und welche Vorbilder haben sie? &#8211; Welche Vorstellungen von erfolgreichem Unterricht bringen Lehrende mit? &#8211; Welche besonderen Herausforderungen m\u00fcssen sie im Fremdsprachenunterricht meistern? &#8211; Welche Gestaltungsspielr\u00e4ume haben sie dabei? &#8211; Wie k\u00f6nnen Lehrende in ihrem Unterricht ein angstfreies, motivierendes und produktives Lernklima schaffen? &#8211; Wie gestalten Lehrende Prozesse im Unterricht und wie begleiten sie die Lernenden auf ihrem Weg? &#8211; Wie k\u00f6nnen Lehrende sich und ihren Unterricht erforschen und professionell weiterentwickeln? Die L\u00f6sungen und das Glossar zu diesem Band sind als Download verf\u00fcgbar.<\/p>\n","protected":false},"excerpt":{"rendered":"<p>Lehrende bestimmen das Unterrichtsgeschehen ganz entscheidend. Sie stehen deshalb in Band 1 der Reihe Deutsch Lehren Lernen im Mittelpunkt. Dieser Band bietet eine grundlegende Neubearbeitung. Die Inhalte wurden umfassend \u00fcberarbeitet, aktualisiert und erg\u00e4nzt: So wird in allen Kapiteln zus\u00e4tzlich die&#8230;<\/p>\n","protected":false},"featured_media":150113,"template":"","meta":{"_acf_changed":false,"inline_featured_image":false},"product_brand":[],"product_cat":[886],"product_tag":[],"series":[{"id":912,"name":"dll deutsch lehren lernen","slug":"dll-deutsch-lehren-lernen"}],"publisher":[{"id":473,"name":"Klett Verlag","slug":"klett-verlag"}],"class_list":{"0":"post-150119","1":"product","2":"type-product","3":"status-publish","4":"has-post-thumbnail","6":"product_cat-methodik","7":"series-dll-deutsch-lehren-lernen","8":"publisher-klett-verlag","10":"first","11":"onbackorder","12":"taxable","13":"shipping-taxable","14":"purchasable","15":"product-type-simple"},"acf":[],"_links":{"self":[{"href":"https:\/\/exlibris.ee\/en\/wp-json\/wp\/v2\/product\/150119","targetHints":{"allow":["GET"]}}],"collection":[{"href":"https:\/\/exlibris.ee\/en\/wp-json\/wp\/v2\/product"}],"about":[{"href":"https:\/\/exlibris.ee\/en\/wp-json\/wp\/v2\/types\/product"}],"wp:featuredmedia":[{"embeddable":true,"href":"https:\/\/exlibris.ee\/en\/wp-json\/wp\/v2\/media\/150113"}],"wp:attachment":[{"href":"https:\/\/exlibris.ee\/en\/wp-json\/wp\/v2\/media?parent=150119"}],"wp:term":[{"taxonomy":"product_brand","embeddable":true,"href":"https:\/\/exlibris.ee\/en\/wp-json\/wp\/v2\/product_brand?post=150119"},{"taxonomy":"product_cat","embeddable":true,"href":"https:\/\/exlibris.ee\/en\/wp-json\/wp\/v2\/product_cat?post=150119"},{"taxonomy":"product_tag","embeddable":true,"href":"https:\/\/exlibris.ee\/en\/wp-json\/wp\/v2\/product_tag?post=150119"},{"taxonomy":"series","embeddable":true,"href":"https:\/\/exlibris.ee\/en\/wp-json\/wp\/v2\/series?post=150119"},{"taxonomy":"publisher","embeddable":true,"href":"https:\/\/exlibris.ee\/en\/wp-json\/wp\/v2\/publisher?post=150119"}],"curies":[{"name":"wp","href":"https:\/\/api.w.org\/{rel}","templated":true}]}}