{"id":150815,"date":"2025-03-29T19:22:57","date_gmt":"2025-03-29T17:22:57","guid":{"rendered":"https:\/\/exlibris.ee\/toode\/kuulik-ja-mager-pahklimae-paastjad\/"},"modified":"2026-04-14T05:22:50","modified_gmt":"2026-04-14T02:22:50","slug":"kuulik-ja-mager-pahklimae-paastjad","status":"publish","type":"product","link":"https:\/\/exlibris.ee\/en\/product\/kuulik-ja-mager-pahklimae-paastjad\/","title":{"rendered":"K\u00fc\u00fclik ja M\u00e4ger: P\u00e4hklim\u00e4e p\u00e4\u00e4stjad"},"content":{"rendered":"<p>Aleksei Serov on s\u00fcndinud 1964. aastal Narvas, mis on tema kodulinn ka praegugi. Tema esivanemad on J\u00f5gevamaal elanud alates 17. sajandist.  Osa Aleksei lapsep\u00f5lvest m\u00f6\u00f6dus J\u00f5gevamaal, mis seostub tema jaoks soojade m\u00e4lestustega ka t\u00e4nasel p\u00e4eval.  Autor on tegutsenud erinevatel elualadel: ta on olnud noorsoot\u00f6\u00f6taja, t\u00e4iskasvanute koolitaja, fotograaf, videoajakirjanik, kirjanik ja loodusaktivist.  Praeguseks on Aleksei Serov juba mitu aastat kirjutanud lasteraamatuid, mille peategelased on K\u00fc\u00fclik ja M\u00e4ger.  See sari on olnud v\u00e4ikeste lugejate ja nende vanemate seas \u00fcle ootuste edukas.  Aleksei Serov sai kirjanduse valdkonnas aunimetuse \u00abKultuuritegija Narva 2023\u00bb  \u201eK\u00fc\u00fclik ja M\u00e4ger\u201c on s\u00fcdamlik ja kaasahaarav jutustus nimikangelaste ja teiste metsaelanike elust ja seiklustest. K\u00f5ikidel loomadel on selgelt v\u00e4ljajoonistunud iseloom ja k\u00e4itumine. Nende tegutsemise p\u00f5hjal saavad lapsed j\u00e4lgida, kuidas lahendada suhteprobleeme ja hakkama saada keerukates olukordades. Raamat \u00f5petab, kui t\u00e4htis on m\u00f5ista teiste tundeid ja \u00fcksteist raskustes toetada. Illustratsioonid on detailsed ja lastep\u00e4rased \u2013 humoorikad n\u00fcansid pakuvad ohtralt avastamisr\u00f5\u00f5mu. Loosse on p\u00f5imitud arvukalt fakte ja teadmisi looduse kohta, mis tutvustavad lugejale taimi ja loomade k\u00e4itumist. K\u00f5ik osad l\u00f5ppevad k\u00fcsimustega, mis pakuvad v\u00f5imalust lapsega loetut arutada, ning t\u00e4helepanu arendavate \u00fclesannetega. Kokkuv\u00f5tteks v\u00f5ib \u00f6elda, et minisari \u201eK\u00fc\u00fclik ja M\u00e4ger\u201c on \u00fchtaegu sisukas ja p\u00f5nev, \u00f5petlik ja meeldiv meelelahutus.  Praegu loevad lugejad seniilmunud osasid aktiivselt Eestis.Teadaolevalt on raamat j\u00f5udnud ka v\u00e4lismaal elavatesse eesti peredesse Luksemburgis, Suurbritannias, Norras, Hispaanias ja Austraalias, Saksamaal, Rootsis.  Raamat on m\u00f5eldud koolieelikutele ja algklasside \u00f5pilastele.  Praeguseks ei ole raamatud lihtsalt lastega perede lugemisvara, vaid neil on tunduvalt kaugemale ulatuvad m\u00f5jud. Neist v\u00f5ib-olla olulisim on muinasjuturaja ehitamine Narva \u00c4kkek\u00fcla puhkepargis asuvale P\u00e4hklim\u00e4ele. Rada on Narva linna elanikele ja k\u00fclalistele avatud alates oktoobrist 2021. K\u00fc\u00fcliku ja M\u00e4gra seiklused on seotud kohaliku maastiku ja oludega ning seet\u00f5ttu Narva laste seas v\u00e4ga populaarsed.<\/p>\n","protected":false},"excerpt":{"rendered":"<p>Aleksei Serov on s\u00fcndinud 1964. aastal Narvas, mis on tema kodulinn ka praegugi. Tema esivanemad on J\u00f5gevamaal elanud alates 17. sajandist. Osa Aleksei lapsep\u00f5lvest m\u00f6\u00f6dus J\u00f5gevamaal, mis seostub tema jaoks soojade m\u00e4lestustega ka t\u00e4nasel p\u00e4eval. Autor on tegutsenud erinevatel elualadel:&#8230;<\/p>\n","protected":false},"featured_media":150312,"template":"","meta":{"_acf_changed":false,"inline_featured_image":false},"product_brand":[],"product_cat":[2410],"product_tag":[],"series":[{"id":3108,"name":"K\u00fc\u00fclik ja M\u00e4ger","slug":"kuulik-ja-mager"}],"publisher":[{"id":3109,"name":"Planet 27 MT\u00dc","slug":"planet-27-mtu"}],"class_list":{"0":"post-150815","1":"product","2":"type-product","3":"status-publish","4":"has-post-thumbnail","6":"product_cat-rlas-eesti","7":"series-kuulik-ja-mager","8":"publisher-planet-27-mtu","10":"first","11":"instock","12":"taxable","13":"shipping-taxable","14":"purchasable","15":"product-type-simple"},"acf":[],"_links":{"self":[{"href":"https:\/\/exlibris.ee\/en\/wp-json\/wp\/v2\/product\/150815","targetHints":{"allow":["GET"]}}],"collection":[{"href":"https:\/\/exlibris.ee\/en\/wp-json\/wp\/v2\/product"}],"about":[{"href":"https:\/\/exlibris.ee\/en\/wp-json\/wp\/v2\/types\/product"}],"wp:featuredmedia":[{"embeddable":true,"href":"https:\/\/exlibris.ee\/en\/wp-json\/wp\/v2\/media\/150312"}],"wp:attachment":[{"href":"https:\/\/exlibris.ee\/en\/wp-json\/wp\/v2\/media?parent=150815"}],"wp:term":[{"taxonomy":"product_brand","embeddable":true,"href":"https:\/\/exlibris.ee\/en\/wp-json\/wp\/v2\/product_brand?post=150815"},{"taxonomy":"product_cat","embeddable":true,"href":"https:\/\/exlibris.ee\/en\/wp-json\/wp\/v2\/product_cat?post=150815"},{"taxonomy":"product_tag","embeddable":true,"href":"https:\/\/exlibris.ee\/en\/wp-json\/wp\/v2\/product_tag?post=150815"},{"taxonomy":"series","embeddable":true,"href":"https:\/\/exlibris.ee\/en\/wp-json\/wp\/v2\/series?post=150815"},{"taxonomy":"publisher","embeddable":true,"href":"https:\/\/exlibris.ee\/en\/wp-json\/wp\/v2\/publisher?post=150815"}],"curies":[{"name":"wp","href":"https:\/\/api.w.org\/{rel}","templated":true}]}}