{"id":154638,"date":"2025-04-12T01:26:41","date_gmt":"2025-04-11T22:26:41","guid":{"rendered":"https:\/\/exlibris.ee\/toode\/anna-hambad\/"},"modified":"2026-04-19T17:49:23","modified_gmt":"2026-04-19T14:49:23","slug":"anna-hambad","status":"publish","type":"product","link":"https:\/\/exlibris.ee\/en\/product\/anna-hambad\/","title":{"rendered":"Anna Hambad"},"content":{"rendered":"<p>Raamatust \u201eMarta varbad\u201d tuttav t\u00fcdruk Marta saab \u00fchel p\u00e4eval teada huvitava uudise: emal on k\u00f5hus n\u00e4pupikkune pikuke, tulevane \u00f5de Anna. Mis siis juhtub, kui Anna on s\u00fcndinud ja kasvanud ja tahab Marta nukku endale saada? Kuidas Marta ja Anna koos kooli ja matemaatikatundi m\u00e4ngida saavad, kui Anna ei taha \u00fchtegi seent, vaid hoopis k\u00f5iki komme? Kes on jobu ja kes on j\u00f5ehobu? Kui suur on vaala puuks? Mida teeb vanaema surnuaias mulla all? Mismoodi k\u00e4ib tigude v\u00f5idujooks?  Kahe \u00f5e m\u00e4ngud, kaklused ja leppimised on j\u00e4\u00e4dvustatud l\u00fchikestes lugudes, juures soojad ja naljakad pildid.<\/p>\n","protected":false},"excerpt":{"rendered":"<p>Raamatust \u201eMarta varbad\u201d tuttav t\u00fcdruk Marta saab \u00fchel p\u00e4eval teada huvitava uudise: emal on k\u00f5hus n\u00e4pupikkune pikuke, tulevane \u00f5de Anna. Mis siis juhtub, kui Anna on s\u00fcndinud ja kasvanud ja tahab Marta nukku endale saada? Kuidas Marta ja Anna koos&#8230;<\/p>\n","protected":false},"featured_media":150372,"template":"","meta":{"_acf_changed":false,"inline_featured_image":false},"product_brand":[],"product_cat":[2410],"product_tag":[],"series":[{"id":3157,"name":"Meie pere lood","slug":"meie-pere-lood"}],"publisher":[{"id":2205,"name":"Petrone Print","slug":"petrone-print"}],"class_list":{"0":"post-154638","1":"product","2":"type-product","3":"status-publish","4":"has-post-thumbnail","6":"product_cat-rlas-eesti","7":"series-meie-pere-lood","8":"publisher-petrone-print","10":"first","11":"instock","12":"taxable","13":"shipping-taxable","14":"purchasable","15":"product-type-simple"},"acf":[],"_links":{"self":[{"href":"https:\/\/exlibris.ee\/en\/wp-json\/wp\/v2\/product\/154638","targetHints":{"allow":["GET"]}}],"collection":[{"href":"https:\/\/exlibris.ee\/en\/wp-json\/wp\/v2\/product"}],"about":[{"href":"https:\/\/exlibris.ee\/en\/wp-json\/wp\/v2\/types\/product"}],"wp:featuredmedia":[{"embeddable":true,"href":"https:\/\/exlibris.ee\/en\/wp-json\/wp\/v2\/media\/150372"}],"wp:attachment":[{"href":"https:\/\/exlibris.ee\/en\/wp-json\/wp\/v2\/media?parent=154638"}],"wp:term":[{"taxonomy":"product_brand","embeddable":true,"href":"https:\/\/exlibris.ee\/en\/wp-json\/wp\/v2\/product_brand?post=154638"},{"taxonomy":"product_cat","embeddable":true,"href":"https:\/\/exlibris.ee\/en\/wp-json\/wp\/v2\/product_cat?post=154638"},{"taxonomy":"product_tag","embeddable":true,"href":"https:\/\/exlibris.ee\/en\/wp-json\/wp\/v2\/product_tag?post=154638"},{"taxonomy":"series","embeddable":true,"href":"https:\/\/exlibris.ee\/en\/wp-json\/wp\/v2\/series?post=154638"},{"taxonomy":"publisher","embeddable":true,"href":"https:\/\/exlibris.ee\/en\/wp-json\/wp\/v2\/publisher?post=154638"}],"curies":[{"name":"wp","href":"https:\/\/api.w.org\/{rel}","templated":true}]}}