{"id":154929,"date":"2025-04-17T03:23:03","date_gmt":"2025-04-17T00:23:03","guid":{"rendered":"https:\/\/exlibris.ee\/toode\/themen-neu-3-kursbuch\/"},"modified":"2026-04-04T03:14:54","modified_gmt":"2026-04-04T00:14:54","slug":"themen-neu-3-kursbuch","status":"publish","type":"product","link":"https:\/\/exlibris.ee\/en\/product\/themen-neu-3-kursbuch\/","title":{"rendered":"Themen neu 3, Kursbuch"},"content":{"rendered":"<p>Themen neu 3: Kursbuch ist der dritte Band der beliebten Lehrwerksreihe \u201eThemen neu\u201c f\u00fcr Deutsch als Fremdsprache. Das Buch richtet sich an Lernende mit fortgeschrittenen Grundkenntnissen (Niveau B1) und baut auf den Inhalten der ersten beiden B\u00e4nde auf.  Es behandelt vielf\u00e4ltige Themen aus dem Alltag, der Arbeitswelt und der Gesellschaft und legt besonderen Wert auf kommunikative Kompetenz. Authentische Texte, abwechslungsreiche Dialoge und systematisch aufgebaute Grammatik\u00fcbungen f\u00f6rdern ein nachhaltiges Lernen.  Das Kursbuch eignet sich sowohl f\u00fcr den Unterricht als auch zum Selbststudium und wird durch ein passendes Arbeitsbuch erg\u00e4nzt.<\/p>\n","protected":false},"excerpt":{"rendered":"<p>Themen neu 3: Kursbuch ist der dritte Band der beliebten Lehrwerksreihe \u201eThemen neu\u201c f\u00fcr Deutsch als Fremdsprache. Das Buch richtet sich an Lernende mit fortgeschrittenen Grundkenntnissen (Niveau B1) und baut auf den Inhalten der ersten beiden B\u00e4nde auf. Es behandelt&#8230;<\/p>\n","protected":false},"featured_media":154544,"template":"","meta":{"_acf_changed":false,"inline_featured_image":false},"product_brand":[],"product_cat":[538],"product_tag":[],"series":[{"id":2328,"name":"Themen neu","slug":"themen-neu"}],"publisher":[{"id":497,"name":"Hueber Verlag","slug":"hueber-verlag"}],"class_list":{"0":"post-154929","1":"product","2":"type-product","3":"status-publish","4":"has-post-thumbnail","6":"product_cat-lehrwerke-fur-erwachsene","7":"series-themen-neu","8":"publisher-hueber-verlag","10":"first","11":"instock","12":"taxable","13":"shipping-taxable","14":"purchasable","15":"product-type-simple"},"acf":[],"_links":{"self":[{"href":"https:\/\/exlibris.ee\/en\/wp-json\/wp\/v2\/product\/154929","targetHints":{"allow":["GET"]}}],"collection":[{"href":"https:\/\/exlibris.ee\/en\/wp-json\/wp\/v2\/product"}],"about":[{"href":"https:\/\/exlibris.ee\/en\/wp-json\/wp\/v2\/types\/product"}],"wp:featuredmedia":[{"embeddable":true,"href":"https:\/\/exlibris.ee\/en\/wp-json\/wp\/v2\/media\/154544"}],"wp:attachment":[{"href":"https:\/\/exlibris.ee\/en\/wp-json\/wp\/v2\/media?parent=154929"}],"wp:term":[{"taxonomy":"product_brand","embeddable":true,"href":"https:\/\/exlibris.ee\/en\/wp-json\/wp\/v2\/product_brand?post=154929"},{"taxonomy":"product_cat","embeddable":true,"href":"https:\/\/exlibris.ee\/en\/wp-json\/wp\/v2\/product_cat?post=154929"},{"taxonomy":"product_tag","embeddable":true,"href":"https:\/\/exlibris.ee\/en\/wp-json\/wp\/v2\/product_tag?post=154929"},{"taxonomy":"series","embeddable":true,"href":"https:\/\/exlibris.ee\/en\/wp-json\/wp\/v2\/series?post=154929"},{"taxonomy":"publisher","embeddable":true,"href":"https:\/\/exlibris.ee\/en\/wp-json\/wp\/v2\/publisher?post=154929"}],"curies":[{"name":"wp","href":"https:\/\/api.w.org\/{rel}","templated":true}]}}