{"id":154935,"date":"2025-04-17T03:23:04","date_gmt":"2025-04-17T00:23:04","guid":{"rendered":"https:\/\/exlibris.ee\/toode\/tangram-2b-kursbuch-und-arbeitsbuch\/"},"modified":"2026-04-07T21:20:24","modified_gmt":"2026-04-07T18:20:24","slug":"tangram-2b-kursbuch-und-arbeitsbuch","status":"publish","type":"product","link":"https:\/\/exlibris.ee\/en\/product\/tangram-2b-kursbuch-und-arbeitsbuch\/","title":{"rendered":"Tangram 2B, Kursbuch und Arbeitsbuch"},"content":{"rendered":"<p>Tangram 2B, Kursbuch und Arbeitsbuch ist der zweite Teil des zweiten Bands der Tangram-Reihe und richtet sich an Lernende auf dem A2-Niveau. Es kombiniert Kurs- und Arbeitsbuch und bietet vielf\u00e4ltige \u00dcbungen zur F\u00f6rderung der kommunikativen F\u00e4higkeiten. Die Lektionen behandeln abwechslungsreiche Themen wie W\u00fcnsche und Tr\u00e4ume, Berufe, Konflikte und L\u00f6sungen, Gemeinsinn statt Egoismus und Medienwelten. Das Buch eignet sich sowohl f\u00fcr den Unterricht als auch f\u00fcr das Selbststudium.<\/p>\n","protected":false},"excerpt":{"rendered":"<p>Tangram 2B, Kursbuch und Arbeitsbuch ist der zweite Teil des zweiten Bands der Tangram-Reihe und richtet sich an Lernende auf dem A2-Niveau. Es kombiniert Kurs- und Arbeitsbuch und bietet vielf\u00e4ltige \u00dcbungen zur F\u00f6rderung der kommunikativen F\u00e4higkeiten. Die Lektionen behandeln abwechslungsreiche&#8230;<\/p>\n","protected":false},"featured_media":154562,"template":"","meta":{"_acf_changed":false,"inline_featured_image":false},"product_brand":[],"product_cat":[538],"product_tag":[],"series":[{"id":1269,"name":"Tangram","slug":"tangram"}],"publisher":[{"id":497,"name":"Hueber Verlag","slug":"hueber-verlag"}],"class_list":{"0":"post-154935","1":"product","2":"type-product","3":"status-publish","4":"has-post-thumbnail","6":"product_cat-lehrwerke-fur-erwachsene","7":"series-tangram","8":"publisher-hueber-verlag","10":"first","11":"instock","12":"taxable","13":"shipping-taxable","14":"purchasable","15":"product-type-simple"},"acf":[],"_links":{"self":[{"href":"https:\/\/exlibris.ee\/en\/wp-json\/wp\/v2\/product\/154935","targetHints":{"allow":["GET"]}}],"collection":[{"href":"https:\/\/exlibris.ee\/en\/wp-json\/wp\/v2\/product"}],"about":[{"href":"https:\/\/exlibris.ee\/en\/wp-json\/wp\/v2\/types\/product"}],"wp:featuredmedia":[{"embeddable":true,"href":"https:\/\/exlibris.ee\/en\/wp-json\/wp\/v2\/media\/154562"}],"wp:attachment":[{"href":"https:\/\/exlibris.ee\/en\/wp-json\/wp\/v2\/media?parent=154935"}],"wp:term":[{"taxonomy":"product_brand","embeddable":true,"href":"https:\/\/exlibris.ee\/en\/wp-json\/wp\/v2\/product_brand?post=154935"},{"taxonomy":"product_cat","embeddable":true,"href":"https:\/\/exlibris.ee\/en\/wp-json\/wp\/v2\/product_cat?post=154935"},{"taxonomy":"product_tag","embeddable":true,"href":"https:\/\/exlibris.ee\/en\/wp-json\/wp\/v2\/product_tag?post=154935"},{"taxonomy":"series","embeddable":true,"href":"https:\/\/exlibris.ee\/en\/wp-json\/wp\/v2\/series?post=154935"},{"taxonomy":"publisher","embeddable":true,"href":"https:\/\/exlibris.ee\/en\/wp-json\/wp\/v2\/publisher?post=154935"}],"curies":[{"name":"wp","href":"https:\/\/api.w.org\/{rel}","templated":true}]}}