{"id":154936,"date":"2025-04-17T03:23:05","date_gmt":"2025-04-17T00:23:05","guid":{"rendered":"https:\/\/exlibris.ee\/toode\/em-bruckenkurs-kursbuch\/"},"modified":"2026-04-05T15:25:44","modified_gmt":"2026-04-05T12:25:44","slug":"em-bruckenkurs-kursbuch","status":"publish","type":"product","link":"https:\/\/exlibris.ee\/en\/product\/em-bruckenkurs-kursbuch\/","title":{"rendered":"Em, Br\u00fcckenkurs, Kursbuch"},"content":{"rendered":"<p>\u201eem \u2013 Br\u00fcckenkurs, Kursbuch\u201c richtet sich an fortgeschrittene Deutschlernende, die das Niveau B1 abgeschlossen haben und sich gezielt auf B2 vorbereiten m\u00f6chten. Das Lehrwerk dient als Br\u00fccke zwischen Mittelstufe und Oberstufe und legt besonderen Wert auf die Entwicklung sprachlicher Kompetenz in realit\u00e4tsnahen Kontexten.  Die Themen sind aktuell und abwechslungsreich, und die Aufgaben f\u00f6rdern gezielt das Lese-, H\u00f6r-, Sprech- und Schreibverst\u00e4ndnis. Ideal f\u00fcr den Einsatz im Unterricht sowie f\u00fcr das Selbststudium.<\/p>\n","protected":false},"excerpt":{"rendered":"<p>\u201eem \u2013 Br\u00fcckenkurs, Kursbuch\u201c richtet sich an fortgeschrittene Deutschlernende, die das Niveau B1 abgeschlossen haben und sich gezielt auf B2 vorbereiten m\u00f6chten. Das Lehrwerk dient als Br\u00fccke zwischen Mittelstufe und Oberstufe und legt besonderen Wert auf die Entwicklung sprachlicher Kompetenz&#8230;<\/p>\n","protected":false},"featured_media":154565,"template":"","meta":{"_acf_changed":false,"inline_featured_image":false},"product_brand":[],"product_cat":[538],"product_tag":[],"series":[{"id":2330,"name":"em","slug":"em"}],"publisher":[{"id":497,"name":"Hueber Verlag","slug":"hueber-verlag"}],"class_list":{"0":"post-154936","1":"product","2":"type-product","3":"status-publish","4":"has-post-thumbnail","6":"product_cat-lehrwerke-fur-erwachsene","7":"series-em","8":"publisher-hueber-verlag","10":"first","11":"instock","12":"taxable","13":"shipping-taxable","14":"purchasable","15":"product-type-simple"},"acf":[],"_links":{"self":[{"href":"https:\/\/exlibris.ee\/en\/wp-json\/wp\/v2\/product\/154936","targetHints":{"allow":["GET"]}}],"collection":[{"href":"https:\/\/exlibris.ee\/en\/wp-json\/wp\/v2\/product"}],"about":[{"href":"https:\/\/exlibris.ee\/en\/wp-json\/wp\/v2\/types\/product"}],"wp:featuredmedia":[{"embeddable":true,"href":"https:\/\/exlibris.ee\/en\/wp-json\/wp\/v2\/media\/154565"}],"wp:attachment":[{"href":"https:\/\/exlibris.ee\/en\/wp-json\/wp\/v2\/media?parent=154936"}],"wp:term":[{"taxonomy":"product_brand","embeddable":true,"href":"https:\/\/exlibris.ee\/en\/wp-json\/wp\/v2\/product_brand?post=154936"},{"taxonomy":"product_cat","embeddable":true,"href":"https:\/\/exlibris.ee\/en\/wp-json\/wp\/v2\/product_cat?post=154936"},{"taxonomy":"product_tag","embeddable":true,"href":"https:\/\/exlibris.ee\/en\/wp-json\/wp\/v2\/product_tag?post=154936"},{"taxonomy":"series","embeddable":true,"href":"https:\/\/exlibris.ee\/en\/wp-json\/wp\/v2\/series?post=154936"},{"taxonomy":"publisher","embeddable":true,"href":"https:\/\/exlibris.ee\/en\/wp-json\/wp\/v2\/publisher?post=154936"}],"curies":[{"name":"wp","href":"https:\/\/api.w.org\/{rel}","templated":true}]}}