{"id":154939,"date":"2025-04-17T03:23:06","date_gmt":"2025-04-17T00:23:06","guid":{"rendered":"https:\/\/exlibris.ee\/toode\/schritte-1-kursbuch-und-arbeitsbuch-mit-cd\/"},"modified":"2026-04-05T15:25:46","modified_gmt":"2026-04-05T12:25:46","slug":"schritte-1-kursbuch-und-arbeitsbuch-mit-cd","status":"publish","type":"product","link":"https:\/\/exlibris.ee\/en\/product\/schritte-1-kursbuch-und-arbeitsbuch-mit-cd\/","title":{"rendered":"Schritte 1, Kursbuch und Arbeitsbuch mit CD"},"content":{"rendered":"<p>\u201eSchritte A1\/1 Deutsch als Fremdsprache\u201c ist ein Lehrbuch aus der bekannten \u201eSchritte\u201c-Reihe des Hueber Verlags, das sich an Anf\u00e4nger richtet. Es f\u00fchrt die Lernenden systematisch durch die Niveaustufen A1 bis B1 des Gemeinsamen Europ\u00e4ischen Referenzrahmens. Das Buch behandelt alltagsnahe Themen wie Familie, Arbeit und Wohnungssuche und f\u00f6rdert sowohl die sprachlichen als auch landeskundlichen Kenntnisse.  Die Lektionen sind klar strukturiert, beginnen mit einer Foto-H\u00f6rgeschichte und beinhalten zahlreiche \u00dcbungen, um das H\u00f6rverst\u00e4ndnis und kulturelles Wissen zu st\u00e4rken. Ein integriertes Arbeitsbuch bietet zus\u00e4tzliche Aufgaben und unterst\u00fctzt die Vorbereitung auf Pr\u00fcfungen wie \u201eStart Deutsch 1\u201c und \u201eZertifikat Deutsch\u201c. Das Lehrwerk eignet sich sowohl f\u00fcr den Selbststudium als auch f\u00fcr den Einsatz im Unterricht.<\/p>\n","protected":false},"excerpt":{"rendered":"<p>\u201eSchritte A1\/1 Deutsch als Fremdsprache\u201c ist ein Lehrbuch aus der bekannten \u201eSchritte\u201c-Reihe des Hueber Verlags, das sich an Anf\u00e4nger richtet. Es f\u00fchrt die Lernenden systematisch durch die Niveaustufen A1 bis B1 des Gemeinsamen Europ\u00e4ischen Referenzrahmens. Das Buch behandelt alltagsnahe Themen&#8230;<\/p>\n","protected":false},"featured_media":154574,"template":"","meta":{"_acf_changed":false,"inline_featured_image":false},"product_brand":[],"product_cat":[538],"product_tag":[],"series":[{"id":1344,"name":"Schritte","slug":"schritte"}],"publisher":[{"id":497,"name":"Hueber Verlag","slug":"hueber-verlag"}],"class_list":{"0":"post-154939","1":"product","2":"type-product","3":"status-publish","4":"has-post-thumbnail","6":"product_cat-lehrwerke-fur-erwachsene","7":"series-schritte","8":"publisher-hueber-verlag","10":"first","11":"instock","12":"taxable","13":"shipping-taxable","14":"purchasable","15":"product-type-simple"},"acf":[],"_links":{"self":[{"href":"https:\/\/exlibris.ee\/en\/wp-json\/wp\/v2\/product\/154939","targetHints":{"allow":["GET"]}}],"collection":[{"href":"https:\/\/exlibris.ee\/en\/wp-json\/wp\/v2\/product"}],"about":[{"href":"https:\/\/exlibris.ee\/en\/wp-json\/wp\/v2\/types\/product"}],"wp:featuredmedia":[{"embeddable":true,"href":"https:\/\/exlibris.ee\/en\/wp-json\/wp\/v2\/media\/154574"}],"wp:attachment":[{"href":"https:\/\/exlibris.ee\/en\/wp-json\/wp\/v2\/media?parent=154939"}],"wp:term":[{"taxonomy":"product_brand","embeddable":true,"href":"https:\/\/exlibris.ee\/en\/wp-json\/wp\/v2\/product_brand?post=154939"},{"taxonomy":"product_cat","embeddable":true,"href":"https:\/\/exlibris.ee\/en\/wp-json\/wp\/v2\/product_cat?post=154939"},{"taxonomy":"product_tag","embeddable":true,"href":"https:\/\/exlibris.ee\/en\/wp-json\/wp\/v2\/product_tag?post=154939"},{"taxonomy":"series","embeddable":true,"href":"https:\/\/exlibris.ee\/en\/wp-json\/wp\/v2\/series?post=154939"},{"taxonomy":"publisher","embeddable":true,"href":"https:\/\/exlibris.ee\/en\/wp-json\/wp\/v2\/publisher?post=154939"}],"curies":[{"name":"wp","href":"https:\/\/api.w.org\/{rel}","templated":true}]}}