{"id":154945,"date":"2025-04-17T03:25:43","date_gmt":"2025-04-17T00:25:43","guid":{"rendered":"https:\/\/exlibris.ee\/toode\/training-kleines-deutsches-sprachdiplom-band2-ausdrucksfahigkeit-und-texterklarung\/"},"modified":"2026-04-05T15:25:49","modified_gmt":"2026-04-05T12:25:49","slug":"training-kleines-deutsches-sprachdiplom-band2-ausdrucksfahigkeit-und-texterklarung","status":"publish","type":"product","link":"https:\/\/exlibris.ee\/en\/product\/training-kleines-deutsches-sprachdiplom-band2-ausdrucksfahigkeit-und-texterklarung\/","title":{"rendered":"Training Kleines Deutsches Sprachdiplom, Band2, Ausdrucksf\u00e4higkeit und Texterkl\u00e4rung"},"content":{"rendered":"<p>&#8220;Training Kleines Deutsches Sprachdiplom, Band 2: Ausdrucksf\u00e4higkeit und Texterkl\u00e4rung&#8221; ist ein spezialisiertes \u00dcbungsbuch zur Vorbereitung auf das Kleine Deutsche Sprachdiplom. Die Autoren, Roland Dittrich und Evelyn Frey, bieten in diesem Band gezielte \u00dcbungen und Modelltests, die den Lernenden mit den Anforderungen und dem Aufbau der Pr\u00fcfung vertraut machen. Der Inhalt ist so gestaltet, dass er die Ausdrucksf\u00e4higkeit f\u00f6rdert und die F\u00e4higkeit zur Texterkl\u00e4rung schult. Ein Anhang mit L\u00f6sungsschl\u00fcssel unterst\u00fctzt zudem das selbstst\u00e4ndige Lernen und die Erfolgskontrolle.<\/p>\n","protected":false},"excerpt":{"rendered":"<p>&#8220;Training Kleines Deutsches Sprachdiplom, Band 2: Ausdrucksf\u00e4higkeit und Texterkl\u00e4rung&#8221; ist ein spezialisiertes \u00dcbungsbuch zur Vorbereitung auf das Kleine Deutsche Sprachdiplom. Die Autoren, Roland Dittrich und Evelyn Frey, bieten in diesem Band gezielte \u00dcbungen und Modelltests, die den Lernenden mit den&#8230;<\/p>\n","protected":false},"featured_media":154577,"template":"","meta":{"_acf_changed":false,"inline_featured_image":false},"product_brand":[],"product_cat":[507],"product_tag":[],"series":[],"publisher":[{"id":497,"name":"Hueber Verlag","slug":"hueber-verlag"}],"class_list":{"0":"post-154945","1":"product","2":"type-product","3":"status-publish","4":"has-post-thumbnail","6":"product_cat-prufungsvorbereitung","7":"publisher-hueber-verlag","9":"first","10":"instock","11":"taxable","12":"shipping-taxable","13":"purchasable","14":"product-type-simple"},"acf":[],"_links":{"self":[{"href":"https:\/\/exlibris.ee\/en\/wp-json\/wp\/v2\/product\/154945","targetHints":{"allow":["GET"]}}],"collection":[{"href":"https:\/\/exlibris.ee\/en\/wp-json\/wp\/v2\/product"}],"about":[{"href":"https:\/\/exlibris.ee\/en\/wp-json\/wp\/v2\/types\/product"}],"wp:featuredmedia":[{"embeddable":true,"href":"https:\/\/exlibris.ee\/en\/wp-json\/wp\/v2\/media\/154577"}],"wp:attachment":[{"href":"https:\/\/exlibris.ee\/en\/wp-json\/wp\/v2\/media?parent=154945"}],"wp:term":[{"taxonomy":"product_brand","embeddable":true,"href":"https:\/\/exlibris.ee\/en\/wp-json\/wp\/v2\/product_brand?post=154945"},{"taxonomy":"product_cat","embeddable":true,"href":"https:\/\/exlibris.ee\/en\/wp-json\/wp\/v2\/product_cat?post=154945"},{"taxonomy":"product_tag","embeddable":true,"href":"https:\/\/exlibris.ee\/en\/wp-json\/wp\/v2\/product_tag?post=154945"},{"taxonomy":"series","embeddable":true,"href":"https:\/\/exlibris.ee\/en\/wp-json\/wp\/v2\/series?post=154945"},{"taxonomy":"publisher","embeddable":true,"href":"https:\/\/exlibris.ee\/en\/wp-json\/wp\/v2\/publisher?post=154945"}],"curies":[{"name":"wp","href":"https:\/\/api.w.org\/{rel}","templated":true}]}}