{"id":154951,"date":"2025-04-17T03:25:45","date_gmt":"2025-04-17T00:25:45","guid":{"rendered":"https:\/\/exlibris.ee\/toode\/tangram-1b-lehrerbuch\/"},"modified":"2026-04-04T03:15:57","modified_gmt":"2026-04-04T00:15:57","slug":"tangram-1b-lehrerbuch","status":"publish","type":"product","link":"https:\/\/exlibris.ee\/en\/product\/tangram-1b-lehrerbuch\/","title":{"rendered":"Tangram 1B, Lehrerbuch"},"content":{"rendered":"<p>Das Lehrerbuch pr\u00e4sentiert sich als vollst\u00e4ndiger Sch\u00fclerband, bei dem zwischen die &#8220;normalen&#8221; Kursbuchseiten jeweils eine zus\u00e4tzliche Seite mit Unterrichtsvorschl\u00e4gen, Hinweisen, methodischen Anregungen und landeskundlichen Informationen eingeschossen sind. Einer Seite f\u00fcr die Lernenden steht also immer die entsprechende Seite f\u00fcr die Kursleiter gegen\u00fcber. Einige allgemeine Grunds\u00e4tze und methodische Vorschl\u00e4ge werden einleitend f\u00fcr das ganze Lehrwerk gegeben. In einem Anhang finden sich Kopiervorlagen f\u00fcr weitere Aktivit\u00e4ten im Kurs sowie die Transkriptionen der H\u00f6rtexte.<\/p>\n","protected":false},"excerpt":{"rendered":"<p>Das Lehrerbuch pr\u00e4sentiert sich als vollst\u00e4ndiger Sch\u00fclerband, bei dem zwischen die &#8220;normalen&#8221; Kursbuchseiten jeweils eine zus\u00e4tzliche Seite mit Unterrichtsvorschl\u00e4gen, Hinweisen, methodischen Anregungen und landeskundlichen Informationen eingeschossen sind. Einer Seite f\u00fcr die Lernenden steht also immer die entsprechende Seite f\u00fcr die&#8230;<\/p>\n","protected":false},"featured_media":154786,"template":"","meta":{"_acf_changed":false,"inline_featured_image":false},"product_brand":[],"product_cat":[538],"product_tag":[],"series":[{"id":1269,"name":"Tangram","slug":"tangram"}],"publisher":[{"id":497,"name":"Hueber Verlag","slug":"hueber-verlag"}],"class_list":{"0":"post-154951","1":"product","2":"type-product","3":"status-publish","4":"has-post-thumbnail","6":"product_cat-lehrwerke-fur-erwachsene","7":"series-tangram","8":"publisher-hueber-verlag","10":"first","11":"instock","12":"taxable","13":"shipping-taxable","14":"purchasable","15":"product-type-simple"},"acf":[],"_links":{"self":[{"href":"https:\/\/exlibris.ee\/en\/wp-json\/wp\/v2\/product\/154951","targetHints":{"allow":["GET"]}}],"collection":[{"href":"https:\/\/exlibris.ee\/en\/wp-json\/wp\/v2\/product"}],"about":[{"href":"https:\/\/exlibris.ee\/en\/wp-json\/wp\/v2\/types\/product"}],"wp:featuredmedia":[{"embeddable":true,"href":"https:\/\/exlibris.ee\/en\/wp-json\/wp\/v2\/media\/154786"}],"wp:attachment":[{"href":"https:\/\/exlibris.ee\/en\/wp-json\/wp\/v2\/media?parent=154951"}],"wp:term":[{"taxonomy":"product_brand","embeddable":true,"href":"https:\/\/exlibris.ee\/en\/wp-json\/wp\/v2\/product_brand?post=154951"},{"taxonomy":"product_cat","embeddable":true,"href":"https:\/\/exlibris.ee\/en\/wp-json\/wp\/v2\/product_cat?post=154951"},{"taxonomy":"product_tag","embeddable":true,"href":"https:\/\/exlibris.ee\/en\/wp-json\/wp\/v2\/product_tag?post=154951"},{"taxonomy":"series","embeddable":true,"href":"https:\/\/exlibris.ee\/en\/wp-json\/wp\/v2\/series?post=154951"},{"taxonomy":"publisher","embeddable":true,"href":"https:\/\/exlibris.ee\/en\/wp-json\/wp\/v2\/publisher?post=154951"}],"curies":[{"name":"wp","href":"https:\/\/api.w.org\/{rel}","templated":true}]}}