{"id":154954,"date":"2025-04-17T03:25:46","date_gmt":"2025-04-17T00:25:46","guid":{"rendered":"https:\/\/exlibris.ee\/toode\/ziel-b1-arbeitsbuch-mit-lerner-cd-cd-rom\/"},"modified":"2026-04-04T03:15:58","modified_gmt":"2026-04-04T00:15:58","slug":"ziel-b1-arbeitsbuch-mit-lerner-cd-cd-rom","status":"publish","type":"product","link":"https:\/\/exlibris.ee\/en\/product\/ziel-b1-arbeitsbuch-mit-lerner-cd-cd-rom\/","title":{"rendered":"Ziel B1+, Arbeitsbuch mit Lerner-CD\/CD-ROM"},"content":{"rendered":"<p>Das Arbeitsbuch ist sowohl f\u00fcr die binnendifferenzierende Spracharbeit im Unterricht als auch zum selbstst\u00e4ndigen Arbeiten in der unterrichtsfreien Zeit geeignet. Es bietet begleitende \u00dcbungen und Aufgaben zum Basislernprogramm. Daneben gibt es Wiederholungs\u00fcbungen, die den Lerner an das vorausgesetzte Niveau heranf\u00fchren, und dar\u00fcber hinaus weiterf\u00fchrende Aufgaben. Folgende Bereiche des Spracherwerbs werden im Arbeitsbuch gezielt gef\u00f6rdert: &#8211; Wortschatz (spezifische Wortschatzfelder) &#8211; Grammatik (systematisierend und kontextbezogen) &#8211; S\u00e4tze bauen (Aktivierung und \u00dcbung relevanter Redemittel) &#8211; Texte bauen (systematische Schulung der Schreibkompetenz) &#8211; Texte lesen (systematisches Training zur Erfassung l\u00e4ngerer Lesetexte) &#8211; Phonetik (Sprachmelodie, Sprechtempo, Emotionen) &#8211; Pr\u00fcfungsaufgabe (macht mit pr\u00fcfungstypischen Aufgabenstellungen vertraut) Die CD-ROM enth\u00e4lt u.a. die H\u00f6rtexte des Arbeitsbuchs als MP3-Dateien sowie die L\u00f6sungen zum Arbeitsbuch.<\/p>\n","protected":false},"excerpt":{"rendered":"<p>Das Arbeitsbuch ist sowohl f\u00fcr die binnendifferenzierende Spracharbeit im Unterricht als auch zum selbstst\u00e4ndigen Arbeiten in der unterrichtsfreien Zeit geeignet. Es bietet begleitende \u00dcbungen und Aufgaben zum Basislernprogramm. Daneben gibt es Wiederholungs\u00fcbungen, die den Lerner an das vorausgesetzte Niveau heranf\u00fchren,&#8230;<\/p>\n","protected":false},"featured_media":154792,"template":"","meta":{"_acf_changed":false,"inline_featured_image":false},"product_brand":[],"product_cat":[538],"product_tag":[],"series":[{"id":2263,"name":"Ziel","slug":"ziel"}],"publisher":[{"id":497,"name":"Hueber Verlag","slug":"hueber-verlag"}],"class_list":{"0":"post-154954","1":"product","2":"type-product","3":"status-publish","4":"has-post-thumbnail","6":"product_cat-lehrwerke-fur-erwachsene","7":"series-ziel","8":"publisher-hueber-verlag","10":"first","11":"instock","12":"taxable","13":"shipping-taxable","14":"purchasable","15":"product-type-simple"},"acf":[],"_links":{"self":[{"href":"https:\/\/exlibris.ee\/en\/wp-json\/wp\/v2\/product\/154954","targetHints":{"allow":["GET"]}}],"collection":[{"href":"https:\/\/exlibris.ee\/en\/wp-json\/wp\/v2\/product"}],"about":[{"href":"https:\/\/exlibris.ee\/en\/wp-json\/wp\/v2\/types\/product"}],"wp:featuredmedia":[{"embeddable":true,"href":"https:\/\/exlibris.ee\/en\/wp-json\/wp\/v2\/media\/154792"}],"wp:attachment":[{"href":"https:\/\/exlibris.ee\/en\/wp-json\/wp\/v2\/media?parent=154954"}],"wp:term":[{"taxonomy":"product_brand","embeddable":true,"href":"https:\/\/exlibris.ee\/en\/wp-json\/wp\/v2\/product_brand?post=154954"},{"taxonomy":"product_cat","embeddable":true,"href":"https:\/\/exlibris.ee\/en\/wp-json\/wp\/v2\/product_cat?post=154954"},{"taxonomy":"product_tag","embeddable":true,"href":"https:\/\/exlibris.ee\/en\/wp-json\/wp\/v2\/product_tag?post=154954"},{"taxonomy":"series","embeddable":true,"href":"https:\/\/exlibris.ee\/en\/wp-json\/wp\/v2\/series?post=154954"},{"taxonomy":"publisher","embeddable":true,"href":"https:\/\/exlibris.ee\/en\/wp-json\/wp\/v2\/publisher?post=154954"}],"curies":[{"name":"wp","href":"https:\/\/api.w.org\/{rel}","templated":true}]}}