{"id":154959,"date":"2025-04-17T03:28:21","date_gmt":"2025-04-17T00:28:21","guid":{"rendered":"https:\/\/exlibris.ee\/toode\/themen-neu-3-lehrerbuch-teil-a\/"},"modified":"2026-04-04T03:16:02","modified_gmt":"2026-04-04T00:16:02","slug":"themen-neu-3-lehrerbuch-teil-a","status":"publish","type":"product","link":"https:\/\/exlibris.ee\/en\/product\/themen-neu-3-lehrerbuch-teil-a\/","title":{"rendered":"Themen Neu 3, Lehrerbuch, Teil A"},"content":{"rendered":"<p>Das Lehrerhandbuch &#8220;Themen Neu 3. Lehrerhandbuch Teil A&#8221; von Heiko Bock und Hartmut Aufderstrasse, herausgegeben vom Hueber Verlag, bietet Lehrkr\u00e4ften umfassende methodische Anleitungen zur effektiven Gestaltung des Deutschunterrichts mit dem Lehrwerk &#8220;Themen Neu 3&#8221;. Es enth\u00e4lt unterrichtspraktische Hinweise, L\u00f6sungen zum Kursbuch sowie H\u00f6rtexte, die den Unterricht bereichern und die Sprachkompetenz der Lernenden f\u00f6rdern. Die zweite Auflage wurde im Jahr 2000 ver\u00f6ffentlicht und umfasst 76 Seiten.<\/p>\n","protected":false},"excerpt":{"rendered":"<p>Das Lehrerhandbuch &#8220;Themen Neu 3. Lehrerhandbuch Teil A&#8221; von Heiko Bock und Hartmut Aufderstrasse, herausgegeben vom Hueber Verlag, bietet Lehrkr\u00e4ften umfassende methodische Anleitungen zur effektiven Gestaltung des Deutschunterrichts mit dem Lehrwerk &#8220;Themen Neu 3&#8221;. Es enth\u00e4lt unterrichtspraktische Hinweise, L\u00f6sungen zum&#8230;<\/p>\n","protected":false},"featured_media":154801,"template":"","meta":{"_acf_changed":false,"inline_featured_image":false},"product_brand":[],"product_cat":[538],"product_tag":[],"series":[{"id":2328,"name":"Themen neu","slug":"themen-neu"}],"publisher":[{"id":497,"name":"Hueber Verlag","slug":"hueber-verlag"}],"class_list":{"0":"post-154959","1":"product","2":"type-product","3":"status-publish","4":"has-post-thumbnail","6":"product_cat-lehrwerke-fur-erwachsene","7":"series-themen-neu","8":"publisher-hueber-verlag","10":"first","11":"instock","12":"taxable","13":"shipping-taxable","14":"purchasable","15":"product-type-simple"},"acf":[],"_links":{"self":[{"href":"https:\/\/exlibris.ee\/en\/wp-json\/wp\/v2\/product\/154959","targetHints":{"allow":["GET"]}}],"collection":[{"href":"https:\/\/exlibris.ee\/en\/wp-json\/wp\/v2\/product"}],"about":[{"href":"https:\/\/exlibris.ee\/en\/wp-json\/wp\/v2\/types\/product"}],"wp:featuredmedia":[{"embeddable":true,"href":"https:\/\/exlibris.ee\/en\/wp-json\/wp\/v2\/media\/154801"}],"wp:attachment":[{"href":"https:\/\/exlibris.ee\/en\/wp-json\/wp\/v2\/media?parent=154959"}],"wp:term":[{"taxonomy":"product_brand","embeddable":true,"href":"https:\/\/exlibris.ee\/en\/wp-json\/wp\/v2\/product_brand?post=154959"},{"taxonomy":"product_cat","embeddable":true,"href":"https:\/\/exlibris.ee\/en\/wp-json\/wp\/v2\/product_cat?post=154959"},{"taxonomy":"product_tag","embeddable":true,"href":"https:\/\/exlibris.ee\/en\/wp-json\/wp\/v2\/product_tag?post=154959"},{"taxonomy":"series","embeddable":true,"href":"https:\/\/exlibris.ee\/en\/wp-json\/wp\/v2\/series?post=154959"},{"taxonomy":"publisher","embeddable":true,"href":"https:\/\/exlibris.ee\/en\/wp-json\/wp\/v2\/publisher?post=154959"}],"curies":[{"name":"wp","href":"https:\/\/api.w.org\/{rel}","templated":true}]}}