{"id":154961,"date":"2025-04-17T03:28:22","date_gmt":"2025-04-17T00:28:22","guid":{"rendered":"https:\/\/exlibris.ee\/toode\/em-bruckenkurs-lehrerhandbuch\/"},"modified":"2026-04-14T19:21:20","modified_gmt":"2026-04-14T16:21:20","slug":"em-bruckenkurs-lehrerhandbuch","status":"publish","type":"product","link":"https:\/\/exlibris.ee\/en\/product\/em-bruckenkurs-lehrerhandbuch\/","title":{"rendered":"em, Br\u00fcckenkurs, Lehrerhandbuch"},"content":{"rendered":"<p>Br\u00fcckenkurs, Lehrerhandbuch ist ein Lehrerhandbuch aus der \u201eThemen neu\u201c-Reihe, das speziell f\u00fcr den Deutschunterricht auf verschiedenen Niveaustufen entwickelt wurde. Es bietet Lehrkr\u00e4ften detaillierte methodische Anleitungen, L\u00f6sungen zu den \u00dcbungen im \u201eBr\u00fcckenkurs\u201c-Lehrbuch sowie zus\u00e4tzliche Materialien zur Unterst\u00fctzung des Unterrichts. Das Handbuch hilft dabei, den Lernprozess effizient zu gestalten, indem es praxisorientierte Tipps und Strategien zur F\u00f6rderung der Sprachf\u00e4higkeiten der Sch\u00fcler bietet. Es ist ein wertvolles Werkzeug, um den Unterricht abwechslungsreich und auf die Bed\u00fcrfnisse der Lernenden abgestimmt zu gestalten.<\/p>\n","protected":false},"excerpt":{"rendered":"<p>Br\u00fcckenkurs, Lehrerhandbuch ist ein Lehrerhandbuch aus der \u201eThemen neu\u201c-Reihe, das speziell f\u00fcr den Deutschunterricht auf verschiedenen Niveaustufen entwickelt wurde. Es bietet Lehrkr\u00e4ften detaillierte methodische Anleitungen, L\u00f6sungen zu den \u00dcbungen im \u201eBr\u00fcckenkurs\u201c-Lehrbuch sowie zus\u00e4tzliche Materialien zur Unterst\u00fctzung des Unterrichts. Das Handbuch&#8230;<\/p>\n","protected":false},"featured_media":154807,"template":"","meta":{"_acf_changed":false,"inline_featured_image":false},"product_brand":[],"product_cat":[538],"product_tag":[],"series":[{"id":2330,"name":"em","slug":"em"}],"publisher":[{"id":497,"name":"Hueber Verlag","slug":"hueber-verlag"}],"class_list":{"0":"post-154961","1":"product","2":"type-product","3":"status-publish","4":"has-post-thumbnail","6":"product_cat-lehrwerke-fur-erwachsene","7":"series-em","8":"publisher-hueber-verlag","10":"first","11":"instock","12":"taxable","13":"shipping-taxable","14":"purchasable","15":"product-type-simple"},"acf":[],"_links":{"self":[{"href":"https:\/\/exlibris.ee\/en\/wp-json\/wp\/v2\/product\/154961","targetHints":{"allow":["GET"]}}],"collection":[{"href":"https:\/\/exlibris.ee\/en\/wp-json\/wp\/v2\/product"}],"about":[{"href":"https:\/\/exlibris.ee\/en\/wp-json\/wp\/v2\/types\/product"}],"wp:featuredmedia":[{"embeddable":true,"href":"https:\/\/exlibris.ee\/en\/wp-json\/wp\/v2\/media\/154807"}],"wp:attachment":[{"href":"https:\/\/exlibris.ee\/en\/wp-json\/wp\/v2\/media?parent=154961"}],"wp:term":[{"taxonomy":"product_brand","embeddable":true,"href":"https:\/\/exlibris.ee\/en\/wp-json\/wp\/v2\/product_brand?post=154961"},{"taxonomy":"product_cat","embeddable":true,"href":"https:\/\/exlibris.ee\/en\/wp-json\/wp\/v2\/product_cat?post=154961"},{"taxonomy":"product_tag","embeddable":true,"href":"https:\/\/exlibris.ee\/en\/wp-json\/wp\/v2\/product_tag?post=154961"},{"taxonomy":"series","embeddable":true,"href":"https:\/\/exlibris.ee\/en\/wp-json\/wp\/v2\/series?post=154961"},{"taxonomy":"publisher","embeddable":true,"href":"https:\/\/exlibris.ee\/en\/wp-json\/wp\/v2\/publisher?post=154961"}],"curies":[{"name":"wp","href":"https:\/\/api.w.org\/{rel}","templated":true}]}}