{"id":154964,"date":"2025-04-17T03:28:22","date_gmt":"2025-04-17T00:28:22","guid":{"rendered":"https:\/\/exlibris.ee\/toode\/schritte-international-6-lehrerhandbuch\/"},"modified":"2026-04-04T03:16:56","modified_gmt":"2026-04-04T00:16:56","slug":"schritte-international-6-lehrerhandbuch","status":"publish","type":"product","link":"https:\/\/exlibris.ee\/en\/product\/schritte-international-6-lehrerhandbuch\/","title":{"rendered":"Schritte International 6, Lehrerhandbuch"},"content":{"rendered":"<p>Ausf\u00fchrliche Hinweise zum Vorgehen im Unterricht mit methodischen Tipps und Vorschl\u00e4gen zur Binnendifferenzierung. Zahlreiche Kopiervorlagen: &#8211; zus\u00e4tzliche \u00dcbungen f\u00fcr den Unterricht &#8211; Tests zu jeder Lektion &#8211; Spiele und Wiederholungs\u00fcbungen nach jeder zweiten Lektion  Enth\u00e4lt die Transkriptionen aller H\u00f6raufnahmen und die L\u00f6sungen zu allen Aufgaben im Kursbuch und Arbeitsbuch.<\/p>\n","protected":false},"excerpt":{"rendered":"<p>Ausf\u00fchrliche Hinweise zum Vorgehen im Unterricht mit methodischen Tipps und Vorschl\u00e4gen zur Binnendifferenzierung. Zahlreiche Kopiervorlagen: &#8211; zus\u00e4tzliche \u00dcbungen f\u00fcr den Unterricht &#8211; Tests zu jeder Lektion &#8211; Spiele und Wiederholungs\u00fcbungen nach jeder zweiten Lektion Enth\u00e4lt die Transkriptionen aller H\u00f6raufnahmen und&#8230;<\/p>\n","protected":false},"featured_media":154648,"template":"","meta":{"_acf_changed":false,"inline_featured_image":false},"product_brand":[],"product_cat":[538],"product_tag":[],"series":[{"id":1344,"name":"Schritte","slug":"schritte"}],"publisher":[{"id":497,"name":"Hueber Verlag","slug":"hueber-verlag"}],"class_list":{"0":"post-154964","1":"product","2":"type-product","3":"status-publish","4":"has-post-thumbnail","6":"product_cat-lehrwerke-fur-erwachsene","7":"series-schritte","8":"publisher-hueber-verlag","10":"first","11":"instock","12":"taxable","13":"shipping-taxable","14":"purchasable","15":"product-type-simple"},"acf":[],"_links":{"self":[{"href":"https:\/\/exlibris.ee\/en\/wp-json\/wp\/v2\/product\/154964","targetHints":{"allow":["GET"]}}],"collection":[{"href":"https:\/\/exlibris.ee\/en\/wp-json\/wp\/v2\/product"}],"about":[{"href":"https:\/\/exlibris.ee\/en\/wp-json\/wp\/v2\/types\/product"}],"wp:featuredmedia":[{"embeddable":true,"href":"https:\/\/exlibris.ee\/en\/wp-json\/wp\/v2\/media\/154648"}],"wp:attachment":[{"href":"https:\/\/exlibris.ee\/en\/wp-json\/wp\/v2\/media?parent=154964"}],"wp:term":[{"taxonomy":"product_brand","embeddable":true,"href":"https:\/\/exlibris.ee\/en\/wp-json\/wp\/v2\/product_brand?post=154964"},{"taxonomy":"product_cat","embeddable":true,"href":"https:\/\/exlibris.ee\/en\/wp-json\/wp\/v2\/product_cat?post=154964"},{"taxonomy":"product_tag","embeddable":true,"href":"https:\/\/exlibris.ee\/en\/wp-json\/wp\/v2\/product_tag?post=154964"},{"taxonomy":"series","embeddable":true,"href":"https:\/\/exlibris.ee\/en\/wp-json\/wp\/v2\/series?post=154964"},{"taxonomy":"publisher","embeddable":true,"href":"https:\/\/exlibris.ee\/en\/wp-json\/wp\/v2\/publisher?post=154964"}],"curies":[{"name":"wp","href":"https:\/\/api.w.org\/{rel}","templated":true}]}}