{"id":154965,"date":"2025-04-17T03:28:23","date_gmt":"2025-04-17T00:28:23","guid":{"rendered":"https:\/\/exlibris.ee\/toode\/training-zertifikat-deutsch-2-cd-s\/"},"modified":"2026-04-07T21:22:11","modified_gmt":"2026-04-07T18:22:11","slug":"training-zertifikat-deutsch-2-cd-s","status":"publish","type":"product","link":"https:\/\/exlibris.ee\/en\/product\/training-zertifikat-deutsch-2-cd-s\/","title":{"rendered":"Training Zertifikat Deutsch, 2 CD-s"},"content":{"rendered":"<p>Training Zertifikat Deutsch ist ein Lehrbuch, das auf die Vorbereitung auf die Goethe-Zertifikat-Pr\u00fcfungen abzielt. Es enth\u00e4lt \u00dcbungen zum Lesen, H\u00f6ren, Schreiben und Sprechen, die helfen, alle Aspekte der Sprachkompetenz zu entwickeln. Das Set umfasst zwei Audio-CDs, die f\u00fcr das \u00dcben des H\u00f6rverst\u00e4ndnisses gedacht sind. Die Autoren Roland Dittrich und Evelyn Frey haben umfangreiche Erfahrung in der Erstellung von Lehrb\u00fcchern f\u00fcr die deutsche Sprache.<\/p>\n","protected":false},"excerpt":{"rendered":"<p>Training Zertifikat Deutsch ist ein Lehrbuch, das auf die Vorbereitung auf die Goethe-Zertifikat-Pr\u00fcfungen abzielt. Es enth\u00e4lt \u00dcbungen zum Lesen, H\u00f6ren, Schreiben und Sprechen, die helfen, alle Aspekte der Sprachkompetenz zu entwickeln. Das Set umfasst zwei Audio-CDs, die f\u00fcr das \u00dcben&#8230;<\/p>\n","protected":false},"featured_media":154654,"template":"","meta":{"_acf_changed":false,"inline_featured_image":false},"product_brand":[],"product_cat":[538],"product_tag":[],"series":[],"publisher":[{"id":497,"name":"Hueber Verlag","slug":"hueber-verlag"}],"class_list":{"0":"post-154965","1":"product","2":"type-product","3":"status-publish","4":"has-post-thumbnail","6":"product_cat-lehrwerke-fur-erwachsene","7":"publisher-hueber-verlag","9":"first","10":"instock","11":"taxable","12":"shipping-taxable","13":"purchasable","14":"product-type-simple"},"acf":[],"_links":{"self":[{"href":"https:\/\/exlibris.ee\/en\/wp-json\/wp\/v2\/product\/154965","targetHints":{"allow":["GET"]}}],"collection":[{"href":"https:\/\/exlibris.ee\/en\/wp-json\/wp\/v2\/product"}],"about":[{"href":"https:\/\/exlibris.ee\/en\/wp-json\/wp\/v2\/types\/product"}],"wp:featuredmedia":[{"embeddable":true,"href":"https:\/\/exlibris.ee\/en\/wp-json\/wp\/v2\/media\/154654"}],"wp:attachment":[{"href":"https:\/\/exlibris.ee\/en\/wp-json\/wp\/v2\/media?parent=154965"}],"wp:term":[{"taxonomy":"product_brand","embeddable":true,"href":"https:\/\/exlibris.ee\/en\/wp-json\/wp\/v2\/product_brand?post=154965"},{"taxonomy":"product_cat","embeddable":true,"href":"https:\/\/exlibris.ee\/en\/wp-json\/wp\/v2\/product_cat?post=154965"},{"taxonomy":"product_tag","embeddable":true,"href":"https:\/\/exlibris.ee\/en\/wp-json\/wp\/v2\/product_tag?post=154965"},{"taxonomy":"series","embeddable":true,"href":"https:\/\/exlibris.ee\/en\/wp-json\/wp\/v2\/series?post=154965"},{"taxonomy":"publisher","embeddable":true,"href":"https:\/\/exlibris.ee\/en\/wp-json\/wp\/v2\/publisher?post=154965"}],"curies":[{"name":"wp","href":"https:\/\/api.w.org\/{rel}","templated":true}]}}