{"id":154970,"date":"2025-04-17T03:28:24","date_gmt":"2025-04-17T00:28:24","guid":{"rendered":"https:\/\/exlibris.ee\/toode\/tangram-2-3-audio-cds-zum-kursbuch-und-arbeitsbuch-hortexte-sprechubungen-und-ubungen-zur-phonetik\/"},"modified":"2026-04-05T15:28:42","modified_gmt":"2026-04-05T12:28:42","slug":"tangram-2-3-audio-cds-zum-kursbuch-und-arbeitsbuch-hortexte-sprechubungen-und-ubungen-zur-phonetik","status":"publish","type":"product","link":"https:\/\/exlibris.ee\/en\/product\/tangram-2-3-audio-cds-zum-kursbuch-und-arbeitsbuch-hortexte-sprechubungen-und-ubungen-zur-phonetik\/","title":{"rendered":"Tangram 2, 3 Audio-CDs zum Kursbuch und Arbeitsbuch: H\u00f6rtexte, Sprech\u00fcbungen und \u00dcbungen zur Phonetik"},"content":{"rendered":"<p>Das Tangram 2 Lehrwerk umfasst neben dem Kursbuch und Arbeitsbuch auch eine Sammlung von 3 Audio-CDs. Diese CDs enthalten alle mit dem Kassettensymbol gekennzeichneten \u00dcbungen des Kursbuchs und des Arbeitsbuchs, einschlie\u00dflich H\u00f6rtexte, Sprech\u00fcbungen und phonologische \u00dcbungen zur Verbesserung der Aussprache und Intonation. Die Gesamtlaufzeit betr\u00e4gt etwa 151 Minuten. Die Sprecherinnen und Sprecher sind unter anderem M. Ammler, U. Arnold, M. Hartmann, J. Riedel, C. Krumbiegel und Walter v. Hauff.<\/p>\n","protected":false},"excerpt":{"rendered":"<p>Das Tangram 2 Lehrwerk umfasst neben dem Kursbuch und Arbeitsbuch auch eine Sammlung von 3 Audio-CDs. Diese CDs enthalten alle mit dem Kassettensymbol gekennzeichneten \u00dcbungen des Kursbuchs und des Arbeitsbuchs, einschlie\u00dflich H\u00f6rtexte, Sprech\u00fcbungen und phonologische \u00dcbungen zur Verbesserung der Aussprache&#8230;<\/p>\n","protected":false},"featured_media":154669,"template":"","meta":{"_acf_changed":false,"inline_featured_image":false},"product_brand":[],"product_cat":[538],"product_tag":[],"series":[{"id":1269,"name":"Tangram","slug":"tangram"}],"publisher":[{"id":497,"name":"Hueber Verlag","slug":"hueber-verlag"}],"class_list":{"0":"post-154970","1":"product","2":"type-product","3":"status-publish","4":"has-post-thumbnail","6":"product_cat-lehrwerke-fur-erwachsene","7":"series-tangram","8":"publisher-hueber-verlag","10":"first","11":"instock","12":"taxable","13":"shipping-taxable","14":"purchasable","15":"product-type-simple"},"acf":[],"_links":{"self":[{"href":"https:\/\/exlibris.ee\/en\/wp-json\/wp\/v2\/product\/154970","targetHints":{"allow":["GET"]}}],"collection":[{"href":"https:\/\/exlibris.ee\/en\/wp-json\/wp\/v2\/product"}],"about":[{"href":"https:\/\/exlibris.ee\/en\/wp-json\/wp\/v2\/types\/product"}],"wp:featuredmedia":[{"embeddable":true,"href":"https:\/\/exlibris.ee\/en\/wp-json\/wp\/v2\/media\/154669"}],"wp:attachment":[{"href":"https:\/\/exlibris.ee\/en\/wp-json\/wp\/v2\/media?parent=154970"}],"wp:term":[{"taxonomy":"product_brand","embeddable":true,"href":"https:\/\/exlibris.ee\/en\/wp-json\/wp\/v2\/product_brand?post=154970"},{"taxonomy":"product_cat","embeddable":true,"href":"https:\/\/exlibris.ee\/en\/wp-json\/wp\/v2\/product_cat?post=154970"},{"taxonomy":"product_tag","embeddable":true,"href":"https:\/\/exlibris.ee\/en\/wp-json\/wp\/v2\/product_tag?post=154970"},{"taxonomy":"series","embeddable":true,"href":"https:\/\/exlibris.ee\/en\/wp-json\/wp\/v2\/series?post=154970"},{"taxonomy":"publisher","embeddable":true,"href":"https:\/\/exlibris.ee\/en\/wp-json\/wp\/v2\/publisher?post=154970"}],"curies":[{"name":"wp","href":"https:\/\/api.w.org\/{rel}","templated":true}]}}