{"id":154974,"date":"2025-04-17T03:28:25","date_gmt":"2025-04-17T00:28:25","guid":{"rendered":"https:\/\/exlibris.ee\/toode\/tangram-2b-vokabelheft\/"},"modified":"2026-04-04T03:17:02","modified_gmt":"2026-04-04T00:17:02","slug":"tangram-2b-vokabelheft","status":"publish","type":"product","link":"https:\/\/exlibris.ee\/en\/product\/tangram-2b-vokabelheft\/","title":{"rendered":"Tangram 2B, Vokabelheft"},"content":{"rendered":"<p>Das Vokabelheft enth\u00e4lt die Vokabeln und Redewendungen der Lektionen des Lehrbuchs, die im Kontext pr\u00e4sentiert werden. Sch\u00fcler haben zudem die M\u00f6glichkeit, eigene \u00dcbersetzungen und Anmerkungen hinzuzuf\u00fcgen. Bitte beachten Sie, dass dieses Heft in deutscher Sprache verfasst ist.<\/p>\n","protected":false},"excerpt":{"rendered":"<p>Das Vokabelheft enth\u00e4lt die Vokabeln und Redewendungen der Lektionen des Lehrbuchs, die im Kontext pr\u00e4sentiert werden. Sch\u00fcler haben zudem die M\u00f6glichkeit, eigene \u00dcbersetzungen und Anmerkungen hinzuzuf\u00fcgen. Bitte beachten Sie, dass dieses Heft in deutscher Sprache verfasst ist.<\/p>\n","protected":false},"featured_media":154825,"template":"","meta":{"_acf_changed":false,"inline_featured_image":false},"product_brand":[],"product_cat":[538],"product_tag":[],"series":[{"id":1269,"name":"Tangram","slug":"tangram"}],"publisher":[{"id":497,"name":"Hueber Verlag","slug":"hueber-verlag"}],"class_list":{"0":"post-154974","1":"product","2":"type-product","3":"status-publish","4":"has-post-thumbnail","6":"product_cat-lehrwerke-fur-erwachsene","7":"series-tangram","8":"publisher-hueber-verlag","10":"first","11":"instock","12":"taxable","13":"shipping-taxable","14":"purchasable","15":"product-type-simple"},"acf":[],"_links":{"self":[{"href":"https:\/\/exlibris.ee\/en\/wp-json\/wp\/v2\/product\/154974","targetHints":{"allow":["GET"]}}],"collection":[{"href":"https:\/\/exlibris.ee\/en\/wp-json\/wp\/v2\/product"}],"about":[{"href":"https:\/\/exlibris.ee\/en\/wp-json\/wp\/v2\/types\/product"}],"wp:featuredmedia":[{"embeddable":true,"href":"https:\/\/exlibris.ee\/en\/wp-json\/wp\/v2\/media\/154825"}],"wp:attachment":[{"href":"https:\/\/exlibris.ee\/en\/wp-json\/wp\/v2\/media?parent=154974"}],"wp:term":[{"taxonomy":"product_brand","embeddable":true,"href":"https:\/\/exlibris.ee\/en\/wp-json\/wp\/v2\/product_brand?post=154974"},{"taxonomy":"product_cat","embeddable":true,"href":"https:\/\/exlibris.ee\/en\/wp-json\/wp\/v2\/product_cat?post=154974"},{"taxonomy":"product_tag","embeddable":true,"href":"https:\/\/exlibris.ee\/en\/wp-json\/wp\/v2\/product_tag?post=154974"},{"taxonomy":"series","embeddable":true,"href":"https:\/\/exlibris.ee\/en\/wp-json\/wp\/v2\/series?post=154974"},{"taxonomy":"publisher","embeddable":true,"href":"https:\/\/exlibris.ee\/en\/wp-json\/wp\/v2\/publisher?post=154974"}],"curies":[{"name":"wp","href":"https:\/\/api.w.org\/{rel}","templated":true}]}}