{"id":154988,"date":"2025-04-17T03:36:21","date_gmt":"2025-04-17T00:36:21","guid":{"rendered":"https:\/\/exlibris.ee\/toode\/tangram-2-a-glossar-deutsch-russisch-2\/"},"modified":"2026-04-04T03:19:58","modified_gmt":"2026-04-04T00:19:58","slug":"tangram-2-a-glossar-deutsch-russisch-2","status":"publish","type":"product","link":"https:\/\/exlibris.ee\/en\/product\/tangram-2-a-glossar-deutsch-russisch-2\/","title":{"rendered":"Tangram 2 A, Glossar Deutsch-Russisch"},"content":{"rendered":"<p>Dieses Glossar ist die ideale Erg\u00e4nzung zum Lehrwerk Tangram 2A und richtet sich an russischsprachige Lernende. Es enth\u00e4lt den zentralen Wortschatz aus dem Kursbuch in alphabetischer Reihenfolge mit russischen \u00dcbersetzungen. Die klare Struktur erleichtert das Nachschlagen und unterst\u00fctzt das selbstst\u00e4ndige Lernen und Wiederholen des Wortschatzes. Optimal geeignet f\u00fcr den Einsatz im Unterricht und zum Selbststudium auf dem Niveau A2.\u200b<\/p>\n","protected":false},"excerpt":{"rendered":"<p>Dieses Glossar ist die ideale Erg\u00e4nzung zum Lehrwerk Tangram 2A und richtet sich an russischsprachige Lernende. Es enth\u00e4lt den zentralen Wortschatz aus dem Kursbuch in alphabetischer Reihenfolge mit russischen \u00dcbersetzungen. Die klare Struktur erleichtert das Nachschlagen und unterst\u00fctzt das selbstst\u00e4ndige&#8230;<\/p>\n","protected":false},"featured_media":154699,"template":"","meta":{"_acf_changed":false,"inline_featured_image":false},"product_brand":[],"product_cat":[538],"product_tag":[],"series":[{"id":1269,"name":"Tangram","slug":"tangram"}],"publisher":[{"id":497,"name":"Hueber Verlag","slug":"hueber-verlag"}],"class_list":{"0":"post-154988","1":"product","2":"type-product","3":"status-publish","4":"has-post-thumbnail","6":"product_cat-lehrwerke-fur-erwachsene","7":"series-tangram","8":"publisher-hueber-verlag","10":"first","11":"instock","12":"taxable","13":"shipping-taxable","14":"purchasable","15":"product-type-simple"},"acf":[],"_links":{"self":[{"href":"https:\/\/exlibris.ee\/en\/wp-json\/wp\/v2\/product\/154988","targetHints":{"allow":["GET"]}}],"collection":[{"href":"https:\/\/exlibris.ee\/en\/wp-json\/wp\/v2\/product"}],"about":[{"href":"https:\/\/exlibris.ee\/en\/wp-json\/wp\/v2\/types\/product"}],"wp:featuredmedia":[{"embeddable":true,"href":"https:\/\/exlibris.ee\/en\/wp-json\/wp\/v2\/media\/154699"}],"wp:attachment":[{"href":"https:\/\/exlibris.ee\/en\/wp-json\/wp\/v2\/media?parent=154988"}],"wp:term":[{"taxonomy":"product_brand","embeddable":true,"href":"https:\/\/exlibris.ee\/en\/wp-json\/wp\/v2\/product_brand?post=154988"},{"taxonomy":"product_cat","embeddable":true,"href":"https:\/\/exlibris.ee\/en\/wp-json\/wp\/v2\/product_cat?post=154988"},{"taxonomy":"product_tag","embeddable":true,"href":"https:\/\/exlibris.ee\/en\/wp-json\/wp\/v2\/product_tag?post=154988"},{"taxonomy":"series","embeddable":true,"href":"https:\/\/exlibris.ee\/en\/wp-json\/wp\/v2\/series?post=154988"},{"taxonomy":"publisher","embeddable":true,"href":"https:\/\/exlibris.ee\/en\/wp-json\/wp\/v2\/publisher?post=154988"}],"curies":[{"name":"wp","href":"https:\/\/api.w.org\/{rel}","templated":true}]}}