{"id":154993,"date":"2025-04-17T03:36:22","date_gmt":"2025-04-17T00:36:22","guid":{"rendered":"https:\/\/exlibris.ee\/toode\/tangram-2a-ubungsheft\/"},"modified":"2026-04-04T03:20:04","modified_gmt":"2026-04-04T00:20:04","slug":"tangram-2a-ubungsheft","status":"publish","type":"product","link":"https:\/\/exlibris.ee\/en\/product\/tangram-2a-ubungsheft\/","title":{"rendered":"Tangram 2A, \u00dcbungsheft"},"content":{"rendered":"<p>Dieses \u00dcbungsheft begleitet das Lehrwerk Tangram 2A und bietet eine Vielzahl von \u00dcbungen zur Vertiefung und Festigung des gelernten Wortschatzes und der Grammatik. Es eignet sich sowohl f\u00fcr den Einsatz im Unterricht als auch f\u00fcr das Selbststudium.\u200b  Inhalt:  Vielf\u00e4ltige \u00dcbungen zu Wortschatz und Grammatik\u200b  Selbstkontrolltests und L\u00f6sungen zur \u00dcberpr\u00fcfung des Lernfortschritts\u200b  F\u00f6rderung der kommunikativen Kompetenzen\u200b.<\/p>\n","protected":false},"excerpt":{"rendered":"<p>Dieses \u00dcbungsheft begleitet das Lehrwerk Tangram 2A und bietet eine Vielzahl von \u00dcbungen zur Vertiefung und Festigung des gelernten Wortschatzes und der Grammatik. Es eignet sich sowohl f\u00fcr den Einsatz im Unterricht als auch f\u00fcr das Selbststudium.\u200b Inhalt: Vielf\u00e4ltige \u00dcbungen&#8230;<\/p>\n","protected":false},"featured_media":154714,"template":"","meta":{"_acf_changed":false,"inline_featured_image":false},"product_brand":[],"product_cat":[538],"product_tag":[],"series":[{"id":1269,"name":"Tangram","slug":"tangram"}],"publisher":[{"id":497,"name":"Hueber Verlag","slug":"hueber-verlag"}],"class_list":{"0":"post-154993","1":"product","2":"type-product","3":"status-publish","4":"has-post-thumbnail","6":"product_cat-lehrwerke-fur-erwachsene","7":"series-tangram","8":"publisher-hueber-verlag","10":"first","11":"instock","12":"taxable","13":"shipping-taxable","14":"purchasable","15":"product-type-simple"},"acf":[],"_links":{"self":[{"href":"https:\/\/exlibris.ee\/en\/wp-json\/wp\/v2\/product\/154993","targetHints":{"allow":["GET"]}}],"collection":[{"href":"https:\/\/exlibris.ee\/en\/wp-json\/wp\/v2\/product"}],"about":[{"href":"https:\/\/exlibris.ee\/en\/wp-json\/wp\/v2\/types\/product"}],"wp:featuredmedia":[{"embeddable":true,"href":"https:\/\/exlibris.ee\/en\/wp-json\/wp\/v2\/media\/154714"}],"wp:attachment":[{"href":"https:\/\/exlibris.ee\/en\/wp-json\/wp\/v2\/media?parent=154993"}],"wp:term":[{"taxonomy":"product_brand","embeddable":true,"href":"https:\/\/exlibris.ee\/en\/wp-json\/wp\/v2\/product_brand?post=154993"},{"taxonomy":"product_cat","embeddable":true,"href":"https:\/\/exlibris.ee\/en\/wp-json\/wp\/v2\/product_cat?post=154993"},{"taxonomy":"product_tag","embeddable":true,"href":"https:\/\/exlibris.ee\/en\/wp-json\/wp\/v2\/product_tag?post=154993"},{"taxonomy":"series","embeddable":true,"href":"https:\/\/exlibris.ee\/en\/wp-json\/wp\/v2\/series?post=154993"},{"taxonomy":"publisher","embeddable":true,"href":"https:\/\/exlibris.ee\/en\/wp-json\/wp\/v2\/publisher?post=154993"}],"curies":[{"name":"wp","href":"https:\/\/api.w.org\/{rel}","templated":true}]}}