{"id":154994,"date":"2025-04-17T03:36:23","date_gmt":"2025-04-17T00:36:23","guid":{"rendered":"https:\/\/exlibris.ee\/toode\/schritte-5-kursbucharbeitsbuch-mit-cd\/"},"modified":"2026-04-04T03:20:04","modified_gmt":"2026-04-04T00:20:04","slug":"schritte-5-kursbucharbeitsbuch-mit-cd","status":"publish","type":"product","link":"https:\/\/exlibris.ee\/en\/product\/schritte-5-kursbucharbeitsbuch-mit-cd\/","title":{"rendered":"Schritte 5, Kursbuch+Arbeitsbuch mit CD"},"content":{"rendered":"<p>Ein Lehrwerk f\u00fcr alle, die in einem deutschsprachigen Land leben oder leben m\u00f6chten. Zielgruppe: Erwachsene Anf\u00e4nger an Institutionen der Erwachsenenbildung in einem deutschsprachigen Land; Lernende im Ausland, die sich auf das Leben (Studien- oder Arbeitsaufenthalt) in einem deutschsprachigen Land vorbereiten wollen. Lernziel: Schritte orientiert sich genau an den Vorgaben des Gemeinsamen Europ\u00e4ischen Referenzrahmens: Jeweils zwei B\u00e4nde des sechsb\u00e4ndigen Lehrwerks f\u00fchren zu den Niveaustufen A1, A2 und B1 und bereiten auf die Pr\u00fcfungen Start Deutsch 1 und 2z sowie das Zertifikat Deutsch vor. Konzeption: Alltagsrelevante Themen: Schritte erleichtert die Integration in den deutschsprachigen Alltag: Die wichtigen Bereiche des Familienlebens und der Arbeitswelt nehmen breiten Raum ein. Transparenter Aufbau: Die Lektionen sind kurz und haben einen klaren Aufbau. Jeder Lernschritt ist auf einer Seite abgeschlossen. Die \u00dcbungs- und Aufgabenabfolge in jedem Lernschritt ist f\u00fcr Lehrende und Lernende transparent.<\/p>\n","protected":false},"excerpt":{"rendered":"<p>Ein Lehrwerk f\u00fcr alle, die in einem deutschsprachigen Land leben oder leben m\u00f6chten. Zielgruppe: Erwachsene Anf\u00e4nger an Institutionen der Erwachsenenbildung in einem deutschsprachigen Land; Lernende im Ausland, die sich auf das Leben (Studien- oder Arbeitsaufenthalt) in einem deutschsprachigen Land vorbereiten&#8230;<\/p>\n","protected":false},"featured_media":154717,"template":"","meta":{"_acf_changed":false,"inline_featured_image":false},"product_brand":[],"product_cat":[538],"product_tag":[],"series":[{"id":1344,"name":"Schritte","slug":"schritte"}],"publisher":[{"id":497,"name":"Hueber Verlag","slug":"hueber-verlag"}],"class_list":{"0":"post-154994","1":"product","2":"type-product","3":"status-publish","4":"has-post-thumbnail","6":"product_cat-lehrwerke-fur-erwachsene","7":"series-schritte","8":"publisher-hueber-verlag","10":"first","11":"instock","12":"taxable","13":"shipping-taxable","14":"purchasable","15":"product-type-simple"},"acf":[],"_links":{"self":[{"href":"https:\/\/exlibris.ee\/en\/wp-json\/wp\/v2\/product\/154994","targetHints":{"allow":["GET"]}}],"collection":[{"href":"https:\/\/exlibris.ee\/en\/wp-json\/wp\/v2\/product"}],"about":[{"href":"https:\/\/exlibris.ee\/en\/wp-json\/wp\/v2\/types\/product"}],"wp:featuredmedia":[{"embeddable":true,"href":"https:\/\/exlibris.ee\/en\/wp-json\/wp\/v2\/media\/154717"}],"wp:attachment":[{"href":"https:\/\/exlibris.ee\/en\/wp-json\/wp\/v2\/media?parent=154994"}],"wp:term":[{"taxonomy":"product_brand","embeddable":true,"href":"https:\/\/exlibris.ee\/en\/wp-json\/wp\/v2\/product_brand?post=154994"},{"taxonomy":"product_cat","embeddable":true,"href":"https:\/\/exlibris.ee\/en\/wp-json\/wp\/v2\/product_cat?post=154994"},{"taxonomy":"product_tag","embeddable":true,"href":"https:\/\/exlibris.ee\/en\/wp-json\/wp\/v2\/product_tag?post=154994"},{"taxonomy":"series","embeddable":true,"href":"https:\/\/exlibris.ee\/en\/wp-json\/wp\/v2\/series?post=154994"},{"taxonomy":"publisher","embeddable":true,"href":"https:\/\/exlibris.ee\/en\/wp-json\/wp\/v2\/publisher?post=154994"}],"curies":[{"name":"wp","href":"https:\/\/api.w.org\/{rel}","templated":true}]}}