{"id":154996,"date":"2025-04-17T03:39:05","date_gmt":"2025-04-17T00:39:05","guid":{"rendered":"https:\/\/exlibris.ee\/toode\/schritte-international-neu-56-vokabelheft\/"},"modified":"2026-04-05T15:33:56","modified_gmt":"2026-04-05T12:33:56","slug":"schritte-international-neu-56-vokabelheft","status":"publish","type":"product","link":"https:\/\/exlibris.ee\/en\/product\/schritte-international-neu-56-vokabelheft\/","title":{"rendered":"Schritte International Neu 5+6 Vokabelheft"},"content":{"rendered":"<p>Schritte International Neu 5+6 Vokabelheft ist ein praktisches Vokabelheft f\u00fcr Lernende, die Deutsch auf dem Niveau B1 lernen. Es enth\u00e4lt den Wortschatz aus den Lehrwerken Schritte 5+6 und unterst\u00fctzt die Lernenden dabei, ihren Wortschatz zu erweitern und neue W\u00f6rter in verschiedenen Alltagssituationen zu lernen. Das Heft bietet Platz zum Schreiben von W\u00f6rtern und erleichtert das Wiederholen und Lernen. Zus\u00e4tzlich enth\u00e4lt es n\u00fctzliche \u00dcbungen, die helfen, den Wortschatz zu festigen und die Sprachkompetenz zu verbessern.<\/p>\n","protected":false},"excerpt":{"rendered":"<p>Schritte International Neu 5+6 Vokabelheft ist ein praktisches Vokabelheft f\u00fcr Lernende, die Deutsch auf dem Niveau B1 lernen. Es enth\u00e4lt den Wortschatz aus den Lehrwerken Schritte 5+6 und unterst\u00fctzt die Lernenden dabei, ihren Wortschatz zu erweitern und neue W\u00f6rter in&#8230;<\/p>\n","protected":false},"featured_media":154720,"template":"","meta":{"_acf_changed":false,"inline_featured_image":false},"product_brand":[],"product_cat":[538],"product_tag":[],"series":[{"id":1258,"name":"Schritte international Neu","slug":"schritte-international-neu"}],"publisher":[{"id":497,"name":"Hueber Verlag","slug":"hueber-verlag"}],"class_list":{"0":"post-154996","1":"product","2":"type-product","3":"status-publish","4":"has-post-thumbnail","6":"product_cat-lehrwerke-fur-erwachsene","7":"series-schritte-international-neu","8":"publisher-hueber-verlag","10":"first","11":"instock","12":"taxable","13":"shipping-taxable","14":"purchasable","15":"product-type-simple"},"acf":[],"_links":{"self":[{"href":"https:\/\/exlibris.ee\/en\/wp-json\/wp\/v2\/product\/154996","targetHints":{"allow":["GET"]}}],"collection":[{"href":"https:\/\/exlibris.ee\/en\/wp-json\/wp\/v2\/product"}],"about":[{"href":"https:\/\/exlibris.ee\/en\/wp-json\/wp\/v2\/types\/product"}],"wp:featuredmedia":[{"embeddable":true,"href":"https:\/\/exlibris.ee\/en\/wp-json\/wp\/v2\/media\/154720"}],"wp:attachment":[{"href":"https:\/\/exlibris.ee\/en\/wp-json\/wp\/v2\/media?parent=154996"}],"wp:term":[{"taxonomy":"product_brand","embeddable":true,"href":"https:\/\/exlibris.ee\/en\/wp-json\/wp\/v2\/product_brand?post=154996"},{"taxonomy":"product_cat","embeddable":true,"href":"https:\/\/exlibris.ee\/en\/wp-json\/wp\/v2\/product_cat?post=154996"},{"taxonomy":"product_tag","embeddable":true,"href":"https:\/\/exlibris.ee\/en\/wp-json\/wp\/v2\/product_tag?post=154996"},{"taxonomy":"series","embeddable":true,"href":"https:\/\/exlibris.ee\/en\/wp-json\/wp\/v2\/series?post=154996"},{"taxonomy":"publisher","embeddable":true,"href":"https:\/\/exlibris.ee\/en\/wp-json\/wp\/v2\/publisher?post=154996"}],"curies":[{"name":"wp","href":"https:\/\/api.w.org\/{rel}","templated":true}]}}