{"id":154998,"date":"2025-04-17T03:41:47","date_gmt":"2025-04-17T00:41:47","guid":{"rendered":"https:\/\/exlibris.ee\/toode\/lese-novelas-julie-koln-audio-book\/"},"modified":"2026-04-05T15:35:07","modified_gmt":"2026-04-05T12:35:07","slug":"lese-novelas-julie-koln-audio-book","status":"publish","type":"product","link":"https:\/\/exlibris.ee\/en\/product\/lese-novelas-julie-koln-audio-book\/","title":{"rendered":"Lese-Novelas: Julie. K\u00f6ln. Audio Book"},"content":{"rendered":"<p>Julie. K\u00f6ln ist eine spannende Lekt\u00fcre auf A1-Niveau aus der Reihe Lese-Novelas. Julie ist ein junges M\u00e4dchen, das in K\u00f6ln lebt. Ihre Eltern tr\u00e4umen davon, dass sie Model wird, doch Julie hat ganz andere Pl\u00e4ne. Eines Tages nimmt sie widerwillig an einem Modelwettbewerb teil \u2013 und pl\u00f6tzlich nimmt ihr Leben eine unerwartete Wendung. Die Geschichte ist leicht verst\u00e4ndlich, spannend erz\u00e4hlt und ideal f\u00fcr Deutschlernende. Das beiliegende H\u00f6rbuch unterst\u00fctzt zus\u00e4tzlich das H\u00f6rverstehen.<\/p>\n","protected":false},"excerpt":{"rendered":"<p>Julie. K\u00f6ln ist eine spannende Lekt\u00fcre auf A1-Niveau aus der Reihe Lese-Novelas. Julie ist ein junges M\u00e4dchen, das in K\u00f6ln lebt. Ihre Eltern tr\u00e4umen davon, dass sie Model wird, doch Julie hat ganz andere Pl\u00e4ne. Eines Tages nimmt sie widerwillig&#8230;<\/p>\n","protected":false},"featured_media":154726,"template":"","meta":{"_acf_changed":false,"inline_featured_image":false},"product_brand":[],"product_cat":[851],"product_tag":[],"series":[],"publisher":[{"id":497,"name":"Hueber Verlag","slug":"hueber-verlag"}],"class_list":{"0":"post-154998","1":"product","2":"type-product","3":"status-publish","4":"has-post-thumbnail","6":"product_cat-lesetexte-deutsch","7":"publisher-hueber-verlag","9":"first","10":"instock","11":"taxable","12":"shipping-taxable","13":"purchasable","14":"product-type-simple"},"acf":[],"_links":{"self":[{"href":"https:\/\/exlibris.ee\/en\/wp-json\/wp\/v2\/product\/154998","targetHints":{"allow":["GET"]}}],"collection":[{"href":"https:\/\/exlibris.ee\/en\/wp-json\/wp\/v2\/product"}],"about":[{"href":"https:\/\/exlibris.ee\/en\/wp-json\/wp\/v2\/types\/product"}],"wp:featuredmedia":[{"embeddable":true,"href":"https:\/\/exlibris.ee\/en\/wp-json\/wp\/v2\/media\/154726"}],"wp:attachment":[{"href":"https:\/\/exlibris.ee\/en\/wp-json\/wp\/v2\/media?parent=154998"}],"wp:term":[{"taxonomy":"product_brand","embeddable":true,"href":"https:\/\/exlibris.ee\/en\/wp-json\/wp\/v2\/product_brand?post=154998"},{"taxonomy":"product_cat","embeddable":true,"href":"https:\/\/exlibris.ee\/en\/wp-json\/wp\/v2\/product_cat?post=154998"},{"taxonomy":"product_tag","embeddable":true,"href":"https:\/\/exlibris.ee\/en\/wp-json\/wp\/v2\/product_tag?post=154998"},{"taxonomy":"series","embeddable":true,"href":"https:\/\/exlibris.ee\/en\/wp-json\/wp\/v2\/series?post=154998"},{"taxonomy":"publisher","embeddable":true,"href":"https:\/\/exlibris.ee\/en\/wp-json\/wp\/v2\/publisher?post=154998"}],"curies":[{"name":"wp","href":"https:\/\/api.w.org\/{rel}","templated":true}]}}