{"id":155004,"date":"2025-04-17T03:44:24","date_gmt":"2025-04-17T00:44:24","guid":{"rendered":"https:\/\/exlibris.ee\/toode\/planetino-1-arbeitsbuch-mit-cd-rom\/"},"modified":"2026-04-05T15:36:05","modified_gmt":"2026-04-05T12:36:05","slug":"planetino-1-arbeitsbuch-mit-cd-rom","status":"publish","type":"product","link":"https:\/\/exlibris.ee\/en\/product\/planetino-1-arbeitsbuch-mit-cd-rom\/","title":{"rendered":"Planetino 1, Arbeitsbuch mit CD-ROM"},"content":{"rendered":"<p>Deutsch f\u00fcr Kinder. Deutsch als FremdspracheBroschiertes BuchDie CD-ROM enth\u00e4lt rund 110 kindgerecht gestaltete, farbenfrohe interaktive \u00dcbungen, die genau auf das Kurs- und Arbeitsbuch abgestimmt sind. Sie erm\u00f6glichen es den Kindern, am Computer den Lernstoff zu vertiefen &#8211; entweder selbstst\u00e4ndig zu Hause oder im Rahmen z.B. von Freiarbeitsphasen am Klassen-PC. Dar\u00fcber hinaus gibt es in einer Karaoke-Bar alle Lieder zum Mitsingen.Kompatibel sowohl mit Windows- als auch mit Mac-Betriebssystemen.<\/p>\n","protected":false},"excerpt":{"rendered":"<p>Deutsch f\u00fcr Kinder. Deutsch als FremdspracheBroschiertes BuchDie CD-ROM enth\u00e4lt rund 110 kindgerecht gestaltete, farbenfrohe interaktive \u00dcbungen, die genau auf das Kurs- und Arbeitsbuch abgestimmt sind. Sie erm\u00f6glichen es den Kindern, am Computer den Lernstoff zu vertiefen &#8211; entweder selbstst\u00e4ndig zu&#8230;<\/p>\n","protected":false},"featured_media":154732,"template":"","meta":{"_acf_changed":false,"inline_featured_image":false},"product_brand":[],"product_cat":[471],"product_tag":[],"series":[{"id":1166,"name":"Planetino","slug":"planetino"}],"publisher":[{"id":497,"name":"Hueber Verlag","slug":"hueber-verlag"}],"class_list":{"0":"post-155004","1":"product","2":"type-product","3":"status-publish","4":"has-post-thumbnail","6":"product_cat-lehrwerke-fur-kinder","7":"series-planetino","8":"publisher-hueber-verlag","10":"first","11":"instock","12":"taxable","13":"shipping-taxable","14":"purchasable","15":"product-type-simple"},"acf":[],"_links":{"self":[{"href":"https:\/\/exlibris.ee\/en\/wp-json\/wp\/v2\/product\/155004","targetHints":{"allow":["GET"]}}],"collection":[{"href":"https:\/\/exlibris.ee\/en\/wp-json\/wp\/v2\/product"}],"about":[{"href":"https:\/\/exlibris.ee\/en\/wp-json\/wp\/v2\/types\/product"}],"wp:featuredmedia":[{"embeddable":true,"href":"https:\/\/exlibris.ee\/en\/wp-json\/wp\/v2\/media\/154732"}],"wp:attachment":[{"href":"https:\/\/exlibris.ee\/en\/wp-json\/wp\/v2\/media?parent=155004"}],"wp:term":[{"taxonomy":"product_brand","embeddable":true,"href":"https:\/\/exlibris.ee\/en\/wp-json\/wp\/v2\/product_brand?post=155004"},{"taxonomy":"product_cat","embeddable":true,"href":"https:\/\/exlibris.ee\/en\/wp-json\/wp\/v2\/product_cat?post=155004"},{"taxonomy":"product_tag","embeddable":true,"href":"https:\/\/exlibris.ee\/en\/wp-json\/wp\/v2\/product_tag?post=155004"},{"taxonomy":"series","embeddable":true,"href":"https:\/\/exlibris.ee\/en\/wp-json\/wp\/v2\/series?post=155004"},{"taxonomy":"publisher","embeddable":true,"href":"https:\/\/exlibris.ee\/en\/wp-json\/wp\/v2\/publisher?post=155004"}],"curies":[{"name":"wp","href":"https:\/\/api.w.org\/{rel}","templated":true}]}}