{"id":155005,"date":"2025-04-17T03:44:24","date_gmt":"2025-04-17T00:44:24","guid":{"rendered":"https:\/\/exlibris.ee\/toode\/themen-neu-2-arbeitsbuch-russisch\/"},"modified":"2026-04-06T09:15:36","modified_gmt":"2026-04-06T06:15:36","slug":"themen-neu-2-arbeitsbuch-russisch","status":"publish","type":"product","link":"https:\/\/exlibris.ee\/en\/product\/themen-neu-2-arbeitsbuch-russisch\/","title":{"rendered":"Themen neu 2, Arbeitsbuch, Russisch"},"content":{"rendered":"<p>Dieses Arbeitsbuch begleitet den zweiten Band des Lehrwerks Themen neu und richtet sich an russischsprachige Lernende auf dem Niveau A2. Es enth\u00e4lt zahlreiche \u00dcbungen zur Festigung des Wortschatzes, der Grammatik sowie der m\u00fcndlichen und schriftlichen Ausdrucksf\u00e4higkeit. Die Anweisungen und Erkl\u00e4rungen sind auf Russisch verfasst, um den Lernprozess zu erleichtern. Zus\u00e4tzlich bietet das Heft lektionsweise \u00dcbersichten \u00fcber den aktiv zu lernenden Wortschatz und die Grammatik sowie einen L\u00f6sungsschl\u00fcssel zur Selbstkontrolle.<\/p>\n","protected":false},"excerpt":{"rendered":"<p>Dieses Arbeitsbuch begleitet den zweiten Band des Lehrwerks Themen neu und richtet sich an russischsprachige Lernende auf dem Niveau A2. Es enth\u00e4lt zahlreiche \u00dcbungen zur Festigung des Wortschatzes, der Grammatik sowie der m\u00fcndlichen und schriftlichen Ausdrucksf\u00e4higkeit. Die Anweisungen und Erkl\u00e4rungen&#8230;<\/p>\n","protected":false},"featured_media":154813,"template":"","meta":{"_acf_changed":false,"inline_featured_image":false},"product_brand":[],"product_cat":[538],"product_tag":[],"series":[{"id":2328,"name":"Themen neu","slug":"themen-neu"}],"publisher":[{"id":497,"name":"Hueber Verlag","slug":"hueber-verlag"}],"class_list":{"0":"post-155005","1":"product","2":"type-product","3":"status-publish","4":"has-post-thumbnail","6":"product_cat-lehrwerke-fur-erwachsene","7":"series-themen-neu","8":"publisher-hueber-verlag","10":"first","11":"instock","12":"taxable","13":"shipping-taxable","14":"purchasable","15":"product-type-simple"},"acf":[],"_links":{"self":[{"href":"https:\/\/exlibris.ee\/en\/wp-json\/wp\/v2\/product\/155005","targetHints":{"allow":["GET"]}}],"collection":[{"href":"https:\/\/exlibris.ee\/en\/wp-json\/wp\/v2\/product"}],"about":[{"href":"https:\/\/exlibris.ee\/en\/wp-json\/wp\/v2\/types\/product"}],"wp:featuredmedia":[{"embeddable":true,"href":"https:\/\/exlibris.ee\/en\/wp-json\/wp\/v2\/media\/154813"}],"wp:attachment":[{"href":"https:\/\/exlibris.ee\/en\/wp-json\/wp\/v2\/media?parent=155005"}],"wp:term":[{"taxonomy":"product_brand","embeddable":true,"href":"https:\/\/exlibris.ee\/en\/wp-json\/wp\/v2\/product_brand?post=155005"},{"taxonomy":"product_cat","embeddable":true,"href":"https:\/\/exlibris.ee\/en\/wp-json\/wp\/v2\/product_cat?post=155005"},{"taxonomy":"product_tag","embeddable":true,"href":"https:\/\/exlibris.ee\/en\/wp-json\/wp\/v2\/product_tag?post=155005"},{"taxonomy":"series","embeddable":true,"href":"https:\/\/exlibris.ee\/en\/wp-json\/wp\/v2\/series?post=155005"},{"taxonomy":"publisher","embeddable":true,"href":"https:\/\/exlibris.ee\/en\/wp-json\/wp\/v2\/publisher?post=155005"}],"curies":[{"name":"wp","href":"https:\/\/api.w.org\/{rel}","templated":true}]}}