{"id":155013,"date":"2025-04-17T05:17:43","date_gmt":"2025-04-17T02:17:43","guid":{"rendered":"https:\/\/exlibris.ee\/toode\/meistererzahlungen\/"},"modified":"2026-04-20T11:24:21","modified_gmt":"2026-04-20T08:24:21","slug":"meistererzahlungen","status":"publish","type":"product","link":"https:\/\/exlibris.ee\/en\/product\/meistererzahlungen\/","title":{"rendered":"Meistererz\u00e4hlungen"},"content":{"rendered":"<p>Carl Zuckmayer: Meistererz\u00e4hlungen Eine Auswahl der besten Erz\u00e4hlungen des ber\u00fchmten Dramatikers. Sprachlich lebendig, mit feinem Gesp\u00fcr f\u00fcr menschliche Tiefen und gesellschaftliche Themen \u2013 ein Klassiker der deutschen Literatur.<\/p>\n","protected":false},"excerpt":{"rendered":"<p>Carl Zuckmayer: Meistererz\u00e4hlungen Eine Auswahl der besten Erz\u00e4hlungen des ber\u00fchmten Dramatikers. Sprachlich lebendig, mit feinem Gesp\u00fcr f\u00fcr menschliche Tiefen und gesellschaftliche Themen \u2013 ein Klassiker der deutschen Literatur.<\/p>\n","protected":false},"featured_media":154744,"template":"","meta":{"_acf_changed":false,"inline_featured_image":false},"product_brand":[],"product_cat":[2432],"product_tag":[],"series":[],"publisher":[{"id":497,"name":"Hueber Verlag","slug":"hueber-verlag"}],"class_list":{"0":"post-155013","1":"product","2":"type-product","3":"status-publish","4":"has-post-thumbnail","6":"product_cat-rpro-muud","7":"publisher-hueber-verlag","9":"first","10":"instock","11":"taxable","12":"shipping-taxable","13":"purchasable","14":"product-type-simple"},"acf":[],"_links":{"self":[{"href":"https:\/\/exlibris.ee\/en\/wp-json\/wp\/v2\/product\/155013","targetHints":{"allow":["GET"]}}],"collection":[{"href":"https:\/\/exlibris.ee\/en\/wp-json\/wp\/v2\/product"}],"about":[{"href":"https:\/\/exlibris.ee\/en\/wp-json\/wp\/v2\/types\/product"}],"wp:featuredmedia":[{"embeddable":true,"href":"https:\/\/exlibris.ee\/en\/wp-json\/wp\/v2\/media\/154744"}],"wp:attachment":[{"href":"https:\/\/exlibris.ee\/en\/wp-json\/wp\/v2\/media?parent=155013"}],"wp:term":[{"taxonomy":"product_brand","embeddable":true,"href":"https:\/\/exlibris.ee\/en\/wp-json\/wp\/v2\/product_brand?post=155013"},{"taxonomy":"product_cat","embeddable":true,"href":"https:\/\/exlibris.ee\/en\/wp-json\/wp\/v2\/product_cat?post=155013"},{"taxonomy":"product_tag","embeddable":true,"href":"https:\/\/exlibris.ee\/en\/wp-json\/wp\/v2\/product_tag?post=155013"},{"taxonomy":"series","embeddable":true,"href":"https:\/\/exlibris.ee\/en\/wp-json\/wp\/v2\/series?post=155013"},{"taxonomy":"publisher","embeddable":true,"href":"https:\/\/exlibris.ee\/en\/wp-json\/wp\/v2\/publisher?post=155013"}],"curies":[{"name":"wp","href":"https:\/\/api.w.org\/{rel}","templated":true}]}}