{"id":155024,"date":"2025-04-17T06:06:47","date_gmt":"2025-04-17T03:06:47","guid":{"rendered":"https:\/\/exlibris.ee\/toode\/domani-1-libro-dvd-multimediale\/"},"modified":"2026-04-05T17:38:04","modified_gmt":"2026-04-05T14:38:04","slug":"domani-1-libro-dvd-multimediale","status":"publish","type":"product","link":"https:\/\/exlibris.ee\/en\/product\/domani-1-libro-dvd-multimediale\/","title":{"rendered":"Domani 1 (libro + DVD multimediale)"},"content":{"rendered":"<p>Domani \u00e8 un corso di lingua e cultura italiana per stranieri che mette in grado lo studente di comunicare fin da subito con facilit\u00e0 e sicurezza. Oltre agli aspetti morfosintattici della lingua, affronta quelli pragmatici, conversazionali, lessicali e socioculturali, in linea con i principi del Quadro Comune Europeo. Grazie a input suggestivi e coinvolgenti, compiti non banali, attivit\u00e0 creative e autenticit\u00e0 delle situazioni lo studente viene introdotto fin da subito in una dimensione attiva e vitale. Domani \u00e8 diviso in tre livelli (A1, A2 e B1). Ogni livello \u00e8 organizzato in moduli culturalmente connotati in base a differenti aree tematiche (Geografia, Arti, Societ\u00e0, Storia, Lingua) che permettono un\u00b4\u00b4immersione totale nella lingua, nella cultura e nella societ\u00e0 italiana.<\/p>\n","protected":false},"excerpt":{"rendered":"<p>Domani \u00e8 un corso di lingua e cultura italiana per stranieri che mette in grado lo studente di comunicare fin da subito con facilit\u00e0 e sicurezza. Oltre agli aspetti morfosintattici della lingua, affronta quelli pragmatici, conversazionali, lessicali e socioculturali, in&#8230;<\/p>\n","protected":false},"featured_media":154774,"template":"","meta":{"_acf_changed":false,"inline_featured_image":false},"product_brand":[],"product_cat":[888],"product_tag":[],"series":[],"publisher":[{"id":1461,"name":"ALMA Edizioni","slug":"alma-edizioni"}],"class_list":{"0":"post-155024","1":"product","2":"type-product","3":"status-publish","4":"has-post-thumbnail","6":"product_cat-itaalia-keel","7":"publisher-alma-edizioni","9":"first","10":"instock","11":"taxable","12":"shipping-taxable","13":"purchasable","14":"product-type-simple"},"acf":[],"_links":{"self":[{"href":"https:\/\/exlibris.ee\/en\/wp-json\/wp\/v2\/product\/155024","targetHints":{"allow":["GET"]}}],"collection":[{"href":"https:\/\/exlibris.ee\/en\/wp-json\/wp\/v2\/product"}],"about":[{"href":"https:\/\/exlibris.ee\/en\/wp-json\/wp\/v2\/types\/product"}],"wp:featuredmedia":[{"embeddable":true,"href":"https:\/\/exlibris.ee\/en\/wp-json\/wp\/v2\/media\/154774"}],"wp:attachment":[{"href":"https:\/\/exlibris.ee\/en\/wp-json\/wp\/v2\/media?parent=155024"}],"wp:term":[{"taxonomy":"product_brand","embeddable":true,"href":"https:\/\/exlibris.ee\/en\/wp-json\/wp\/v2\/product_brand?post=155024"},{"taxonomy":"product_cat","embeddable":true,"href":"https:\/\/exlibris.ee\/en\/wp-json\/wp\/v2\/product_cat?post=155024"},{"taxonomy":"product_tag","embeddable":true,"href":"https:\/\/exlibris.ee\/en\/wp-json\/wp\/v2\/product_tag?post=155024"},{"taxonomy":"series","embeddable":true,"href":"https:\/\/exlibris.ee\/en\/wp-json\/wp\/v2\/series?post=155024"},{"taxonomy":"publisher","embeddable":true,"href":"https:\/\/exlibris.ee\/en\/wp-json\/wp\/v2\/publisher?post=155024"}],"curies":[{"name":"wp","href":"https:\/\/api.w.org\/{rel}","templated":true}]}}