{"id":156074,"date":"2025-07-23T21:29:05","date_gmt":"2025-07-23T18:29:05","guid":{"rendered":"https:\/\/exlibris.ee\/toode\/kus-on-tom\/"},"modified":"2026-04-13T09:29:58","modified_gmt":"2026-04-13T06:29:58","slug":"kus-on-tom","status":"publish","type":"product","link":"https:\/\/exlibris.ee\/en\/product\/kus-on-tom\/","title":{"rendered":"Kus on Tom?"},"content":{"rendered":"<p>L\u00fchikesed s\u00f5nad ja l\u00fchikesed laused, et lapsel oleks lihtne \u00f5ppida. Tr\u00fckit\u00e4hed ja kirjat\u00e4hed. Iga lause juures on kinnistamiseks pilt.<\/p>\n","protected":false},"excerpt":{"rendered":"<p>L\u00fchikesed s\u00f5nad ja l\u00fchikesed laused, et lapsel oleks lihtne \u00f5ppida. Tr\u00fckit\u00e4hed ja kirjat\u00e4hed. Iga lause juures on kinnistamiseks pilt.<\/p>\n","protected":false},"featured_media":156046,"template":"","meta":{"_acf_changed":false,"inline_featured_image":false},"product_brand":[],"product_cat":[2410],"product_tag":[],"series":[{"id":3182,"name":"Mina loen","slug":"mina-loen"}],"publisher":[{"id":3183,"name":"Lasteraamat MT\u00dc","slug":"lasteraamat-mtu"}],"class_list":{"0":"post-156074","1":"product","2":"type-product","3":"status-publish","4":"has-post-thumbnail","6":"product_cat-rlas-eesti","7":"series-mina-loen","8":"publisher-lasteraamat-mtu","10":"first","11":"instock","12":"taxable","13":"shipping-taxable","14":"purchasable","15":"product-type-simple"},"acf":[],"_links":{"self":[{"href":"https:\/\/exlibris.ee\/en\/wp-json\/wp\/v2\/product\/156074","targetHints":{"allow":["GET"]}}],"collection":[{"href":"https:\/\/exlibris.ee\/en\/wp-json\/wp\/v2\/product"}],"about":[{"href":"https:\/\/exlibris.ee\/en\/wp-json\/wp\/v2\/types\/product"}],"wp:featuredmedia":[{"embeddable":true,"href":"https:\/\/exlibris.ee\/en\/wp-json\/wp\/v2\/media\/156046"}],"wp:attachment":[{"href":"https:\/\/exlibris.ee\/en\/wp-json\/wp\/v2\/media?parent=156074"}],"wp:term":[{"taxonomy":"product_brand","embeddable":true,"href":"https:\/\/exlibris.ee\/en\/wp-json\/wp\/v2\/product_brand?post=156074"},{"taxonomy":"product_cat","embeddable":true,"href":"https:\/\/exlibris.ee\/en\/wp-json\/wp\/v2\/product_cat?post=156074"},{"taxonomy":"product_tag","embeddable":true,"href":"https:\/\/exlibris.ee\/en\/wp-json\/wp\/v2\/product_tag?post=156074"},{"taxonomy":"series","embeddable":true,"href":"https:\/\/exlibris.ee\/en\/wp-json\/wp\/v2\/series?post=156074"},{"taxonomy":"publisher","embeddable":true,"href":"https:\/\/exlibris.ee\/en\/wp-json\/wp\/v2\/publisher?post=156074"}],"curies":[{"name":"wp","href":"https:\/\/api.w.org\/{rel}","templated":true}]}}