{"id":156458,"date":"2025-08-19T19:28:14","date_gmt":"2025-08-19T16:28:14","guid":{"rendered":"https:\/\/exlibris.ee\/toode\/start-%d1%8d%d1%81%d1%82%d0%be%d0%bd%d1%81%d0%ba%d0%b8%d0%b9-%d1%8f%d0%b7%d1%8b%d0%ba-%d1%80%d0%b0%d0%b7%d0%b3%d0%be%d0%b2%d0%be%d1%80%d0%bd%d0%b8%d0%ba-%d0%b8-%d1%81%d0%bb%d0%be%d0%b2%d0%b0%d1%80\/"},"modified":"2026-04-04T07:15:16","modified_gmt":"2026-04-04T04:15:16","slug":"start-%d1%8d%d1%81%d1%82%d0%be%d0%bd%d1%81%d0%ba%d0%b8%d0%b9-%d1%8f%d0%b7%d1%8b%d0%ba-%d1%80%d0%b0%d0%b7%d0%b3%d0%be%d0%b2%d0%be%d1%80%d0%bd%d0%b8%d0%ba-%d0%b8-%d1%81%d0%bb%d0%be%d0%b2%d0%b0%d1%80","status":"publish","type":"product","link":"https:\/\/exlibris.ee\/en\/product\/start-%d1%8d%d1%81%d1%82%d0%be%d0%bd%d1%81%d0%ba%d0%b8%d0%b9-%d1%8f%d0%b7%d1%8b%d0%ba-%d1%80%d0%b0%d0%b7%d0%b3%d0%be%d0%b2%d0%be%d1%80%d0%bd%d0%b8%d0%ba-%d0%b8-%d1%81%d0%bb%d0%be%d0%b2%d0%b0%d1%80\/","title":{"rendered":"START. \u042d\u0441\u0442\u043e\u043d\u0441\u043a\u0438\u0439 \u044f\u0437\u044b\u043a. \u0420\u0430\u0437\u0433\u043e\u0432\u043e\u0440\u043d\u0438\u043a \u0438 \u0441\u043b\u043e\u0432\u0430\u0440\u044c. Eesti keel. Vestmik ja s\u00f5nastik"},"content":{"rendered":"<p>Vestmik sisaldab 15 teemat. Igas teemas on toodud olulisemad s\u00f5nad, kasulikud v\u00e4ljendid ja t\u00e4htsamad n\u00e4itelaused. Teksti ilmestavad pildid. Peat\u00fcki l\u00f5petab grammatikat selgitav rubriik. Vestmikus on ka vene-eesti ja eesti-vene s\u00f5nastik.<\/p>\n<p>\u0420\u0430\u0437\u0433\u043e\u0432\u043e\u0440\u043d\u0438\u043a \u0441\u043e\u0434\u0435\u0440\u0436\u0438\u0442 15 \u0442\u0435\u043c. \u0412 \u043a\u0430\u0436\u0434\u0443\u044e \u0442\u0435\u043c\u0443 \u0432\u043a\u043b\u044e\u0447\u0435\u043d\u044b \u043d\u0435\u043e\u0431\u0445\u043e\u0434\u0438\u043c\u044b\u0435 \u0441\u043b\u043e\u0432\u0430, \u0444\u0440\u0430\u0437\u044b, \u043d\u0430\u0438\u0431\u043e\u043b\u0435\u0435 \u0432\u0430\u0436\u043d\u044b\u0435 \u0444\u043e\u0440\u043c\u0443\u043b\u044b \u043e\u0431\u0449\u0435\u043d\u0438\u044f \u0438 \u043f\u043e\u044f\u0441\u043d\u044f\u044e\u0449\u0438\u0435 \u0438\u043b\u043b\u044e\u0441\u0442\u0440\u0430\u0446\u0438\u0438. \u0412 \u043a\u043e\u043d\u0446\u0435 \u0442\u0435\u043c \u0434\u0430\u0435\u0442\u0441\u044f \u043a\u0440\u0430\u0442\u043a\u0438\u0439 \u0433\u0440\u0430\u043c\u043c\u0430\u0442\u0438\u0447\u0435\u0441\u043a\u0438\u0439 \u043a\u043e\u043c\u043c\u0435\u043d\u0442\u0430\u0440\u0438\u0439 \u0438 \u043f\u043e\u043b\u0435\u0437\u043d\u0430\u044f \u0438\u043d\u0444\u043e\u0440\u043c\u0430\u0446\u0438\u044f, \u0441\u0432\u044f\u0437\u0430\u043d\u043d\u0430\u044f \u0441 \u042d\u0441\u0442\u043e\u043d\u0438\u0435\u0439. \u041a \u0440\u0430\u0437\u0433\u043e\u0432\u043e\u0440\u043d\u0438\u043a\u0443 \u043f\u0440\u0438\u043b\u0430\u0433\u0430\u0435\u0442\u0441\u044f \u0440\u0443\u0441\u0441\u043a\u043e-\u044d\u0441\u0442\u043e\u043d\u0441\u043a\u0438\u0439 \u0438 \u044d\u0441\u0442\u043e\u043d\u0441\u043a\u043e-\u0440\u0443\u0441\u0441\u043a\u0438\u0439 \u0441\u043b\u043e\u0432\u0430\u0440\u044c.<\/p>\n","protected":false},"excerpt":{"rendered":"<p>Vestmik sisaldab 15 teemat. Igas teemas on toodud olulisemad s\u00f5nad, kasulikud v\u00e4ljendid ja t\u00e4htsamad n\u00e4itelaused. Teksti ilmestavad pildid. Peat\u00fcki l\u00f5petab grammatikat selgitav rubriik. Vestmikus on ka vene-eesti ja eesti-vene s\u00f5nastik. \u0420\u0430\u0437\u0433\u043e\u0432\u043e\u0440\u043d\u0438\u043a \u0441\u043e\u0434\u0435\u0440\u0436\u0438\u0442 15 \u0442\u0435\u043c. \u0412 \u043a\u0430\u0436\u0434\u0443\u044e \u0442\u0435\u043c\u0443 \u0432\u043a\u043b\u044e\u0447\u0435\u043d\u044b \u043d\u0435\u043e\u0431\u0445\u043e\u0434\u0438\u043c\u044b\u0435 \u0441\u043b\u043e\u0432\u0430,&#8230;<\/p>\n","protected":false},"featured_media":156427,"template":"","meta":{"_acf_changed":false,"inline_featured_image":false},"product_brand":[],"product_cat":[686],"product_tag":[],"series":[{"id":3188,"name":"START","slug":"start"}],"publisher":[{"id":716,"name":"Koolibri","slug":"koolibri"}],"class_list":{"0":"post-156458","1":"product","2":"type-product","3":"status-publish","4":"has-post-thumbnail","6":"product_cat-sonastikud-ja-vestmikud","7":"series-start","8":"publisher-koolibri","10":"first","11":"instock","12":"taxable","13":"shipping-taxable","14":"purchasable","15":"product-type-simple"},"acf":[],"_links":{"self":[{"href":"https:\/\/exlibris.ee\/en\/wp-json\/wp\/v2\/product\/156458","targetHints":{"allow":["GET"]}}],"collection":[{"href":"https:\/\/exlibris.ee\/en\/wp-json\/wp\/v2\/product"}],"about":[{"href":"https:\/\/exlibris.ee\/en\/wp-json\/wp\/v2\/types\/product"}],"wp:featuredmedia":[{"embeddable":true,"href":"https:\/\/exlibris.ee\/en\/wp-json\/wp\/v2\/media\/156427"}],"wp:attachment":[{"href":"https:\/\/exlibris.ee\/en\/wp-json\/wp\/v2\/media?parent=156458"}],"wp:term":[{"taxonomy":"product_brand","embeddable":true,"href":"https:\/\/exlibris.ee\/en\/wp-json\/wp\/v2\/product_brand?post=156458"},{"taxonomy":"product_cat","embeddable":true,"href":"https:\/\/exlibris.ee\/en\/wp-json\/wp\/v2\/product_cat?post=156458"},{"taxonomy":"product_tag","embeddable":true,"href":"https:\/\/exlibris.ee\/en\/wp-json\/wp\/v2\/product_tag?post=156458"},{"taxonomy":"series","embeddable":true,"href":"https:\/\/exlibris.ee\/en\/wp-json\/wp\/v2\/series?post=156458"},{"taxonomy":"publisher","embeddable":true,"href":"https:\/\/exlibris.ee\/en\/wp-json\/wp\/v2\/publisher?post=156458"}],"curies":[{"name":"wp","href":"https:\/\/api.w.org\/{rel}","templated":true}]}}