{"id":156461,"date":"2025-08-19T19:28:15","date_gmt":"2025-08-19T16:28:15","guid":{"rendered":"https:\/\/exlibris.ee\/toode\/c1-eesti-keel-valmistume-eksamiks\/"},"modified":"2026-04-05T01:21:02","modified_gmt":"2026-04-04T22:21:02","slug":"c1-eesti-keel-valmistume-eksamiks","status":"publish","type":"product","link":"https:\/\/exlibris.ee\/en\/product\/c1-eesti-keel-valmistume-eksamiks\/","title":{"rendered":"C1 Eesti keel. Valmistume eksamiks"},"content":{"rendered":"<p>T\u00f6\u00f6raamat sobib \u00f5ppijale, kes valmistub eesti keele C1-taseme eksamiks. Samas on kogumiku artikleid, intervjuusid ja saateid ka lihtsalt p\u00f5nev lugeda ja kuulata, et end eesti keeles proovile panna ning Eestit ja eestlasi paremini tundma \u00f5ppida. T\u00f6\u00f6raamatus on seitse teemat (KULTUUR, HARIDUS, LOODUS, TERVIS, VARIA, SPORT, \u00dcHISKOND) lugemis-, kuulamis- ja kirjutamis\u00fclesannetega. Iga teemat t\u00e4iendavad lisak\u00fcsimused, mis suunavad \u00f5ppijat valdkonna \u00fcle laiemalt m\u00f5tlema ja arutama. Samuti leiab raamatust h\u00e4id nippe ja soovitusi, kuidas eksamiks valmistuda ja millele t\u00e4helepanu p\u00f6\u00f6rata. L\u00f5pulehek\u00fclgedel on toodud ka k\u00f5ikide \u00fclesannete vastused.<br \/>\nEesti keele \u00fclesannete kogumik sobib C1-tasemel \u00f5ppijale.<br \/>\n\u2022 7 teemat: KULTUUR, HARIDUS, LOODUS, TERVIS, VARIA, SPORT, \u00dcHISKOND<\/p>\n<p>\u2022 36 lugemis\u00fclesannet<\/p>\n<p>\u2022 34 kuulamis\u00fclesannet<\/p>\n<p>\u2022 15 kirjutamis\u00fclesannet<\/p>\n<p>\u2022 vastused ja abistavad n\u00f5uanded<\/p>\n<p>\u2022 lisak\u00fcsimused edasiseks aruteluks<\/p>\n","protected":false},"excerpt":{"rendered":"<p>T\u00f6\u00f6raamat sobib \u00f5ppijale, kes valmistub eesti keele C1-taseme eksamiks. Samas on kogumiku artikleid, intervjuusid ja saateid ka lihtsalt p\u00f5nev lugeda ja kuulata, et end eesti keeles proovile panna ning Eestit ja eestlasi paremini tundma \u00f5ppida. T\u00f6\u00f6raamatus on seitse teemat (KULTUUR,&#8230;<\/p>\n","protected":false},"featured_media":156436,"template":"","meta":{"_acf_changed":false,"inline_featured_image":false},"product_brand":[],"product_cat":[714],"product_tag":[],"series":[],"publisher":[{"id":716,"name":"Koolibri","slug":"koolibri"}],"class_list":{"0":"post-156461","1":"product","2":"type-product","3":"status-publish","4":"has-post-thumbnail","6":"product_cat-c1-taseme-opikud","7":"publisher-koolibri","9":"first","10":"instock","11":"taxable","12":"shipping-taxable","13":"purchasable","14":"product-type-simple"},"acf":[],"_links":{"self":[{"href":"https:\/\/exlibris.ee\/en\/wp-json\/wp\/v2\/product\/156461","targetHints":{"allow":["GET"]}}],"collection":[{"href":"https:\/\/exlibris.ee\/en\/wp-json\/wp\/v2\/product"}],"about":[{"href":"https:\/\/exlibris.ee\/en\/wp-json\/wp\/v2\/types\/product"}],"wp:featuredmedia":[{"embeddable":true,"href":"https:\/\/exlibris.ee\/en\/wp-json\/wp\/v2\/media\/156436"}],"wp:attachment":[{"href":"https:\/\/exlibris.ee\/en\/wp-json\/wp\/v2\/media?parent=156461"}],"wp:term":[{"taxonomy":"product_brand","embeddable":true,"href":"https:\/\/exlibris.ee\/en\/wp-json\/wp\/v2\/product_brand?post=156461"},{"taxonomy":"product_cat","embeddable":true,"href":"https:\/\/exlibris.ee\/en\/wp-json\/wp\/v2\/product_cat?post=156461"},{"taxonomy":"product_tag","embeddable":true,"href":"https:\/\/exlibris.ee\/en\/wp-json\/wp\/v2\/product_tag?post=156461"},{"taxonomy":"series","embeddable":true,"href":"https:\/\/exlibris.ee\/en\/wp-json\/wp\/v2\/series?post=156461"},{"taxonomy":"publisher","embeddable":true,"href":"https:\/\/exlibris.ee\/en\/wp-json\/wp\/v2\/publisher?post=156461"}],"curies":[{"name":"wp","href":"https:\/\/api.w.org\/{rel}","templated":true}]}}