{"id":156488,"date":"2025-08-22T05:28:15","date_gmt":"2025-08-22T02:28:15","guid":{"rendered":"https:\/\/exlibris.ee\/toode\/ein-tolles-team-b1-1-deutsch-fur-jugendliche-kursbuch-plus-interaktive-version\/"},"modified":"2026-04-04T03:23:01","modified_gmt":"2026-04-04T00:23:01","slug":"ein-tolles-team-b1-1-deutsch-fur-jugendliche-kursbuch-plus-interaktive-version","status":"publish","type":"product","link":"https:\/\/exlibris.ee\/en\/product\/ein-tolles-team-b1-1-deutsch-fur-jugendliche-kursbuch-plus-interaktive-version\/","title":{"rendered":"Ein tolles Team B1.1  Deutsch f\u00fcr Jugendliche \/ Kursbuch plus interaktive Version"},"content":{"rendered":"<p>em neu Br\u00fcckenkurs erleichtert den \u00dcbergang von der Grund- zur Mittelstufe: Er wiederholt und festigt den Stoff der Niveaustufe B1 und f\u00fchrt in die Niveaustufe B2 hinein. Die sechsb\u00e4ndige Ausgabe enth\u00e4lt jeweils eine Arbeitsbuch-CD. Die separaten Audio-CDs zum Kursbuch und das Lehrerhandbuch der dreib\u00e4ndigen Ausgabe passen auch zu dieser sechsb\u00e4ndigen Ausgabe.<\/p>\n","protected":false},"excerpt":{"rendered":"<p>em neu Br\u00fcckenkurs erleichtert den \u00dcbergang von der Grund- zur Mittelstufe: Er wiederholt und festigt den Stoff der Niveaustufe B1 und f\u00fchrt in die Niveaustufe B2 hinein. Die sechsb\u00e4ndige Ausgabe enth\u00e4lt jeweils eine Arbeitsbuch-CD. Die separaten Audio-CDs zum Kursbuch und&#8230;<\/p>\n","protected":false},"featured_media":156481,"template":"","meta":{"_acf_changed":false,"inline_featured_image":false},"product_brand":[],"product_cat":[477],"product_tag":[],"series":[{"id":979,"name":"Ein tolles Team","slug":"ein-tolles-team"}],"publisher":[{"id":497,"name":"Hueber Verlag","slug":"hueber-verlag"}],"class_list":{"0":"post-156488","1":"product","2":"type-product","3":"status-publish","4":"has-post-thumbnail","6":"product_cat-lehrwerke-fur-jugendliche","7":"series-ein-tolles-team","8":"publisher-hueber-verlag","10":"first","11":"instock","12":"taxable","13":"shipping-taxable","14":"purchasable","15":"product-type-simple"},"acf":[],"_links":{"self":[{"href":"https:\/\/exlibris.ee\/en\/wp-json\/wp\/v2\/product\/156488","targetHints":{"allow":["GET"]}}],"collection":[{"href":"https:\/\/exlibris.ee\/en\/wp-json\/wp\/v2\/product"}],"about":[{"href":"https:\/\/exlibris.ee\/en\/wp-json\/wp\/v2\/types\/product"}],"wp:featuredmedia":[{"embeddable":true,"href":"https:\/\/exlibris.ee\/en\/wp-json\/wp\/v2\/media\/156481"}],"wp:attachment":[{"href":"https:\/\/exlibris.ee\/en\/wp-json\/wp\/v2\/media?parent=156488"}],"wp:term":[{"taxonomy":"product_brand","embeddable":true,"href":"https:\/\/exlibris.ee\/en\/wp-json\/wp\/v2\/product_brand?post=156488"},{"taxonomy":"product_cat","embeddable":true,"href":"https:\/\/exlibris.ee\/en\/wp-json\/wp\/v2\/product_cat?post=156488"},{"taxonomy":"product_tag","embeddable":true,"href":"https:\/\/exlibris.ee\/en\/wp-json\/wp\/v2\/product_tag?post=156488"},{"taxonomy":"series","embeddable":true,"href":"https:\/\/exlibris.ee\/en\/wp-json\/wp\/v2\/series?post=156488"},{"taxonomy":"publisher","embeddable":true,"href":"https:\/\/exlibris.ee\/en\/wp-json\/wp\/v2\/publisher?post=156488"}],"curies":[{"name":"wp","href":"https:\/\/api.w.org\/{rel}","templated":true}]}}