{"id":156664,"date":"2025-09-02T22:06:03","date_gmt":"2025-09-02T19:06:03","guid":{"rendered":"https:\/\/exlibris.ee\/toode\/valge-esmaspaev-lihtsad-lugemistekstid-a2-tasemele\/"},"modified":"2026-04-23T11:47:19","modified_gmt":"2026-04-23T08:47:19","slug":"valge-esmaspaev-lihtsad-lugemistekstid-a2-tasemele","status":"publish","type":"product","link":"https:\/\/exlibris.ee\/en\/product\/valge-esmaspaev-lihtsad-lugemistekstid-a2-tasemele\/","title":{"rendered":"Valge esmasp\u00e4ev. Lihtsad lugemistekstid A2-tasemele"},"content":{"rendered":"<p>Raamatus &#8220;Valge esmasp\u00e4ev&#8221; on 40 l\u00fchikest A2-tasemele j\u00f5ukohast lugemisteksti. Tekstid on kirjutatud t\u00e4iskasvanud eesti keele \u00f5ppijale ning sobivad iseseisvaks lugemiseks.<\/p>\n<p>&#8220;Valge esmasp\u00e4ev&#8221; kuulub lugemike sarja, kus on kokku seitse raamatut.<\/p>\n","protected":false},"excerpt":{"rendered":"<p>Raamatus &#8220;Valge esmasp\u00e4ev&#8221; on 40 l\u00fchikest A2-tasemele j\u00f5ukohast lugemisteksti. Tekstid on kirjutatud t\u00e4iskasvanud eesti keele \u00f5ppijale ning sobivad iseseisvaks lugemiseks. &#8220;Valge esmasp\u00e4ev&#8221; kuulub lugemike sarja, kus on kokku seitse raamatut.<\/p>\n","protected":false},"featured_media":156652,"template":"","meta":{"_acf_changed":false,"inline_featured_image":false},"product_brand":[],"product_cat":[876],"product_tag":[],"series":[{"id":3190,"name":"Esmasp\u00e4evast p\u00fchap\u00e4evani","slug":"esmaspaevast-puhapaevani"}],"publisher":[{"id":690,"name":"Iduleht","slug":"iduleht"}],"class_list":{"0":"post-156664","1":"product","2":"type-product","3":"status-publish","4":"has-post-thumbnail","6":"product_cat-lugemine-keeleoppes","7":"series-esmaspaevast-puhapaevani","8":"publisher-iduleht","10":"first","11":"instock","12":"taxable","13":"shipping-taxable","14":"purchasable","15":"product-type-simple"},"acf":[],"_links":{"self":[{"href":"https:\/\/exlibris.ee\/en\/wp-json\/wp\/v2\/product\/156664","targetHints":{"allow":["GET"]}}],"collection":[{"href":"https:\/\/exlibris.ee\/en\/wp-json\/wp\/v2\/product"}],"about":[{"href":"https:\/\/exlibris.ee\/en\/wp-json\/wp\/v2\/types\/product"}],"wp:featuredmedia":[{"embeddable":true,"href":"https:\/\/exlibris.ee\/en\/wp-json\/wp\/v2\/media\/156652"}],"wp:attachment":[{"href":"https:\/\/exlibris.ee\/en\/wp-json\/wp\/v2\/media?parent=156664"}],"wp:term":[{"taxonomy":"product_brand","embeddable":true,"href":"https:\/\/exlibris.ee\/en\/wp-json\/wp\/v2\/product_brand?post=156664"},{"taxonomy":"product_cat","embeddable":true,"href":"https:\/\/exlibris.ee\/en\/wp-json\/wp\/v2\/product_cat?post=156664"},{"taxonomy":"product_tag","embeddable":true,"href":"https:\/\/exlibris.ee\/en\/wp-json\/wp\/v2\/product_tag?post=156664"},{"taxonomy":"series","embeddable":true,"href":"https:\/\/exlibris.ee\/en\/wp-json\/wp\/v2\/series?post=156664"},{"taxonomy":"publisher","embeddable":true,"href":"https:\/\/exlibris.ee\/en\/wp-json\/wp\/v2\/publisher?post=156664"}],"curies":[{"name":"wp","href":"https:\/\/api.w.org\/{rel}","templated":true}]}}