{"id":157010,"date":"2025-10-01T23:25:12","date_gmt":"2025-10-01T20:25:12","guid":{"rendered":"https:\/\/exlibris.ee\/toode\/karu-maja\/"},"modified":"2026-04-17T19:53:17","modified_gmt":"2026-04-17T16:53:17","slug":"karu-maja","status":"publish","type":"product","link":"https:\/\/exlibris.ee\/en\/product\/karu-maja\/","title":{"rendered":"Karu Maja"},"content":{"rendered":"<p>&#8220;Karu majast&#8221; saate teada mitte ainult seda kuidas karu endale maja ehitas, vaid ka seda, kuidas siil oma uue potiga \u00f5unasuppi keetis, kuidas rebane sokku kanavargile ajas, kuidas toonekurg men\u00fc\u00fcd vahetada otsustas ja teisi p\u00f5nevaid juhtumisi metsas.<\/p>\n","protected":false},"excerpt":{"rendered":"<p>&#8220;Karu majast&#8221; saate teada mitte ainult seda kuidas karu endale maja ehitas, vaid ka seda, kuidas siil oma uue potiga \u00f5unasuppi keetis, kuidas rebane sokku kanavargile ajas, kuidas toonekurg men\u00fc\u00fcd vahetada otsustas ja teisi p\u00f5nevaid juhtumisi metsas.<\/p>\n","protected":false},"featured_media":157063,"template":"","meta":{"_acf_changed":false,"inline_featured_image":false},"product_brand":[],"product_cat":[2349],"product_tag":[],"series":[],"publisher":[],"class_list":{"0":"post-157010","1":"product","2":"type-product","3":"status-publish","4":"has-post-thumbnail","6":"product_cat-tr-eesti","8":"first","9":"instock","10":"taxable","11":"shipping-taxable","12":"purchasable","13":"product-type-simple"},"acf":[],"_links":{"self":[{"href":"https:\/\/exlibris.ee\/en\/wp-json\/wp\/v2\/product\/157010","targetHints":{"allow":["GET"]}}],"collection":[{"href":"https:\/\/exlibris.ee\/en\/wp-json\/wp\/v2\/product"}],"about":[{"href":"https:\/\/exlibris.ee\/en\/wp-json\/wp\/v2\/types\/product"}],"wp:featuredmedia":[{"embeddable":true,"href":"https:\/\/exlibris.ee\/en\/wp-json\/wp\/v2\/media\/157063"}],"wp:attachment":[{"href":"https:\/\/exlibris.ee\/en\/wp-json\/wp\/v2\/media?parent=157010"}],"wp:term":[{"taxonomy":"product_brand","embeddable":true,"href":"https:\/\/exlibris.ee\/en\/wp-json\/wp\/v2\/product_brand?post=157010"},{"taxonomy":"product_cat","embeddable":true,"href":"https:\/\/exlibris.ee\/en\/wp-json\/wp\/v2\/product_cat?post=157010"},{"taxonomy":"product_tag","embeddable":true,"href":"https:\/\/exlibris.ee\/en\/wp-json\/wp\/v2\/product_tag?post=157010"},{"taxonomy":"series","embeddable":true,"href":"https:\/\/exlibris.ee\/en\/wp-json\/wp\/v2\/series?post=157010"},{"taxonomy":"publisher","embeddable":true,"href":"https:\/\/exlibris.ee\/en\/wp-json\/wp\/v2\/publisher?post=157010"}],"curies":[{"name":"wp","href":"https:\/\/api.w.org\/{rel}","templated":true}]}}