{"id":157013,"date":"2025-10-02T01:16:09","date_gmt":"2025-10-01T22:16:09","guid":{"rendered":"https:\/\/exlibris.ee\/toode\/english-for-secretaries\/"},"modified":"2026-04-04T09:09:21","modified_gmt":"2026-04-04T06:09:21","slug":"english-for-secretaries","status":"publish","type":"product","link":"https:\/\/exlibris.ee\/en\/product\/english-for-secretaries\/","title":{"rendered":"English for Secretaries"},"content":{"rendered":"<p>\u00abEnglish for Secretaries\u00bb on inglise \u00e4rikeele \u00f5pik sekret\u00e4ridele ja k\u00f5igile neile, kes asjaajamist\u00f6\u00f6s inglise keelega kokku puutuvad.<br \/>\nEeldab kasutajalt inglise keele grammatika ja \u00fclds\u00f5navara tundmist.<br \/>\n\u00abEnglish for Secretaries\u00bb k\u00e4sitleb k\u00f5iki olulisemaid teemasid b\u00fcroo asjaajamises:<br \/>\ninformatsiooni andmine ja hankimine<br \/>\noma firma tutvustamine<br \/>\nt\u00f6\u00f6 telefoniga<br \/>\nhotellitubade, piletite jm reserveerimine<br \/>\nkirjavahetus ja dokumentide vormistamine<br \/>\nfirma k\u00fclaliste vastuv\u00f5tmine ja v\u00e4lisvisiidid<\/p>\n<p>\u00abEnglish for Secretaries\u00bb sobib h\u00e4sti nii \u00e4rikeele kursustel \u00f5pikuna kasutamiseks kui ka k\u00e4siraamatuks ise\u00f5ppijaile:<br \/>\nraamatu \u00fclesehituses on valdav dialoogivorm<br \/>\npalju loovharjutusi ja rollim\u00e4nge<br \/>\nlai valik \u00e4rikeele s\u00f5navarast<br \/>\niga peat\u00fckk sisaldab tekstis\u00f5nastikku<br \/>\n\u00e4rikirjade n\u00e4idised t\u00e4htsamatest kirjat\u00fc\u00fcpidest<\/p>\n","protected":false},"excerpt":{"rendered":"<p>\u00abEnglish for Secretaries\u00bb on inglise \u00e4rikeele \u00f5pik sekret\u00e4ridele ja k\u00f5igile neile, kes asjaajamist\u00f6\u00f6s inglise keelega kokku puutuvad. Eeldab kasutajalt inglise keele grammatika ja \u00fclds\u00f5navara tundmist. \u00abEnglish for Secretaries\u00bb k\u00e4sitleb k\u00f5iki olulisemaid teemasid b\u00fcroo asjaajamises: informatsiooni andmine ja hankimine oma firma&#8230;<\/p>\n","protected":false},"featured_media":157057,"template":"","meta":{"_acf_changed":false,"inline_featured_image":false},"product_brand":[],"product_cat":[2391],"product_tag":[],"series":[],"publisher":[{"id":692,"name":"TEA","slug":"tea"}],"class_list":{"0":"post-157013","1":"product","2":"type-product","3":"status-publish","4":"has-post-thumbnail","6":"product_cat-tk-inglise","7":"publisher-tea","9":"first","10":"instock","11":"taxable","12":"shipping-taxable","13":"purchasable","14":"product-type-simple"},"acf":[],"_links":{"self":[{"href":"https:\/\/exlibris.ee\/en\/wp-json\/wp\/v2\/product\/157013","targetHints":{"allow":["GET"]}}],"collection":[{"href":"https:\/\/exlibris.ee\/en\/wp-json\/wp\/v2\/product"}],"about":[{"href":"https:\/\/exlibris.ee\/en\/wp-json\/wp\/v2\/types\/product"}],"wp:featuredmedia":[{"embeddable":true,"href":"https:\/\/exlibris.ee\/en\/wp-json\/wp\/v2\/media\/157057"}],"wp:attachment":[{"href":"https:\/\/exlibris.ee\/en\/wp-json\/wp\/v2\/media?parent=157013"}],"wp:term":[{"taxonomy":"product_brand","embeddable":true,"href":"https:\/\/exlibris.ee\/en\/wp-json\/wp\/v2\/product_brand?post=157013"},{"taxonomy":"product_cat","embeddable":true,"href":"https:\/\/exlibris.ee\/en\/wp-json\/wp\/v2\/product_cat?post=157013"},{"taxonomy":"product_tag","embeddable":true,"href":"https:\/\/exlibris.ee\/en\/wp-json\/wp\/v2\/product_tag?post=157013"},{"taxonomy":"series","embeddable":true,"href":"https:\/\/exlibris.ee\/en\/wp-json\/wp\/v2\/series?post=157013"},{"taxonomy":"publisher","embeddable":true,"href":"https:\/\/exlibris.ee\/en\/wp-json\/wp\/v2\/publisher?post=157013"}],"curies":[{"name":"wp","href":"https:\/\/api.w.org\/{rel}","templated":true}]}}