{"id":157103,"date":"2025-10-02T13:33:18","date_gmt":"2025-10-02T10:33:18","guid":{"rendered":"https:\/\/exlibris.ee\/toode\/esimene-kooliraamat-1-osa-sugis\/"},"modified":"2026-04-23T11:47:23","modified_gmt":"2026-04-23T08:47:23","slug":"esimene-kooliraamat-1-osa-sugis","status":"publish","type":"product","link":"https:\/\/exlibris.ee\/en\/product\/esimene-kooliraamat-1-osa-sugis\/","title":{"rendered":"Esimene kooliraamat, 1. osa: s\u00fcgis"},"content":{"rendered":"<p>Raamat esmaste teadmiste omandamiseks ja silmaringi avardamiseks. Teemad: kodulugu ja loodus\u00f5petus, matemaatika, emakeel, muusika.<br \/>\nKodu, kool, t\u00e4nav, elu maal ja linnas, t\u00e4htp\u00e4evad, loodus valmistub talveks. \u00dcmbritseva maailma tundma\u00f5ppimine, inimese meeled. Kehad ja nende omadused. Kujundid, punkt, sirge, k\u00f5verjoon, sirgl\u00f5ik, esemete tunnused, hulgad, loendamine. Numbrite kirjutamine, arvude v\u00f5rdlemine, liitmine ja lahutamine 10 piires.<br \/>\nKellaajad. Emakeele teemad. Suur- ja v\u00e4iket\u00e4hed. T\u00e4ht ja h\u00e4\u00e4lik. Lause. Muusika\u00f5petuse teemad.<br \/>\nM\u00fc\u00fcgis on ainult raamat ilma lisanditeta.<br \/>\nRaamatu seisukord: v\u00e4hekasutatud, kaaned on veidi kulunud.<\/p>\n","protected":false},"excerpt":{"rendered":"<p>Raamat esmaste teadmiste omandamiseks ja silmaringi avardamiseks. Teemad: kodulugu ja loodus\u00f5petus, matemaatika, emakeel, muusika. Kodu, kool, t\u00e4nav, elu maal ja linnas, t\u00e4htp\u00e4evad, loodus valmistub talveks. \u00dcmbritseva maailma tundma\u00f5ppimine, inimese meeled. Kehad ja nende omadused. Kujundid, punkt, sirge, k\u00f5verjoon, sirgl\u00f5ik, esemete&#8230;<\/p>\n","protected":false},"featured_media":157039,"template":"","meta":{"_acf_changed":false,"inline_featured_image":false},"product_brand":[],"product_cat":[2390],"product_tag":[],"series":[],"publisher":[{"id":716,"name":"Koolibri","slug":"koolibri"}],"class_list":{"0":"post-157103","1":"product","2":"type-product","3":"status-publish","4":"has-post-thumbnail","6":"product_cat-tk-eesti","7":"publisher-koolibri","9":"first","10":"instock","11":"taxable","12":"shipping-taxable","13":"purchasable","14":"product-type-simple"},"acf":[],"_links":{"self":[{"href":"https:\/\/exlibris.ee\/en\/wp-json\/wp\/v2\/product\/157103","targetHints":{"allow":["GET"]}}],"collection":[{"href":"https:\/\/exlibris.ee\/en\/wp-json\/wp\/v2\/product"}],"about":[{"href":"https:\/\/exlibris.ee\/en\/wp-json\/wp\/v2\/types\/product"}],"wp:featuredmedia":[{"embeddable":true,"href":"https:\/\/exlibris.ee\/en\/wp-json\/wp\/v2\/media\/157039"}],"wp:attachment":[{"href":"https:\/\/exlibris.ee\/en\/wp-json\/wp\/v2\/media?parent=157103"}],"wp:term":[{"taxonomy":"product_brand","embeddable":true,"href":"https:\/\/exlibris.ee\/en\/wp-json\/wp\/v2\/product_brand?post=157103"},{"taxonomy":"product_cat","embeddable":true,"href":"https:\/\/exlibris.ee\/en\/wp-json\/wp\/v2\/product_cat?post=157103"},{"taxonomy":"product_tag","embeddable":true,"href":"https:\/\/exlibris.ee\/en\/wp-json\/wp\/v2\/product_tag?post=157103"},{"taxonomy":"series","embeddable":true,"href":"https:\/\/exlibris.ee\/en\/wp-json\/wp\/v2\/series?post=157103"},{"taxonomy":"publisher","embeddable":true,"href":"https:\/\/exlibris.ee\/en\/wp-json\/wp\/v2\/publisher?post=157103"}],"curies":[{"name":"wp","href":"https:\/\/api.w.org\/{rel}","templated":true}]}}