{"id":157106,"date":"2025-10-02T13:33:19","date_gmt":"2025-10-02T10:33:19","guid":{"rendered":"https:\/\/exlibris.ee\/toode\/eesti-opilaste-uleloomulikud-kogemused-2\/"},"modified":"2026-04-17T19:53:16","modified_gmt":"2026-04-17T16:53:16","slug":"eesti-opilaste-uleloomulikud-kogemused-2","status":"publish","type":"product","link":"https:\/\/exlibris.ee\/en\/product\/eesti-opilaste-uleloomulikud-kogemused-2\/","title":{"rendered":"Eesti \u00f5pilaste \u00fcleloomulikud kogemused"},"content":{"rendered":"<p>Raamat sisaldab \u00f5pilaste omak\u00e4elisi uskumus- ja kogemuskirjeldusi, mis on seotud \u00fcleloomuliku maailmaga \u2013 sellega seotud olenditega, hirmude ja kaitseviisidega.<\/p>\n","protected":false},"excerpt":{"rendered":"<p>Raamat sisaldab \u00f5pilaste omak\u00e4elisi uskumus- ja kogemuskirjeldusi, mis on seotud \u00fcleloomuliku maailmaga \u2013 sellega seotud olenditega, hirmude ja kaitseviisidega.<\/p>\n","protected":false},"featured_media":157051,"template":"","meta":{"_acf_changed":false,"inline_featured_image":false},"product_brand":[],"product_cat":[867],"product_tag":[],"series":[],"publisher":[{"id":1761,"name":"Eesti Kirjandusmuuseum","slug":"eesti-kirjandusmuuseum"}],"class_list":{"0":"post-157106","1":"product","2":"type-product","3":"status-publish","4":"has-post-thumbnail","6":"product_cat-lasteraamatud","7":"publisher-eesti-kirjandusmuuseum","9":"first","10":"instock","11":"taxable","12":"shipping-taxable","13":"purchasable","14":"product-type-simple"},"acf":[],"_links":{"self":[{"href":"https:\/\/exlibris.ee\/en\/wp-json\/wp\/v2\/product\/157106","targetHints":{"allow":["GET"]}}],"collection":[{"href":"https:\/\/exlibris.ee\/en\/wp-json\/wp\/v2\/product"}],"about":[{"href":"https:\/\/exlibris.ee\/en\/wp-json\/wp\/v2\/types\/product"}],"wp:featuredmedia":[{"embeddable":true,"href":"https:\/\/exlibris.ee\/en\/wp-json\/wp\/v2\/media\/157051"}],"wp:attachment":[{"href":"https:\/\/exlibris.ee\/en\/wp-json\/wp\/v2\/media?parent=157106"}],"wp:term":[{"taxonomy":"product_brand","embeddable":true,"href":"https:\/\/exlibris.ee\/en\/wp-json\/wp\/v2\/product_brand?post=157106"},{"taxonomy":"product_cat","embeddable":true,"href":"https:\/\/exlibris.ee\/en\/wp-json\/wp\/v2\/product_cat?post=157106"},{"taxonomy":"product_tag","embeddable":true,"href":"https:\/\/exlibris.ee\/en\/wp-json\/wp\/v2\/product_tag?post=157106"},{"taxonomy":"series","embeddable":true,"href":"https:\/\/exlibris.ee\/en\/wp-json\/wp\/v2\/series?post=157106"},{"taxonomy":"publisher","embeddable":true,"href":"https:\/\/exlibris.ee\/en\/wp-json\/wp\/v2\/publisher?post=157106"}],"curies":[{"name":"wp","href":"https:\/\/api.w.org\/{rel}","templated":true}]}}