{"id":157107,"date":"2025-10-02T13:33:19","date_gmt":"2025-10-02T10:33:19","guid":{"rendered":"https:\/\/exlibris.ee\/toode\/eesti-opilaste-lemmikloomalood\/"},"modified":"2026-04-17T19:53:16","modified_gmt":"2026-04-17T16:53:16","slug":"eesti-opilaste-lemmikloomalood","status":"publish","type":"product","link":"https:\/\/exlibris.ee\/en\/product\/eesti-opilaste-lemmikloomalood\/","title":{"rendered":"Eesti \u00f5pilaste lemmikloomalood"},"content":{"rendered":"<p>Inimesed ja koduloomad on pikalt elanud \u00fcksteise l\u00e4heduses, ja ka t\u00e4nap\u00e4eva \u00f5pilaste kodudes leidub nii traditsioonilisi kui eksootilisemaid koduloomi, kellega juhtub alatasa huvitavaid, liigutavaid, naljakaid ja vahel ka ootamatuid seiku. Just selliseid lugusid ehedast \u00f5pilasp\u00e4rimusest pakubki k\u00e4esolev raamat \u2013 jutte lemmikute nimesaamisest, eksitustest looma sooga, seiklustest lemmiku peresse j\u00f5udmisega, kadumiste ja taasleidmistega, kirjeldusi nende korda saadetud rumalatest vempudest, aga ka \u00fcllatavalt leidlikust ja nutikast tegutsemisest.<\/p>\n","protected":false},"excerpt":{"rendered":"<p>Inimesed ja koduloomad on pikalt elanud \u00fcksteise l\u00e4heduses, ja ka t\u00e4nap\u00e4eva \u00f5pilaste kodudes leidub nii traditsioonilisi kui eksootilisemaid koduloomi, kellega juhtub alatasa huvitavaid, liigutavaid, naljakaid ja vahel ka ootamatuid seiku. Just selliseid lugusid ehedast \u00f5pilasp\u00e4rimusest pakubki k\u00e4esolev raamat \u2013 jutte&#8230;<\/p>\n","protected":false},"featured_media":157054,"template":"","meta":{"_acf_changed":false,"inline_featured_image":false},"product_brand":[],"product_cat":[2349],"product_tag":[],"series":[],"publisher":[{"id":1761,"name":"Eesti Kirjandusmuuseum","slug":"eesti-kirjandusmuuseum"}],"class_list":{"0":"post-157107","1":"product","2":"type-product","3":"status-publish","4":"has-post-thumbnail","6":"product_cat-tr-eesti","7":"publisher-eesti-kirjandusmuuseum","9":"first","10":"instock","11":"taxable","12":"shipping-taxable","13":"purchasable","14":"product-type-simple"},"acf":[],"_links":{"self":[{"href":"https:\/\/exlibris.ee\/en\/wp-json\/wp\/v2\/product\/157107","targetHints":{"allow":["GET"]}}],"collection":[{"href":"https:\/\/exlibris.ee\/en\/wp-json\/wp\/v2\/product"}],"about":[{"href":"https:\/\/exlibris.ee\/en\/wp-json\/wp\/v2\/types\/product"}],"wp:featuredmedia":[{"embeddable":true,"href":"https:\/\/exlibris.ee\/en\/wp-json\/wp\/v2\/media\/157054"}],"wp:attachment":[{"href":"https:\/\/exlibris.ee\/en\/wp-json\/wp\/v2\/media?parent=157107"}],"wp:term":[{"taxonomy":"product_brand","embeddable":true,"href":"https:\/\/exlibris.ee\/en\/wp-json\/wp\/v2\/product_brand?post=157107"},{"taxonomy":"product_cat","embeddable":true,"href":"https:\/\/exlibris.ee\/en\/wp-json\/wp\/v2\/product_cat?post=157107"},{"taxonomy":"product_tag","embeddable":true,"href":"https:\/\/exlibris.ee\/en\/wp-json\/wp\/v2\/product_tag?post=157107"},{"taxonomy":"series","embeddable":true,"href":"https:\/\/exlibris.ee\/en\/wp-json\/wp\/v2\/series?post=157107"},{"taxonomy":"publisher","embeddable":true,"href":"https:\/\/exlibris.ee\/en\/wp-json\/wp\/v2\/publisher?post=157107"}],"curies":[{"name":"wp","href":"https:\/\/api.w.org\/{rel}","templated":true}]}}