{"id":157115,"date":"2025-10-02T13:35:47","date_gmt":"2025-10-02T10:35:47","guid":{"rendered":"https:\/\/exlibris.ee\/toode\/janese-mangutoos\/"},"modified":"2026-04-17T19:53:17","modified_gmt":"2026-04-17T16:53:17","slug":"janese-mangutoos","status":"publish","type":"product","link":"https:\/\/exlibris.ee\/en\/product\/janese-mangutoos\/","title":{"rendered":"J\u00e4nese m\u00e4ngutoos"},"content":{"rendered":"<p>L\u00fchilood nooremale koolieale.<\/p>\n","protected":false},"excerpt":{"rendered":"<p>L\u00fchilood nooremale koolieale.<\/p>\n","protected":false},"featured_media":157069,"template":"","meta":{"_acf_changed":false,"inline_featured_image":false},"product_brand":[],"product_cat":[2349],"product_tag":[],"series":[],"publisher":[],"class_list":{"0":"post-157115","1":"product","2":"type-product","3":"status-publish","4":"has-post-thumbnail","6":"product_cat-tr-eesti","8":"first","9":"instock","10":"taxable","11":"shipping-taxable","12":"purchasable","13":"product-type-simple"},"acf":[],"_links":{"self":[{"href":"https:\/\/exlibris.ee\/en\/wp-json\/wp\/v2\/product\/157115","targetHints":{"allow":["GET"]}}],"collection":[{"href":"https:\/\/exlibris.ee\/en\/wp-json\/wp\/v2\/product"}],"about":[{"href":"https:\/\/exlibris.ee\/en\/wp-json\/wp\/v2\/types\/product"}],"wp:featuredmedia":[{"embeddable":true,"href":"https:\/\/exlibris.ee\/en\/wp-json\/wp\/v2\/media\/157069"}],"wp:attachment":[{"href":"https:\/\/exlibris.ee\/en\/wp-json\/wp\/v2\/media?parent=157115"}],"wp:term":[{"taxonomy":"product_brand","embeddable":true,"href":"https:\/\/exlibris.ee\/en\/wp-json\/wp\/v2\/product_brand?post=157115"},{"taxonomy":"product_cat","embeddable":true,"href":"https:\/\/exlibris.ee\/en\/wp-json\/wp\/v2\/product_cat?post=157115"},{"taxonomy":"product_tag","embeddable":true,"href":"https:\/\/exlibris.ee\/en\/wp-json\/wp\/v2\/product_tag?post=157115"},{"taxonomy":"series","embeddable":true,"href":"https:\/\/exlibris.ee\/en\/wp-json\/wp\/v2\/series?post=157115"},{"taxonomy":"publisher","embeddable":true,"href":"https:\/\/exlibris.ee\/en\/wp-json\/wp\/v2\/publisher?post=157115"}],"curies":[{"name":"wp","href":"https:\/\/api.w.org\/{rel}","templated":true}]}}