{"id":157116,"date":"2025-10-02T13:35:47","date_gmt":"2025-10-02T10:35:47","guid":{"rendered":"https:\/\/exlibris.ee\/toode\/eesti-vene-sonaraamat-%d1%8d%d1%81%d1%82%d0%be%d0%bd%d1%81%d0%ba%d0%be-%d1%80%d1%83%d1%81%d1%81%d0%ba%d0%b8%d0%b9-%d1%81%d0%bb%d0%be%d0%b2%d0%b0%d1%80%d1%8c\/"},"modified":"2026-04-04T07:16:18","modified_gmt":"2026-04-04T04:16:18","slug":"eesti-vene-sonaraamat-%d1%8d%d1%81%d1%82%d0%be%d0%bd%d1%81%d0%ba%d0%be-%d1%80%d1%83%d1%81%d1%81%d0%ba%d0%b8%d0%b9-%d1%81%d0%bb%d0%be%d0%b2%d0%b0%d1%80%d1%8c","status":"publish","type":"product","link":"https:\/\/exlibris.ee\/en\/product\/eesti-vene-sonaraamat-%d1%8d%d1%81%d1%82%d0%be%d0%bd%d1%81%d0%ba%d0%be-%d1%80%d1%83%d1%81%d1%81%d0%ba%d0%b8%d0%b9-%d1%81%d0%bb%d0%be%d0%b2%d0%b0%d1%80%d1%8c\/","title":{"rendered":"Eesti-vene s\u00f5naraamat\/ \u042d\u0441\u0442\u043e\u043d\u0441\u043a\u043e-\u0440\u0443\u0441\u0441\u043a\u0438\u0439 \u0441\u043b\u043e\u0432\u0430\u0440\u044c"},"content":{"rendered":"<p>&#8211; 47 000 s\u00f5na ja v\u00e4ljendit- t\u00e4nap\u00e4evane \u00fcldkeele s\u00f5naraamat- rohkesti v\u00e4ljendeid ja s\u00fcnon\u00fc\u00fcme- palju k\u00f5nekeelset materjali- esitab eesti m\u00e4rks\u00f5nade vormid- n\u00e4itab eesti m\u00e4rks\u00f5nade kasutusinfot- annab vene vastete k\u00e4\u00e4nde- ja p\u00f6\u00f6rdel\u00f5pud, rektsiooni- selgitab vene vastete stiilivarjundeid- sobib nii eesti- kui ka venekeelsele kasutajale igap\u00e4evaseks kasutamiseks.<\/p>\n","protected":false},"excerpt":{"rendered":"<p>&#8211; 47 000 s\u00f5na ja v\u00e4ljendit- t\u00e4nap\u00e4evane \u00fcldkeele s\u00f5naraamat- rohkesti v\u00e4ljendeid ja s\u00fcnon\u00fc\u00fcme- palju k\u00f5nekeelset materjali- esitab eesti m\u00e4rks\u00f5nade vormid- n\u00e4itab eesti m\u00e4rks\u00f5nade kasutusinfot- annab vene vastete k\u00e4\u00e4nde- ja p\u00f6\u00f6rdel\u00f5pud, rektsiooni- selgitab vene vastete stiilivarjundeid- sobib nii eesti- kui ka&#8230;<\/p>\n","protected":false},"featured_media":157072,"template":"","meta":{"_acf_changed":false,"inline_featured_image":false},"product_brand":[],"product_cat":[2390],"product_tag":[],"series":[],"publisher":[{"id":692,"name":"TEA","slug":"tea"}],"class_list":{"0":"post-157116","1":"product","2":"type-product","3":"status-publish","4":"has-post-thumbnail","6":"product_cat-tk-eesti","7":"publisher-tea","9":"first","10":"instock","11":"taxable","12":"shipping-taxable","13":"purchasable","14":"product-type-simple"},"acf":[],"_links":{"self":[{"href":"https:\/\/exlibris.ee\/en\/wp-json\/wp\/v2\/product\/157116","targetHints":{"allow":["GET"]}}],"collection":[{"href":"https:\/\/exlibris.ee\/en\/wp-json\/wp\/v2\/product"}],"about":[{"href":"https:\/\/exlibris.ee\/en\/wp-json\/wp\/v2\/types\/product"}],"wp:featuredmedia":[{"embeddable":true,"href":"https:\/\/exlibris.ee\/en\/wp-json\/wp\/v2\/media\/157072"}],"wp:attachment":[{"href":"https:\/\/exlibris.ee\/en\/wp-json\/wp\/v2\/media?parent=157116"}],"wp:term":[{"taxonomy":"product_brand","embeddable":true,"href":"https:\/\/exlibris.ee\/en\/wp-json\/wp\/v2\/product_brand?post=157116"},{"taxonomy":"product_cat","embeddable":true,"href":"https:\/\/exlibris.ee\/en\/wp-json\/wp\/v2\/product_cat?post=157116"},{"taxonomy":"product_tag","embeddable":true,"href":"https:\/\/exlibris.ee\/en\/wp-json\/wp\/v2\/product_tag?post=157116"},{"taxonomy":"series","embeddable":true,"href":"https:\/\/exlibris.ee\/en\/wp-json\/wp\/v2\/series?post=157116"},{"taxonomy":"publisher","embeddable":true,"href":"https:\/\/exlibris.ee\/en\/wp-json\/wp\/v2\/publisher?post=157116"}],"curies":[{"name":"wp","href":"https:\/\/api.w.org\/{rel}","templated":true}]}}