{"id":157117,"date":"2025-10-02T13:35:47","date_gmt":"2025-10-02T10:35:47","guid":{"rendered":"https:\/\/exlibris.ee\/toode\/eesti-kirjakeel-gumnaasiumi-oigekeelsusopik\/"},"modified":"2026-04-13T09:33:18","modified_gmt":"2026-04-13T06:33:18","slug":"eesti-kirjakeel-gumnaasiumi-oigekeelsusopik","status":"publish","type":"product","link":"https:\/\/exlibris.ee\/en\/product\/eesti-kirjakeel-gumnaasiumi-oigekeelsusopik\/","title":{"rendered":"Eesti kirjakeel. G\u00fcmnaasiumi \u00f5igekeelsus\u00f5pik"},"content":{"rendered":"<p>Igal inimesel on oma kodukeel, mida ta k\u00f5neleb l\u00e4hedaste ja s\u00f5pradega. Peale selle on veel olemas kirjakeel \u0096 hariduse, kultuuri, poliitika ja \u00e4ri keel, nii-\u00f6elda \u00ablinnakeel\u00bb, mida me kasutame avalikus elus. M\u00f5lemad on olulised ja \u00fcks ei saa asendada teist. Selles raamatus on esitatud k\u00f5ik t\u00e4htsamad kirjakeele reeglid ning p\u00f5gus \u00fclevaade eesti kirjakeele kujunemisloost. Kaanel on vaade V\u00f5ru linnale ajal, kui seal elas ja t\u00f6\u00f6tas Fr. R. Kreutzwald, \u00fcks meie kirjakeelt enim arendanud mehi.<\/p>\n","protected":false},"excerpt":{"rendered":"<p>Igal inimesel on oma kodukeel, mida ta k\u00f5neleb l\u00e4hedaste ja s\u00f5pradega. Peale selle on veel olemas kirjakeel \u0096 hariduse, kultuuri, poliitika ja \u00e4ri keel, nii-\u00f6elda \u00ablinnakeel\u00bb, mida me kasutame avalikus elus. M\u00f5lemad on olulised ja \u00fcks ei saa asendada teist&#8230;.<\/p>\n","protected":false},"featured_media":157075,"template":"","meta":{"_acf_changed":false,"inline_featured_image":false},"product_brand":[],"product_cat":[2394],"product_tag":[],"series":[],"publisher":[],"class_list":{"0":"post-157117","1":"product","2":"type-product","3":"status-publish","4":"has-post-thumbnail","6":"product_cat-lk-eesti","8":"first","9":"instock","10":"taxable","11":"shipping-taxable","12":"purchasable","13":"product-type-simple"},"acf":[],"_links":{"self":[{"href":"https:\/\/exlibris.ee\/en\/wp-json\/wp\/v2\/product\/157117","targetHints":{"allow":["GET"]}}],"collection":[{"href":"https:\/\/exlibris.ee\/en\/wp-json\/wp\/v2\/product"}],"about":[{"href":"https:\/\/exlibris.ee\/en\/wp-json\/wp\/v2\/types\/product"}],"wp:featuredmedia":[{"embeddable":true,"href":"https:\/\/exlibris.ee\/en\/wp-json\/wp\/v2\/media\/157075"}],"wp:attachment":[{"href":"https:\/\/exlibris.ee\/en\/wp-json\/wp\/v2\/media?parent=157117"}],"wp:term":[{"taxonomy":"product_brand","embeddable":true,"href":"https:\/\/exlibris.ee\/en\/wp-json\/wp\/v2\/product_brand?post=157117"},{"taxonomy":"product_cat","embeddable":true,"href":"https:\/\/exlibris.ee\/en\/wp-json\/wp\/v2\/product_cat?post=157117"},{"taxonomy":"product_tag","embeddable":true,"href":"https:\/\/exlibris.ee\/en\/wp-json\/wp\/v2\/product_tag?post=157117"},{"taxonomy":"series","embeddable":true,"href":"https:\/\/exlibris.ee\/en\/wp-json\/wp\/v2\/series?post=157117"},{"taxonomy":"publisher","embeddable":true,"href":"https:\/\/exlibris.ee\/en\/wp-json\/wp\/v2\/publisher?post=157117"}],"curies":[{"name":"wp","href":"https:\/\/api.w.org\/{rel}","templated":true}]}}