{"id":157132,"date":"2025-10-03T03:40:20","date_gmt":"2025-10-03T00:40:20","guid":{"rendered":"https:\/\/exlibris.ee\/toode\/eesti-keele-suhtluslavi\/"},"modified":"2026-04-17T19:38:06","modified_gmt":"2026-04-17T16:38:06","slug":"eesti-keele-suhtluslavi","status":"publish","type":"product","link":"https:\/\/exlibris.ee\/en\/product\/eesti-keele-suhtluslavi\/","title":{"rendered":"Eesti keele suhtlusl\u00e4vi"},"content":{"rendered":"<p>\u00abEesti keele suhtlusl\u00e4vi\u00bb on \u00fcks Euroopa uuemaid keelefunktsioonide kirjeldusi, mis p\u00f5hineb 1974. aastal Euroopa N\u00f5ukogus dr. J. A. van Ek\u00b4i ja ekspertr\u00fchma eelneva t\u00f6\u00f6 tulemusel v\u00e4lja antud Threshold Level\u00b4il. Threshold Level koostati v\u00f5imaldamaks luua Euroopa t\u00e4iskasvanute \u00fchtne keele\u00f5petuse s\u00fcsteem. Euroopa 21 keele kohta juba avaldatud ja veel t\u00f6\u00f6s olevad versioonid on aluseks \u00f5ppekavade, \u00f5ppe- ja eksamimaterjalide koostamisel paljudes maades.<\/p>\n<p>K\u00e4esolevas t\u00f6\u00f6s on eesti keele suhtlusl\u00e4ve kirjeldus esitatud kolmel \u00fcldistustasandil: \u00fcldiseloomustus, laiendatud iseloomustus, m\u00e4\u00e4ratlus.<\/p>\n","protected":false},"excerpt":{"rendered":"<p>\u00abEesti keele suhtlusl\u00e4vi\u00bb on \u00fcks Euroopa uuemaid keelefunktsioonide kirjeldusi, mis p\u00f5hineb 1974. aastal Euroopa N\u00f5ukogus dr. J. A. van Ek\u00b4i ja ekspertr\u00fchma eelneva t\u00f6\u00f6 tulemusel v\u00e4lja antud Threshold Level\u00b4il. Threshold Level koostati v\u00f5imaldamaks luua Euroopa t\u00e4iskasvanute \u00fchtne keele\u00f5petuse s\u00fcsteem. Euroopa&#8230;<\/p>\n","protected":false},"featured_media":157174,"template":"","meta":{"_acf_changed":false,"inline_featured_image":false},"product_brand":[],"product_cat":[2390],"product_tag":[],"series":[],"publisher":[],"class_list":{"0":"post-157132","1":"product","2":"type-product","3":"status-publish","4":"has-post-thumbnail","6":"product_cat-tk-eesti","8":"first","9":"instock","10":"taxable","11":"shipping-taxable","12":"purchasable","13":"product-type-simple"},"acf":[],"_links":{"self":[{"href":"https:\/\/exlibris.ee\/en\/wp-json\/wp\/v2\/product\/157132","targetHints":{"allow":["GET"]}}],"collection":[{"href":"https:\/\/exlibris.ee\/en\/wp-json\/wp\/v2\/product"}],"about":[{"href":"https:\/\/exlibris.ee\/en\/wp-json\/wp\/v2\/types\/product"}],"wp:featuredmedia":[{"embeddable":true,"href":"https:\/\/exlibris.ee\/en\/wp-json\/wp\/v2\/media\/157174"}],"wp:attachment":[{"href":"https:\/\/exlibris.ee\/en\/wp-json\/wp\/v2\/media?parent=157132"}],"wp:term":[{"taxonomy":"product_brand","embeddable":true,"href":"https:\/\/exlibris.ee\/en\/wp-json\/wp\/v2\/product_brand?post=157132"},{"taxonomy":"product_cat","embeddable":true,"href":"https:\/\/exlibris.ee\/en\/wp-json\/wp\/v2\/product_cat?post=157132"},{"taxonomy":"product_tag","embeddable":true,"href":"https:\/\/exlibris.ee\/en\/wp-json\/wp\/v2\/product_tag?post=157132"},{"taxonomy":"series","embeddable":true,"href":"https:\/\/exlibris.ee\/en\/wp-json\/wp\/v2\/series?post=157132"},{"taxonomy":"publisher","embeddable":true,"href":"https:\/\/exlibris.ee\/en\/wp-json\/wp\/v2\/publisher?post=157132"}],"curies":[{"name":"wp","href":"https:\/\/api.w.org\/{rel}","templated":true}]}}