{"id":157137,"date":"2025-10-03T05:16:29","date_gmt":"2025-10-03T02:16:29","guid":{"rendered":"https:\/\/exlibris.ee\/toode\/meie-lapse-kaitumisraamat\/"},"modified":"2026-04-17T19:53:10","modified_gmt":"2026-04-17T16:53:10","slug":"meie-lapse-kaitumisraamat","status":"publish","type":"product","link":"https:\/\/exlibris.ee\/en\/product\/meie-lapse-kaitumisraamat\/","title":{"rendered":"Meie lapse k\u00e4itumisraamat"},"content":{"rendered":"<p>Selles raamatus r\u00e4\u00e4gitakse k\u00e4itumisest. Kindlasti kaugeltki mitte k\u00f5igist v\u00f5imalikest k\u00fcsimustest, selleks on elu liialt mitmepalgeline. Ennek\u00f5ike juhib meid erinevates olukordades meie s\u00fcda ja m\u00f5istus. Me k\u00f5ik soovime oma lastele head. Soovime, et meie lapsed elule jalgu ei j\u00e4\u00e4ks. Et neist kasvaksid ausad, endast ja teistest lugupidavad inimesed.<\/p>\n<p>K\u00e4itumine on v\u00f5ime toime tulla igas olukorras. Toime tulla nii, et me kellelegi teisele valu ei teeks. See pole sugugi kerge \u00fclesanne, kuid ometi teostatav. Muutus algab meist endist. Meie eeskujust lapsele. Aegade k\u00e4igus on \u00fchiskonnas v\u00e4lja kujunenud p\u00f5him\u00f5tted, mis v\u00e4\u00e4rivad j\u00e4rgimist. Need on j\u00e4rgmised:<br \/>\nK\u00e4itu alati nii, nagu sa soovid, et sinuga k\u00e4itutaks.<br \/>\nOska seada end teise olukorda.<br \/>\n\u00d5pi n\u00e4gema asju teise inimese seisukohalt.<br \/>\nAusta k\u00f5ike elavat enda \u00fcmber.<br \/>\n\u00c4ra tee kurja.<\/p>\n","protected":false},"excerpt":{"rendered":"<p>Selles raamatus r\u00e4\u00e4gitakse k\u00e4itumisest. Kindlasti kaugeltki mitte k\u00f5igist v\u00f5imalikest k\u00fcsimustest, selleks on elu liialt mitmepalgeline. Ennek\u00f5ike juhib meid erinevates olukordades meie s\u00fcda ja m\u00f5istus. Me k\u00f5ik soovime oma lastele head. Soovime, et meie lapsed elule jalgu ei j\u00e4\u00e4ks. Et neist&#8230;<\/p>\n","protected":false},"featured_media":157183,"template":"","meta":{"_acf_changed":false,"inline_featured_image":false},"product_brand":[],"product_cat":[2349],"product_tag":[],"series":[],"publisher":[{"id":716,"name":"Koolibri","slug":"koolibri"}],"class_list":{"0":"post-157137","1":"product","2":"type-product","3":"status-publish","4":"has-post-thumbnail","6":"product_cat-tr-eesti","7":"publisher-koolibri","9":"first","10":"instock","11":"taxable","12":"shipping-taxable","13":"purchasable","14":"product-type-simple"},"acf":[],"_links":{"self":[{"href":"https:\/\/exlibris.ee\/en\/wp-json\/wp\/v2\/product\/157137","targetHints":{"allow":["GET"]}}],"collection":[{"href":"https:\/\/exlibris.ee\/en\/wp-json\/wp\/v2\/product"}],"about":[{"href":"https:\/\/exlibris.ee\/en\/wp-json\/wp\/v2\/types\/product"}],"wp:featuredmedia":[{"embeddable":true,"href":"https:\/\/exlibris.ee\/en\/wp-json\/wp\/v2\/media\/157183"}],"wp:attachment":[{"href":"https:\/\/exlibris.ee\/en\/wp-json\/wp\/v2\/media?parent=157137"}],"wp:term":[{"taxonomy":"product_brand","embeddable":true,"href":"https:\/\/exlibris.ee\/en\/wp-json\/wp\/v2\/product_brand?post=157137"},{"taxonomy":"product_cat","embeddable":true,"href":"https:\/\/exlibris.ee\/en\/wp-json\/wp\/v2\/product_cat?post=157137"},{"taxonomy":"product_tag","embeddable":true,"href":"https:\/\/exlibris.ee\/en\/wp-json\/wp\/v2\/product_tag?post=157137"},{"taxonomy":"series","embeddable":true,"href":"https:\/\/exlibris.ee\/en\/wp-json\/wp\/v2\/series?post=157137"},{"taxonomy":"publisher","embeddable":true,"href":"https:\/\/exlibris.ee\/en\/wp-json\/wp\/v2\/publisher?post=157137"}],"curies":[{"name":"wp","href":"https:\/\/api.w.org\/{rel}","templated":true}]}}