{"id":157517,"date":"2025-10-22T13:28:43","date_gmt":"2025-10-22T10:28:43","guid":{"rendered":"https:\/\/exlibris.ee\/toode\/armastan-eesti-keelt-eesti-keele-kui-teise-keele-opik-2-opinguaasta-1-osa\/"},"modified":"2026-04-04T07:14:04","modified_gmt":"2026-04-04T04:14:04","slug":"armastan-eesti-keelt-eesti-keele-kui-teise-keele-opik-2-opinguaasta-1-osa","status":"publish","type":"product","link":"https:\/\/exlibris.ee\/en\/product\/armastan-eesti-keelt-eesti-keele-kui-teise-keele-opik-2-opinguaasta-1-osa\/","title":{"rendered":"Armastan eesti keelt. Eesti keele kui teise keele \u00f5pik. 2. \u00f5pinguaasta 1. osa"},"content":{"rendered":"<p>\u00d5ppekomplekti \u201eArmastan eesti keelt kuuluvad\u201c:<br \/>\n\u00f5pik (2 osa), t\u00f6\u00f6vihik (2 osa), \u00f5petajaraamat lisamaterjalidega (pildid, t\u00f6\u00f6lehed, tunnikontrollid, poolaastat\u00f6\u00f6d); esitlusmaterjalid (pildid); helisalvestised, digiharjutused; materjal \u00f5petajale printimiseks (s\u00f5navara, tekstid, tunnikontrollid, poolaastat\u00f6\u00f6d); abimaterjal \u00f5pilasele (s\u00f5navara ja tekstid emakeeles \u00f5pikus QR-koodi kaudu ja kodulehel) ning seinale riputatav t\u00e4htp\u00e4evadega seotud n\u00e4itlik materjal (eraldi tellimisel).<\/p>\n<p>\u00d5piku 1. osas on 20 teemat; pidup\u00e4evad, t\u00e4htp\u00e4evad ja traditsioonid: S\u00dcNNIP\u00c4EV; SEPTEMBER: teadmiste p\u00e4ev, vanavanemate p\u00e4ev; OKTOOBER: \u00f5petajate p\u00e4ev; NOVEMBER: hingedep\u00e4ev, mardip\u00e4ev, isadep\u00e4ev, kadrip\u00e4ev; DETSEMBER: j\u00f5ululaup\u00e4ev, esimene j\u00f5ulup\u00fcha, teine j\u00f5ulup\u00fcha, vana-aasta\u00f5htu. 1. osas \u00f5pib laps r\u00e4\u00e4kima koolist ja oma igap\u00e4evastest tegemistest, toitudest, jookidest, raamatutest ning kommetest septembrist detstembrini.<\/p>\n","protected":false},"excerpt":{"rendered":"<p>\u00d5ppekomplekti \u201eArmastan eesti keelt kuuluvad\u201c: \u00f5pik (2 osa), t\u00f6\u00f6vihik (2 osa), \u00f5petajaraamat lisamaterjalidega (pildid, t\u00f6\u00f6lehed, tunnikontrollid, poolaastat\u00f6\u00f6d); esitlusmaterjalid (pildid); helisalvestised, digiharjutused; materjal \u00f5petajale printimiseks (s\u00f5navara, tekstid, tunnikontrollid, poolaastat\u00f6\u00f6d); abimaterjal \u00f5pilasele (s\u00f5navara ja tekstid emakeeles \u00f5pikus QR-koodi kaudu ja kodulehel) ning&#8230;<\/p>\n","protected":false},"featured_media":157505,"template":"","meta":{"_acf_changed":false,"inline_featured_image":false},"product_brand":[],"product_cat":[699],"product_tag":[],"series":[{"id":3197,"name":"Armastan eesti keelt","slug":"armastan-eesti-keelt"}],"publisher":[{"id":1084,"name":"Kirjastus Kirjatark","slug":"kirjastus-kirjatark"}],"class_list":{"0":"post-157517","1":"product","2":"type-product","3":"status-publish","4":"has-post-thumbnail","6":"product_cat-opikud-lastele-ja-noortele","7":"series-armastan-eesti-keelt","8":"publisher-kirjastus-kirjatark","10":"first","11":"instock","12":"taxable","13":"shipping-taxable","14":"purchasable","15":"product-type-simple"},"acf":[],"_links":{"self":[{"href":"https:\/\/exlibris.ee\/en\/wp-json\/wp\/v2\/product\/157517","targetHints":{"allow":["GET"]}}],"collection":[{"href":"https:\/\/exlibris.ee\/en\/wp-json\/wp\/v2\/product"}],"about":[{"href":"https:\/\/exlibris.ee\/en\/wp-json\/wp\/v2\/types\/product"}],"wp:featuredmedia":[{"embeddable":true,"href":"https:\/\/exlibris.ee\/en\/wp-json\/wp\/v2\/media\/157505"}],"wp:attachment":[{"href":"https:\/\/exlibris.ee\/en\/wp-json\/wp\/v2\/media?parent=157517"}],"wp:term":[{"taxonomy":"product_brand","embeddable":true,"href":"https:\/\/exlibris.ee\/en\/wp-json\/wp\/v2\/product_brand?post=157517"},{"taxonomy":"product_cat","embeddable":true,"href":"https:\/\/exlibris.ee\/en\/wp-json\/wp\/v2\/product_cat?post=157517"},{"taxonomy":"product_tag","embeddable":true,"href":"https:\/\/exlibris.ee\/en\/wp-json\/wp\/v2\/product_tag?post=157517"},{"taxonomy":"series","embeddable":true,"href":"https:\/\/exlibris.ee\/en\/wp-json\/wp\/v2\/series?post=157517"},{"taxonomy":"publisher","embeddable":true,"href":"https:\/\/exlibris.ee\/en\/wp-json\/wp\/v2\/publisher?post=157517"}],"curies":[{"name":"wp","href":"https:\/\/api.w.org\/{rel}","templated":true}]}}